{"id":16657,"date":"2017-09-04T09:43:52","date_gmt":"2017-09-04T08:43:52","guid":{"rendered":"http:\/\/switzerland.afssite.afs.org\/fr\/?page_id=16657"},"modified":"2019-02-12T15:42:39","modified_gmt":"2019-02-12T14:42:39","slug":"famille-fellmann-et-karla-de-la-republique-dominicaine","status":"publish","type":"page","link":"https:\/\/www.afs.ch\/fr\/famille-daccueil\/temoignages\/famille-fellmann-et-karla-de-la-republique-dominicaine\/","title":{"rendered":"Famille Fellmann et Karla de la R\u00e9publique Dominicaine"},"content":{"rendered":"<p>Notre fille partant en Chine pour 10 mois, nous avons nous aussi d\u00e9sir\u00e9 vivre une exp\u00e9rience d\u2019\u00e9change en accueillant un \u00e9tudiant.<\/p>\n<p>Nous nous retrouvons en famille devant diff\u00e9rents dossiers de candidature. Quel calvaire! Comment choisir une personne qui vivra avec nous pendant une ann\u00e9e en nous basant uniquement sur quelques phrases \u00e9crites dans un dossier? Inhumain!<br \/>\nNous nous mettons d\u2019accord pour Karla, de la R\u00e9publique Dominicaine, qui nous semble correspondre le mieux \u00e0 notre famille. Esp\u00e9rons que\u2026<\/p>\n<p><figure class=\"wp-image-wrap\"><img loading=\"lazy\" decoding=\"async\" class=\"alignnone size-full wp-image-16662\" src=\"https:\/\/d22dvihj4pfop3.cloudfront.net\/wp-content\/uploads\/sites\/71\/2017\/09\/04093743\/Fam_Fellmann_girls-e1504857487621.jpg\" alt=\"\" width=\"1280\" height=\"852\" \/><\/figure><\/p>\n<p>Nous sommes en route pour l\u2019a\u00e9roport. Avons-nous fait le bon choix? Accueillir une personne de 17 ans que nous ne connaissons pas dans notre famille, est-ce bien raisonnable?<br \/>\nDepuis quelques jours, une multitude de questions nous vient \u00e0 l\u2019esprit: allons-nous nous comprendre? Va-t-elle appr\u00e9cier sa chambre? Comment sera-t-elle avec ses nouveaux fr\u00e8res et s\u0153urs? Et si nous ne nous entendons pas?<br \/>\nMais il y a aussi: il faudra mieux \u00e9quilibrer nos repas, il faudra pr\u00e9voir davantage d\u2019occupations pour les temps libres, il faudra mieux faire le m\u00e9nage, il faudra, il faudra, il faudra\u2026 Mais dans quoi nous lan\u00e7ons-nous? Malgr\u00e9 les quelques contacts que nous avons eus avec elle avant sa venue, il nous reste tant d\u2019interrogations\u2026<\/p>\n<p><figure class=\"wp-image-wrap\"><img loading=\"lazy\" decoding=\"async\" class=\"alignnone size-full wp-image-16659\" src=\"https:\/\/d22dvihj4pfop3.cloudfront.net\/wp-content\/uploads\/sites\/71\/2017\/09\/04093428\/Fam_Fellmann_grill-e1504857433300.jpg\" alt=\"\" width=\"1600\" height=\"900\" \/><\/figure><\/p>\n<p>Karla passe la porte des arriv\u00e9es en poussant son chariot, elle nous rep\u00e8re rapidement et vient vers nous. Nous sentons que cela se passera bien, m\u00eame si le premier contact est un peu \u00abr\u00e9serv\u00e9\u00bb.<br \/>\nAu d\u00e9but, elle nous observe. Puis, petit \u00e0 petit, elle s\u2019int\u00e8gre \u00e0 nous de fa\u00e7on toute naturelle. Nous imaginons que les repas ne sont pas faciles; les discussions vont tellement vite!<br \/>\nDans sa vie pratique, elle doit \u00e9galement s\u2019adapter: elle d\u00e9couvre l\u2019aspirateur et les radiateurs et, tr\u00e8s rapidement, elle adopte le fromage et le chocolat!<\/p>\n<p>Karla sait ce qu\u2019elle veut: elle int\u00e8gre tout de suite nos transports publics pour pouvoir partir \u00e0 la d\u00e9couverte de notre pays (qu\u2019elle connait maintenant bien mieux que nous!). Pendant ses escapades, elle rejoint souvent d\u2019autres \u00e9tudiants en programme d\u2019\u00e9change. Par la suite, plusieurs d\u2019entre eux vont venir chez nous pour passer des week-ends. Sa famille d\u2019Europe profite \u00e9galement de venir lui rendre visite.<br \/>\nDe plus en plus souvent, nous nous retrouvons le soir devant un film. C\u2019est pendant ces instants que nous constatons ses progr\u00e8s en fran\u00e7ais.<br \/>\nPetit \u00e0 petit, elle se rapproche de nous, de son fr\u00e8re et de ses s\u0153urs (au point de partir camper quelques jours entre filles!). Apr\u00e8s ces onze mois de vie commune, nous ne serions pas oppos\u00e9s \u00e0 garder Karla avec nous.<\/p>\n<p><figure class=\"wp-image-wrap\"><img loading=\"lazy\" decoding=\"async\" class=\"alignnone size-full wp-image-16676\" src=\"https:\/\/d22dvihj4pfop3.cloudfront.net\/wp-content\/uploads\/sites\/71\/2017\/09\/04101102\/Fam_Fellmann_girls_2-e1504857547534.jpg\" alt=\"\" width=\"1600\" height=\"900\" \/><\/figure><\/p>\n<p>La s\u00e9paration est difficile&#8230;mais les contacts que nous avons \u00e9tablis avec sa famille en R\u00e9publique Dominicaine et les rapports chaleureux que nous avons avec elle tout au long de l\u2019ann\u00e9e nous confortent dans l\u2019id\u00e9e que l\u2019exp\u00e9rience ne se termine pas \u00e0 l\u2019a\u00e9roport!<\/p>\n","protected":false},"excerpt":{"rendered":"<p>Notre fille partant en Chine pour 10 mois, nous avons nous aussi d\u00e9sir\u00e9 vivre une exp\u00e9rience d\u2019\u00e9change en accueillant un&hellip;<\/p>\n","protected":false},"author":380,"featured_media":0,"parent":12235,"menu_order":2,"comment_status":"closed","ping_status":"closed","template":"","meta":{"footnotes":""},"class_list":["post-16657","page","type-page","status-publish","hentry"],"yoast_head":"<!-- This site is optimized with the Yoast SEO plugin v26.6 - https:\/\/yoast.com\/wordpress\/plugins\/seo\/ -->\n<title>Faire un \u00e9change scolaire et habite dans une famille d&#039;accueil<\/title>\n<meta name=\"description\" content=\"Nous sommes votre partenaire pour un \u00e9change scolaire. Dans votre \u00e9change scolaire vous habitez dans uns famille d&#039;accueil.\" \/>\n<meta name=\"robots\" content=\"index, follow, max-snippet:-1, max-image-preview:large, max-video-preview:-1\" \/>\n<link rel=\"canonical\" href=\"https:\/\/www.afs.ch\/fr\/famille-daccueil\/temoignages\/famille-fellmann-et-karla-de-la-republique-dominicaine\/\" \/>\n<meta property=\"og:locale\" content=\"fr_FR\" \/>\n<meta property=\"og:type\" content=\"article\" \/>\n<meta property=\"og:title\" content=\"Faire un \u00e9change scolaire et habite dans une famille d&#039;accueil\" \/>\n<meta property=\"og:description\" content=\"Nous sommes votre partenaire pour un \u00e9change scolaire. Dans votre \u00e9change scolaire vous habitez dans uns famille d&#039;accueil.\" \/>\n<meta property=\"og:url\" content=\"https:\/\/www.afs.ch\/fr\/famille-daccueil\/temoignages\/famille-fellmann-et-karla-de-la-republique-dominicaine\/\" \/>\n<meta property=\"og:site_name\" content=\"Intercultural Programs\" \/>\n<meta property=\"article:publisher\" content=\"https:\/\/www.facebook.com\/afsswitzerland\/\" \/>\n<meta property=\"article:modified_time\" content=\"2019-02-12T14:42:39+00:00\" \/>\n<meta property=\"og:image\" content=\"https:\/\/d22dvihj4pfop3.cloudfront.net\/wp-content\/uploads\/sites\/71\/2017\/09\/04093743\/Fam_Fellmann_girls-e1504857487621.jpg\" \/>\n<meta name=\"twitter:card\" content=\"summary_large_image\" \/>\n<meta name=\"twitter:site\" content=\"@afs_ch\" \/>\n<meta name=\"twitter:label1\" content=\"Est. reading time\" \/>\n\t<meta name=\"twitter:data1\" content=\"3 minutes\" \/>\n<script type=\"application\/ld+json\" class=\"yoast-schema-graph\">{\"@context\":\"https:\/\/schema.org\",\"@graph\":[{\"@type\":\"WebPage\",\"@id\":\"https:\/\/www.afs.ch\/fr\/famille-daccueil\/temoignages\/famille-fellmann-et-karla-de-la-republique-dominicaine\/\",\"url\":\"https:\/\/www.afs.ch\/fr\/famille-daccueil\/temoignages\/famille-fellmann-et-karla-de-la-republique-dominicaine\/\",\"name\":\"Faire un \u00e9change scolaire et habite dans une famille d'accueil\",\"isPartOf\":{\"@id\":\"https:\/\/www.afs.ch\/fr\/#website\"},\"primaryImageOfPage\":{\"@id\":\"https:\/\/www.afs.ch\/fr\/famille-daccueil\/temoignages\/famille-fellmann-et-karla-de-la-republique-dominicaine\/#primaryimage\"},\"image\":{\"@id\":\"https:\/\/www.afs.ch\/fr\/famille-daccueil\/temoignages\/famille-fellmann-et-karla-de-la-republique-dominicaine\/#primaryimage\"},\"thumbnailUrl\":\"https:\/\/d22dvihj4pfop3.cloudfront.net\/wp-content\/uploads\/sites\/71\/2017\/09\/04093743\/Fam_Fellmann_girls-e1504857487621.jpg\",\"datePublished\":\"2017-09-04T08:43:52+00:00\",\"dateModified\":\"2019-02-12T14:42:39+00:00\",\"description\":\"Nous sommes votre partenaire pour un \u00e9change scolaire. Dans votre \u00e9change scolaire vous habitez dans uns famille d'accueil.\",\"breadcrumb\":{\"@id\":\"https:\/\/www.afs.ch\/fr\/famille-daccueil\/temoignages\/famille-fellmann-et-karla-de-la-republique-dominicaine\/#breadcrumb\"},\"inLanguage\":\"fr-FR\",\"potentialAction\":[{\"@type\":\"ReadAction\",\"target\":[\"https:\/\/www.afs.ch\/fr\/famille-daccueil\/temoignages\/famille-fellmann-et-karla-de-la-republique-dominicaine\/\"]}]},{\"@type\":\"ImageObject\",\"inLanguage\":\"fr-FR\",\"@id\":\"https:\/\/www.afs.ch\/fr\/famille-daccueil\/temoignages\/famille-fellmann-et-karla-de-la-republique-dominicaine\/#primaryimage\",\"url\":\"https:\/\/d22dvihj4pfop3.cloudfront.net\/wp-content\/uploads\/sites\/71\/2017\/09\/04093743\/Fam_Fellmann_girls-e1504857487621.jpg\",\"contentUrl\":\"https:\/\/d22dvihj4pfop3.cloudfront.net\/wp-content\/uploads\/sites\/71\/2017\/09\/04093743\/Fam_Fellmann_girls-e1504857487621.jpg\"},{\"@type\":\"BreadcrumbList\",\"@id\":\"https:\/\/www.afs.ch\/fr\/famille-daccueil\/temoignages\/famille-fellmann-et-karla-de-la-republique-dominicaine\/#breadcrumb\",\"itemListElement\":[{\"@type\":\"ListItem\",\"position\":1,\"name\":\"Home\",\"item\":\"https:\/\/switzerland.afssite.afs.org\/fr\/\"},{\"@type\":\"ListItem\",\"position\":2,\"name\":\"Famille d&#8217;accueil AFS\",\"item\":\"https:\/\/switzerland.afssite.afs.org\/fr\/famille-daccueil\/\"},{\"@type\":\"ListItem\",\"position\":3,\"name\":\"T\u00e9moignages de nos familles d&rsquo;accueil et de nos h\u00f4tes AFS\",\"item\":\"https:\/\/switzerland.afssite.afs.org\/fr\/famille-daccueil\/temoignages\/\"},{\"@type\":\"ListItem\",\"position\":4,\"name\":\"Famille Fellmann et Karla de la R\u00e9publique Dominicaine\"}]},{\"@type\":\"WebSite\",\"@id\":\"https:\/\/www.afs.ch\/fr\/#website\",\"url\":\"https:\/\/www.afs.ch\/fr\/\",\"name\":\"Interkulturelle Programme\",\"description\":\"Switzerland\",\"potentialAction\":[{\"@type\":\"SearchAction\",\"target\":{\"@type\":\"EntryPoint\",\"urlTemplate\":\"https:\/\/www.afs.ch\/fr\/?s={search_term_string}\"},\"query-input\":{\"@type\":\"PropertyValueSpecification\",\"valueRequired\":true,\"valueName\":\"search_term_string\"}}],\"inLanguage\":\"fr-FR\"}]}<\/script>\n<!-- \/ Yoast SEO plugin. -->","yoast_head_json":{"title":"Faire un \u00e9change scolaire et habite dans une famille d'accueil","description":"Nous sommes votre partenaire pour un \u00e9change scolaire. Dans votre \u00e9change scolaire vous habitez dans uns famille d'accueil.","robots":{"index":"index","follow":"follow","max-snippet":"max-snippet:-1","max-image-preview":"max-image-preview:large","max-video-preview":"max-video-preview:-1"},"canonical":"https:\/\/www.afs.ch\/fr\/famille-daccueil\/temoignages\/famille-fellmann-et-karla-de-la-republique-dominicaine\/","og_locale":"fr_FR","og_type":"article","og_title":"Faire un \u00e9change scolaire et habite dans une famille d'accueil","og_description":"Nous sommes votre partenaire pour un \u00e9change scolaire. Dans votre \u00e9change scolaire vous habitez dans uns famille d'accueil.","og_url":"https:\/\/www.afs.ch\/fr\/famille-daccueil\/temoignages\/famille-fellmann-et-karla-de-la-republique-dominicaine\/","og_site_name":"Intercultural Programs","article_publisher":"https:\/\/www.facebook.com\/afsswitzerland\/","article_modified_time":"2019-02-12T14:42:39+00:00","og_image":[{"url":"https:\/\/d22dvihj4pfop3.cloudfront.net\/wp-content\/uploads\/sites\/71\/2017\/09\/04093743\/Fam_Fellmann_girls-e1504857487621.jpg","type":"","width":"","height":""}],"twitter_card":"summary_large_image","twitter_site":"@afs_ch","twitter_misc":{"Est. reading time":"3 minutes"},"schema":{"@context":"https:\/\/schema.org","@graph":[{"@type":"WebPage","@id":"https:\/\/www.afs.ch\/fr\/famille-daccueil\/temoignages\/famille-fellmann-et-karla-de-la-republique-dominicaine\/","url":"https:\/\/www.afs.ch\/fr\/famille-daccueil\/temoignages\/famille-fellmann-et-karla-de-la-republique-dominicaine\/","name":"Faire un \u00e9change scolaire et habite dans une famille d'accueil","isPartOf":{"@id":"https:\/\/www.afs.ch\/fr\/#website"},"primaryImageOfPage":{"@id":"https:\/\/www.afs.ch\/fr\/famille-daccueil\/temoignages\/famille-fellmann-et-karla-de-la-republique-dominicaine\/#primaryimage"},"image":{"@id":"https:\/\/www.afs.ch\/fr\/famille-daccueil\/temoignages\/famille-fellmann-et-karla-de-la-republique-dominicaine\/#primaryimage"},"thumbnailUrl":"https:\/\/d22dvihj4pfop3.cloudfront.net\/wp-content\/uploads\/sites\/71\/2017\/09\/04093743\/Fam_Fellmann_girls-e1504857487621.jpg","datePublished":"2017-09-04T08:43:52+00:00","dateModified":"2019-02-12T14:42:39+00:00","description":"Nous sommes votre partenaire pour un \u00e9change scolaire. Dans votre \u00e9change scolaire vous habitez dans uns famille d'accueil.","breadcrumb":{"@id":"https:\/\/www.afs.ch\/fr\/famille-daccueil\/temoignages\/famille-fellmann-et-karla-de-la-republique-dominicaine\/#breadcrumb"},"inLanguage":"fr-FR","potentialAction":[{"@type":"ReadAction","target":["https:\/\/www.afs.ch\/fr\/famille-daccueil\/temoignages\/famille-fellmann-et-karla-de-la-republique-dominicaine\/"]}]},{"@type":"ImageObject","inLanguage":"fr-FR","@id":"https:\/\/www.afs.ch\/fr\/famille-daccueil\/temoignages\/famille-fellmann-et-karla-de-la-republique-dominicaine\/#primaryimage","url":"https:\/\/d22dvihj4pfop3.cloudfront.net\/wp-content\/uploads\/sites\/71\/2017\/09\/04093743\/Fam_Fellmann_girls-e1504857487621.jpg","contentUrl":"https:\/\/d22dvihj4pfop3.cloudfront.net\/wp-content\/uploads\/sites\/71\/2017\/09\/04093743\/Fam_Fellmann_girls-e1504857487621.jpg"},{"@type":"BreadcrumbList","@id":"https:\/\/www.afs.ch\/fr\/famille-daccueil\/temoignages\/famille-fellmann-et-karla-de-la-republique-dominicaine\/#breadcrumb","itemListElement":[{"@type":"ListItem","position":1,"name":"Home","item":"https:\/\/switzerland.afssite.afs.org\/fr\/"},{"@type":"ListItem","position":2,"name":"Famille d&#8217;accueil AFS","item":"https:\/\/switzerland.afssite.afs.org\/fr\/famille-daccueil\/"},{"@type":"ListItem","position":3,"name":"T\u00e9moignages de nos familles d&rsquo;accueil et de nos h\u00f4tes AFS","item":"https:\/\/switzerland.afssite.afs.org\/fr\/famille-daccueil\/temoignages\/"},{"@type":"ListItem","position":4,"name":"Famille Fellmann et Karla de la R\u00e9publique Dominicaine"}]},{"@type":"WebSite","@id":"https:\/\/www.afs.ch\/fr\/#website","url":"https:\/\/www.afs.ch\/fr\/","name":"Interkulturelle Programme","description":"Switzerland","potentialAction":[{"@type":"SearchAction","target":{"@type":"EntryPoint","urlTemplate":"https:\/\/www.afs.ch\/fr\/?s={search_term_string}"},"query-input":{"@type":"PropertyValueSpecification","valueRequired":true,"valueName":"search_term_string"}}],"inLanguage":"fr-FR"}]}},"_links":{"self":[{"href":"https:\/\/www.afs.ch\/fr\/wp-json\/wp\/v2\/pages\/16657","targetHints":{"allow":["GET"]}}],"collection":[{"href":"https:\/\/www.afs.ch\/fr\/wp-json\/wp\/v2\/pages"}],"about":[{"href":"https:\/\/www.afs.ch\/fr\/wp-json\/wp\/v2\/types\/page"}],"author":[{"embeddable":true,"href":"https:\/\/www.afs.ch\/fr\/wp-json\/wp\/v2\/users\/380"}],"replies":[{"embeddable":true,"href":"https:\/\/www.afs.ch\/fr\/wp-json\/wp\/v2\/comments?post=16657"}],"version-history":[{"count":19,"href":"https:\/\/www.afs.ch\/fr\/wp-json\/wp\/v2\/pages\/16657\/revisions"}],"predecessor-version":[{"id":30017,"href":"https:\/\/www.afs.ch\/fr\/wp-json\/wp\/v2\/pages\/16657\/revisions\/30017"}],"up":[{"embeddable":true,"href":"https:\/\/www.afs.ch\/fr\/wp-json\/wp\/v2\/pages\/12235"}],"wp:attachment":[{"href":"https:\/\/www.afs.ch\/fr\/wp-json\/wp\/v2\/media?parent=16657"}],"curies":[{"name":"wp","href":"https:\/\/api.w.org\/{rel}","templated":true}]}}