{"id":16668,"date":"2017-09-04T10:35:23","date_gmt":"2017-09-04T09:35:23","guid":{"rendered":"http:\/\/switzerland.afssite.afs.org\/fr\/?page_id=16668"},"modified":"2021-03-22T11:12:33","modified_gmt":"2021-03-22T10:12:33","slug":"famille-grangier-et-jensen-de-lamerique","status":"publish","type":"page","link":"https:\/\/www.afs.ch\/fr\/famille-daccueil\/temoignages\/famille-grangier-et-jensen-de-lamerique\/","title":{"rendered":"Famille Grangier et Jensen des \u00c9tats-Unis"},"content":{"rendered":"<p>Notre aventure de famille d&rsquo;accueil s&rsquo;est faite tr\u00e8s spontan\u00e9ment. L&rsquo;\u00e9l\u00e9ment d\u00e9clencheur a \u00e9t\u00e9 une annonce dans le journal en d\u00e9cembre pour une jeune Am\u00e9ricaine qui cherchait une nouvelle famille. Nous nous sommes d\u00e9cid\u00e9s en 2 jours et notre fille d&rsquo;accueil est arriv\u00e9e une dizaine de jours plus tard.<\/p>\n<p>Nous n&rsquo;avons jamais regrett\u00e9 cette d\u00e9cision, bien au contraire!<\/p>\n<p>Jensen a ajout\u00e9 de la vie et de la joie \u00e0 notre quotidien. Elle avait les qualit\u00e9s et attitudes id\u00e9ales pour une \u00e9tudiante d&rsquo;\u00e9change, \u00e0 savoir l&rsquo;envie de s&rsquo;int\u00e9grer, la curiosit\u00e9, l&rsquo;ouverture d&rsquo;esprit, un usage tr\u00e8s rare de son portable \u00e0 la maison, la motivation pour les activit\u00e9s propos\u00e9es et la bonne humeur \u00e0 toute \u00e9preuve!<\/p>\n<p>Notre fille de 6 ans, Estelle, \u00e9tait ravie d&rsquo;avoir une grande s\u0153ur! Toutes deux ont rapidement d\u00e9velopp\u00e9 une jolie complicit\u00e9. Certaines personnes nous ont m\u00eame dit qu&rsquo;elles se ressemblaient comme deux s\u0153urs!<\/p>\n<p>Jensen est devenue une \u00abvraie Suissesse\u00bb: elle a appris \u00e0 faire des sp\u00e4tzlis, r\u00e9ussi \u00e0 traire une vache et sortir un son acceptable dans un cor des Alpes, elle joue au chibre, elle d\u00e9vale les pistes enneig\u00e9es avec aisance en snowboard, elle consulte le site des CFF pour les horaires des transports publics, elle reconna\u00eet l&rsquo;ail des ours, etc.<\/p>\n<p>Pour moi qui avais \u00e9t\u00e9 \u00e9tudiante d&rsquo;\u00e9change il y a plus de 20 ans, c&rsquo;\u00e9tait int\u00e9ressant de me revoir \u00e0 travers l&rsquo;exp\u00e9rience de Jensen. Les ann\u00e9es passent mais certaines choses demeurent: les d\u00e9buts difficiles sans nos rep\u00e8res, l&rsquo;ennui de notre famille et de nos amis, le doute quant \u00e0 l&rsquo;apprentissage de la langue, le plaisir des moments v\u00e9cus avec la famille d&rsquo;accueil, le c\u00f4t\u00e9 fou et privil\u00e9gi\u00e9 de vivre une ann\u00e9e \u00e0 l&rsquo;\u00e9tranger, etc.<\/p>\n<p>Avoir un(e) \u00e9tudiant d&rsquo;\u00e9change bouscule un peu la routine quotidienne. C&rsquo;est une incroyable aventure avec des souvenirs inoubliables \u00e0 la cl\u00e9 et un lien tr\u00e8s fort entre des personnes. C&rsquo;est enrichissant pour chacun! Et pour le jeune, c&rsquo;est certainement une ann\u00e9e marquante. Pour moi, il y a un \u00abavant\u00bb et un \u00abapr\u00e8s\u00bb\u00a0l&rsquo;ann\u00e9e d&rsquo;\u00e9change.<\/p>\n<p>Le seul c\u00f4t\u00e9 n\u00e9gatif est la tristesse de laisser partir une personne \u00e0 qui nous avons ouvert les portes de notre maison et de notre c\u0153ur. Heureusement qu&rsquo;il y a des moyens faciles pour garder le contact!<\/p>\n<p>&nbsp;<\/p>\n","protected":false},"excerpt":{"rendered":"<p>Notre aventure de famille d&rsquo;accueil s&rsquo;est faite tr\u00e8s spontan\u00e9ment. L&rsquo;\u00e9l\u00e9ment d\u00e9clencheur a \u00e9t\u00e9 une annonce dans le journal en d\u00e9cembre&hellip;<\/p>\n","protected":false},"author":380,"featured_media":0,"parent":12235,"menu_order":2,"comment_status":"closed","ping_status":"closed","template":"","meta":{"footnotes":""},"class_list":["post-16668","page","type-page","status-publish","hentry"],"yoast_head":"<!-- This site is optimized with the Yoast SEO plugin v26.6 - https:\/\/yoast.com\/wordpress\/plugins\/seo\/ -->\n<title>Notre aventure de famille d\u2019accueil s\u2019est faite tr\u00e8s spontan\u00e9ment<\/title>\n<meta name=\"description\" content=\"Habiter dans une famille d&#039;accueil et und aventure. Contacter-nous pour un conseil gratuit!\" \/>\n<meta name=\"robots\" content=\"index, follow, max-snippet:-1, max-image-preview:large, max-video-preview:-1\" \/>\n<link rel=\"canonical\" href=\"https:\/\/www.afs.ch\/fr\/famille-daccueil\/temoignages\/famille-grangier-et-jensen-de-lamerique\/\" \/>\n<meta property=\"og:locale\" content=\"fr_FR\" \/>\n<meta property=\"og:type\" content=\"article\" \/>\n<meta property=\"og:title\" content=\"Notre aventure de famille d\u2019accueil s\u2019est faite tr\u00e8s spontan\u00e9ment\" \/>\n<meta property=\"og:description\" content=\"Habiter dans une famille d&#039;accueil et und aventure. Contacter-nous pour un conseil gratuit!\" \/>\n<meta property=\"og:url\" content=\"https:\/\/www.afs.ch\/fr\/famille-daccueil\/temoignages\/famille-grangier-et-jensen-de-lamerique\/\" \/>\n<meta property=\"og:site_name\" content=\"Intercultural Programs\" \/>\n<meta property=\"article:publisher\" content=\"https:\/\/www.facebook.com\/afsswitzerland\/\" \/>\n<meta property=\"article:modified_time\" content=\"2021-03-22T10:12:33+00:00\" \/>\n<meta name=\"twitter:card\" content=\"summary_large_image\" \/>\n<meta name=\"twitter:site\" content=\"@afs_ch\" \/>\n<meta name=\"twitter:label1\" content=\"Est. reading time\" \/>\n\t<meta name=\"twitter:data1\" content=\"2 minutes\" \/>\n<script type=\"application\/ld+json\" class=\"yoast-schema-graph\">{\"@context\":\"https:\/\/schema.org\",\"@graph\":[{\"@type\":\"WebPage\",\"@id\":\"https:\/\/www.afs.ch\/fr\/famille-daccueil\/temoignages\/famille-grangier-et-jensen-de-lamerique\/\",\"url\":\"https:\/\/www.afs.ch\/fr\/famille-daccueil\/temoignages\/famille-grangier-et-jensen-de-lamerique\/\",\"name\":\"Notre aventure de famille d\u2019accueil s\u2019est faite tr\u00e8s spontan\u00e9ment\",\"isPartOf\":{\"@id\":\"https:\/\/www.afs.ch\/fr\/#website\"},\"datePublished\":\"2017-09-04T09:35:23+00:00\",\"dateModified\":\"2021-03-22T10:12:33+00:00\",\"description\":\"Habiter dans une famille d'accueil et und aventure. Contacter-nous pour un conseil gratuit!\",\"breadcrumb\":{\"@id\":\"https:\/\/www.afs.ch\/fr\/famille-daccueil\/temoignages\/famille-grangier-et-jensen-de-lamerique\/#breadcrumb\"},\"inLanguage\":\"fr-FR\",\"potentialAction\":[{\"@type\":\"ReadAction\",\"target\":[\"https:\/\/www.afs.ch\/fr\/famille-daccueil\/temoignages\/famille-grangier-et-jensen-de-lamerique\/\"]}]},{\"@type\":\"BreadcrumbList\",\"@id\":\"https:\/\/www.afs.ch\/fr\/famille-daccueil\/temoignages\/famille-grangier-et-jensen-de-lamerique\/#breadcrumb\",\"itemListElement\":[{\"@type\":\"ListItem\",\"position\":1,\"name\":\"Home\",\"item\":\"https:\/\/switzerland.afssite.afs.org\/fr\/\"},{\"@type\":\"ListItem\",\"position\":2,\"name\":\"Famille d&#8217;accueil AFS\",\"item\":\"https:\/\/switzerland.afssite.afs.org\/fr\/famille-daccueil\/\"},{\"@type\":\"ListItem\",\"position\":3,\"name\":\"T\u00e9moignages de nos familles d&rsquo;accueil et de nos h\u00f4tes AFS\",\"item\":\"https:\/\/switzerland.afssite.afs.org\/fr\/famille-daccueil\/temoignages\/\"},{\"@type\":\"ListItem\",\"position\":4,\"name\":\"Famille Grangier et Jensen des \u00c9tats-Unis\"}]},{\"@type\":\"WebSite\",\"@id\":\"https:\/\/www.afs.ch\/fr\/#website\",\"url\":\"https:\/\/www.afs.ch\/fr\/\",\"name\":\"Interkulturelle Programme\",\"description\":\"Switzerland\",\"potentialAction\":[{\"@type\":\"SearchAction\",\"target\":{\"@type\":\"EntryPoint\",\"urlTemplate\":\"https:\/\/www.afs.ch\/fr\/?s={search_term_string}\"},\"query-input\":{\"@type\":\"PropertyValueSpecification\",\"valueRequired\":true,\"valueName\":\"search_term_string\"}}],\"inLanguage\":\"fr-FR\"}]}<\/script>\n<!-- \/ Yoast SEO plugin. -->","yoast_head_json":{"title":"Notre aventure de famille d\u2019accueil s\u2019est faite tr\u00e8s spontan\u00e9ment","description":"Habiter dans une famille d'accueil et und aventure. Contacter-nous pour un conseil gratuit!","robots":{"index":"index","follow":"follow","max-snippet":"max-snippet:-1","max-image-preview":"max-image-preview:large","max-video-preview":"max-video-preview:-1"},"canonical":"https:\/\/www.afs.ch\/fr\/famille-daccueil\/temoignages\/famille-grangier-et-jensen-de-lamerique\/","og_locale":"fr_FR","og_type":"article","og_title":"Notre aventure de famille d\u2019accueil s\u2019est faite tr\u00e8s spontan\u00e9ment","og_description":"Habiter dans une famille d'accueil et und aventure. Contacter-nous pour un conseil gratuit!","og_url":"https:\/\/www.afs.ch\/fr\/famille-daccueil\/temoignages\/famille-grangier-et-jensen-de-lamerique\/","og_site_name":"Intercultural Programs","article_publisher":"https:\/\/www.facebook.com\/afsswitzerland\/","article_modified_time":"2021-03-22T10:12:33+00:00","twitter_card":"summary_large_image","twitter_site":"@afs_ch","twitter_misc":{"Est. reading time":"2 minutes"},"schema":{"@context":"https:\/\/schema.org","@graph":[{"@type":"WebPage","@id":"https:\/\/www.afs.ch\/fr\/famille-daccueil\/temoignages\/famille-grangier-et-jensen-de-lamerique\/","url":"https:\/\/www.afs.ch\/fr\/famille-daccueil\/temoignages\/famille-grangier-et-jensen-de-lamerique\/","name":"Notre aventure de famille d\u2019accueil s\u2019est faite tr\u00e8s spontan\u00e9ment","isPartOf":{"@id":"https:\/\/www.afs.ch\/fr\/#website"},"datePublished":"2017-09-04T09:35:23+00:00","dateModified":"2021-03-22T10:12:33+00:00","description":"Habiter dans une famille d'accueil et und aventure. Contacter-nous pour un conseil gratuit!","breadcrumb":{"@id":"https:\/\/www.afs.ch\/fr\/famille-daccueil\/temoignages\/famille-grangier-et-jensen-de-lamerique\/#breadcrumb"},"inLanguage":"fr-FR","potentialAction":[{"@type":"ReadAction","target":["https:\/\/www.afs.ch\/fr\/famille-daccueil\/temoignages\/famille-grangier-et-jensen-de-lamerique\/"]}]},{"@type":"BreadcrumbList","@id":"https:\/\/www.afs.ch\/fr\/famille-daccueil\/temoignages\/famille-grangier-et-jensen-de-lamerique\/#breadcrumb","itemListElement":[{"@type":"ListItem","position":1,"name":"Home","item":"https:\/\/switzerland.afssite.afs.org\/fr\/"},{"@type":"ListItem","position":2,"name":"Famille d&#8217;accueil AFS","item":"https:\/\/switzerland.afssite.afs.org\/fr\/famille-daccueil\/"},{"@type":"ListItem","position":3,"name":"T\u00e9moignages de nos familles d&rsquo;accueil et de nos h\u00f4tes AFS","item":"https:\/\/switzerland.afssite.afs.org\/fr\/famille-daccueil\/temoignages\/"},{"@type":"ListItem","position":4,"name":"Famille Grangier et Jensen des \u00c9tats-Unis"}]},{"@type":"WebSite","@id":"https:\/\/www.afs.ch\/fr\/#website","url":"https:\/\/www.afs.ch\/fr\/","name":"Interkulturelle Programme","description":"Switzerland","potentialAction":[{"@type":"SearchAction","target":{"@type":"EntryPoint","urlTemplate":"https:\/\/www.afs.ch\/fr\/?s={search_term_string}"},"query-input":{"@type":"PropertyValueSpecification","valueRequired":true,"valueName":"search_term_string"}}],"inLanguage":"fr-FR"}]}},"_links":{"self":[{"href":"https:\/\/www.afs.ch\/fr\/wp-json\/wp\/v2\/pages\/16668","targetHints":{"allow":["GET"]}}],"collection":[{"href":"https:\/\/www.afs.ch\/fr\/wp-json\/wp\/v2\/pages"}],"about":[{"href":"https:\/\/www.afs.ch\/fr\/wp-json\/wp\/v2\/types\/page"}],"author":[{"embeddable":true,"href":"https:\/\/www.afs.ch\/fr\/wp-json\/wp\/v2\/users\/380"}],"replies":[{"embeddable":true,"href":"https:\/\/www.afs.ch\/fr\/wp-json\/wp\/v2\/comments?post=16668"}],"version-history":[{"count":17,"href":"https:\/\/www.afs.ch\/fr\/wp-json\/wp\/v2\/pages\/16668\/revisions"}],"predecessor-version":[{"id":46856,"href":"https:\/\/www.afs.ch\/fr\/wp-json\/wp\/v2\/pages\/16668\/revisions\/46856"}],"up":[{"embeddable":true,"href":"https:\/\/www.afs.ch\/fr\/wp-json\/wp\/v2\/pages\/12235"}],"wp:attachment":[{"href":"https:\/\/www.afs.ch\/fr\/wp-json\/wp\/v2\/media?parent=16668"}],"curies":[{"name":"wp","href":"https:\/\/api.w.org\/{rel}","templated":true}]}}