{"id":16720,"date":"2017-09-04T13:06:19","date_gmt":"2017-09-04T12:06:19","guid":{"rendered":"http:\/\/switzerland.afssite.afs.org\/fr\/?page_id=16720"},"modified":"2021-10-07T08:30:21","modified_gmt":"2021-10-07T07:30:21","slug":"sarah-catherine-en-suisse","status":"publish","type":"page","link":"https:\/\/www.afs.ch\/fr\/famille-daccueil\/temoignages\/sarah-catherine-en-suisse\/","title":{"rendered":"Sarah-Catherine, en Suisse"},"content":{"rendered":"<p>AFS m&rsquo;a permis de d\u00e9couvrir un autre pays, une autre culture, ce qui a chang\u00e9 ma vision sur la vie. Les quinze premi\u00e8res ann\u00e9es de ma vie, j&rsquo;avais les m\u00eames id\u00e9es que les autres personnes de mon village. La Suisse m&rsquo;a permis d&rsquo;apprendre beaucoup de choses, le m\u00e9lange de plusieurs cultures et traditions. Je ne suis plus une fille d&rsquo;Am\u00e9rique, mais une fille avec des valeurs valaisannes.<\/p>\n<p>Gr\u00e2ce \u00e0 ma famille incroyable, j&rsquo;ai fait des voyages et j&rsquo;ai vu des paysages formidables, j&rsquo;ai d\u00e9couvert la nourriture Franco-Suisse, et le style de vie en Valais. \u00c7a me stup\u00e9fait!<\/p>\n<p>Merci \u00e0 la famille Luyet, les \u00e9l\u00e8ves de 2H, et les autres \u00e9tudiantes en \u00e9change qui m&rsquo;ont accueillie \u00e0 bras ouverts et m&rsquo;ont enseign\u00e9 des Ie\u00e7ons que vous ne pouvez pas apprendre dans un livre.<\/p>\n<p>Gr\u00e2ce \u00e0 mon ann\u00e9e en Suisse, j&rsquo;ai trouv\u00e9 la direction pour ma vie. Les prochaines ann\u00e9es je voudrais apprendre l&rsquo;espagnol, l&rsquo;italien, l&rsquo;allemand, et le portugais. Quand j&rsquo;aurai fini l&rsquo;universit\u00e9 de m\u00e9decine, j&rsquo;aimerais cr\u00e9er une \u00e9cole dans un pays du tiers-monde pour former des m\u00e9decins.<\/p>\n<p>Quand j&rsquo;aurai des enfants, je veux leur enseigner les valeurs du Valais. \u00abToujours grav\u00e9 dans mon coeur, je t&rsquo;aime mon beau Valais\u00bb<\/p>\n<p>Gros bisous \u00e0 tous ceux qui sont l\u00e0 pour moi chaque jour! Un grand merci \u00e0 la famille Luyet, \u00e0 AFS, au Lyc\u00e9e-Coll\u00e8ge de la Planta, \u00e0 la classe 2H, \u00e0 Madame Emery, \u00e0 Madame Vautier, \u00e0 Madame Monnet, \u00e0 Andrea Barquero, \u00e0 Karla Brea Miranda, \u00e0 Sara Courtine, et \u00e0 ma famille am\u00e9ricaine.<\/p>\n","protected":false},"excerpt":{"rendered":"<p>AFS m&rsquo;a permis de d\u00e9couvrir un autre pays, une autre culture, ce qui a chang\u00e9 ma vision sur la vie.&hellip;<\/p>\n","protected":false},"author":380,"featured_media":0,"parent":12235,"menu_order":2,"comment_status":"closed","ping_status":"closed","template":"","meta":{"footnotes":""},"class_list":["post-16720","page","type-page","status-publish","hentry"],"yoast_head":"<!-- This site is optimized with the Yoast SEO plugin v26.6 - https:\/\/yoast.com\/wordpress\/plugins\/seo\/ -->\n<title>Temoignages: S\u00e9jour linguistique en suisse<\/title>\n<meta name=\"description\" content=\"Nous sommes votre partenaire pour un s\u00e9jour linguistique. Contactez-nous pour un conseil gratuit!\" \/>\n<meta name=\"robots\" content=\"index, follow, max-snippet:-1, max-image-preview:large, max-video-preview:-1\" \/>\n<link rel=\"canonical\" href=\"https:\/\/www.afs.ch\/fr\/famille-daccueil\/temoignages\/sarah-catherine-en-suisse\/\" \/>\n<meta property=\"og:locale\" content=\"fr_FR\" \/>\n<meta property=\"og:type\" content=\"article\" \/>\n<meta property=\"og:title\" content=\"Temoignages: S\u00e9jour linguistique en suisse\" \/>\n<meta property=\"og:description\" content=\"Nous sommes votre partenaire pour un s\u00e9jour linguistique. Contactez-nous pour un conseil gratuit!\" \/>\n<meta property=\"og:url\" content=\"https:\/\/www.afs.ch\/fr\/famille-daccueil\/temoignages\/sarah-catherine-en-suisse\/\" \/>\n<meta property=\"og:site_name\" content=\"Intercultural Programs\" \/>\n<meta property=\"article:publisher\" content=\"https:\/\/www.facebook.com\/afsswitzerland\/\" \/>\n<meta property=\"article:modified_time\" content=\"2021-10-07T07:30:21+00:00\" \/>\n<meta name=\"twitter:card\" content=\"summary_large_image\" \/>\n<meta name=\"twitter:site\" content=\"@afs_ch\" \/>\n<meta name=\"twitter:label1\" content=\"Est. reading time\" \/>\n\t<meta name=\"twitter:data1\" content=\"1 minute\" \/>\n<script type=\"application\/ld+json\" class=\"yoast-schema-graph\">{\"@context\":\"https:\/\/schema.org\",\"@graph\":[{\"@type\":\"WebPage\",\"@id\":\"https:\/\/www.afs.ch\/fr\/famille-daccueil\/temoignages\/sarah-catherine-en-suisse\/\",\"url\":\"https:\/\/www.afs.ch\/fr\/famille-daccueil\/temoignages\/sarah-catherine-en-suisse\/\",\"name\":\"Temoignages: S\u00e9jour linguistique en suisse\",\"isPartOf\":{\"@id\":\"https:\/\/www.afs.ch\/fr\/#website\"},\"datePublished\":\"2017-09-04T12:06:19+00:00\",\"dateModified\":\"2021-10-07T07:30:21+00:00\",\"description\":\"Nous sommes votre partenaire pour un s\u00e9jour linguistique. Contactez-nous pour un conseil gratuit!\",\"breadcrumb\":{\"@id\":\"https:\/\/www.afs.ch\/fr\/famille-daccueil\/temoignages\/sarah-catherine-en-suisse\/#breadcrumb\"},\"inLanguage\":\"fr-FR\",\"potentialAction\":[{\"@type\":\"ReadAction\",\"target\":[\"https:\/\/www.afs.ch\/fr\/famille-daccueil\/temoignages\/sarah-catherine-en-suisse\/\"]}]},{\"@type\":\"BreadcrumbList\",\"@id\":\"https:\/\/www.afs.ch\/fr\/famille-daccueil\/temoignages\/sarah-catherine-en-suisse\/#breadcrumb\",\"itemListElement\":[{\"@type\":\"ListItem\",\"position\":1,\"name\":\"Home\",\"item\":\"https:\/\/switzerland.afssite.afs.org\/fr\/\"},{\"@type\":\"ListItem\",\"position\":2,\"name\":\"Famille d&#8217;accueil AFS\",\"item\":\"https:\/\/switzerland.afssite.afs.org\/fr\/famille-daccueil\/\"},{\"@type\":\"ListItem\",\"position\":3,\"name\":\"T\u00e9moignages de nos familles d&rsquo;accueil et de nos h\u00f4tes AFS\",\"item\":\"https:\/\/switzerland.afssite.afs.org\/fr\/famille-daccueil\/temoignages\/\"},{\"@type\":\"ListItem\",\"position\":4,\"name\":\"Sarah-Catherine, en Suisse\"}]},{\"@type\":\"WebSite\",\"@id\":\"https:\/\/www.afs.ch\/fr\/#website\",\"url\":\"https:\/\/www.afs.ch\/fr\/\",\"name\":\"Interkulturelle Programme\",\"description\":\"Switzerland\",\"potentialAction\":[{\"@type\":\"SearchAction\",\"target\":{\"@type\":\"EntryPoint\",\"urlTemplate\":\"https:\/\/www.afs.ch\/fr\/?s={search_term_string}\"},\"query-input\":{\"@type\":\"PropertyValueSpecification\",\"valueRequired\":true,\"valueName\":\"search_term_string\"}}],\"inLanguage\":\"fr-FR\"}]}<\/script>\n<!-- \/ Yoast SEO plugin. -->","yoast_head_json":{"title":"Temoignages: S\u00e9jour linguistique en suisse","description":"Nous sommes votre partenaire pour un s\u00e9jour linguistique. Contactez-nous pour un conseil gratuit!","robots":{"index":"index","follow":"follow","max-snippet":"max-snippet:-1","max-image-preview":"max-image-preview:large","max-video-preview":"max-video-preview:-1"},"canonical":"https:\/\/www.afs.ch\/fr\/famille-daccueil\/temoignages\/sarah-catherine-en-suisse\/","og_locale":"fr_FR","og_type":"article","og_title":"Temoignages: S\u00e9jour linguistique en suisse","og_description":"Nous sommes votre partenaire pour un s\u00e9jour linguistique. Contactez-nous pour un conseil gratuit!","og_url":"https:\/\/www.afs.ch\/fr\/famille-daccueil\/temoignages\/sarah-catherine-en-suisse\/","og_site_name":"Intercultural Programs","article_publisher":"https:\/\/www.facebook.com\/afsswitzerland\/","article_modified_time":"2021-10-07T07:30:21+00:00","twitter_card":"summary_large_image","twitter_site":"@afs_ch","twitter_misc":{"Est. reading time":"1 minute"},"schema":{"@context":"https:\/\/schema.org","@graph":[{"@type":"WebPage","@id":"https:\/\/www.afs.ch\/fr\/famille-daccueil\/temoignages\/sarah-catherine-en-suisse\/","url":"https:\/\/www.afs.ch\/fr\/famille-daccueil\/temoignages\/sarah-catherine-en-suisse\/","name":"Temoignages: S\u00e9jour linguistique en suisse","isPartOf":{"@id":"https:\/\/www.afs.ch\/fr\/#website"},"datePublished":"2017-09-04T12:06:19+00:00","dateModified":"2021-10-07T07:30:21+00:00","description":"Nous sommes votre partenaire pour un s\u00e9jour linguistique. Contactez-nous pour un conseil gratuit!","breadcrumb":{"@id":"https:\/\/www.afs.ch\/fr\/famille-daccueil\/temoignages\/sarah-catherine-en-suisse\/#breadcrumb"},"inLanguage":"fr-FR","potentialAction":[{"@type":"ReadAction","target":["https:\/\/www.afs.ch\/fr\/famille-daccueil\/temoignages\/sarah-catherine-en-suisse\/"]}]},{"@type":"BreadcrumbList","@id":"https:\/\/www.afs.ch\/fr\/famille-daccueil\/temoignages\/sarah-catherine-en-suisse\/#breadcrumb","itemListElement":[{"@type":"ListItem","position":1,"name":"Home","item":"https:\/\/switzerland.afssite.afs.org\/fr\/"},{"@type":"ListItem","position":2,"name":"Famille d&#8217;accueil AFS","item":"https:\/\/switzerland.afssite.afs.org\/fr\/famille-daccueil\/"},{"@type":"ListItem","position":3,"name":"T\u00e9moignages de nos familles d&rsquo;accueil et de nos h\u00f4tes AFS","item":"https:\/\/switzerland.afssite.afs.org\/fr\/famille-daccueil\/temoignages\/"},{"@type":"ListItem","position":4,"name":"Sarah-Catherine, en Suisse"}]},{"@type":"WebSite","@id":"https:\/\/www.afs.ch\/fr\/#website","url":"https:\/\/www.afs.ch\/fr\/","name":"Interkulturelle Programme","description":"Switzerland","potentialAction":[{"@type":"SearchAction","target":{"@type":"EntryPoint","urlTemplate":"https:\/\/www.afs.ch\/fr\/?s={search_term_string}"},"query-input":{"@type":"PropertyValueSpecification","valueRequired":true,"valueName":"search_term_string"}}],"inLanguage":"fr-FR"}]}},"_links":{"self":[{"href":"https:\/\/www.afs.ch\/fr\/wp-json\/wp\/v2\/pages\/16720","targetHints":{"allow":["GET"]}}],"collection":[{"href":"https:\/\/www.afs.ch\/fr\/wp-json\/wp\/v2\/pages"}],"about":[{"href":"https:\/\/www.afs.ch\/fr\/wp-json\/wp\/v2\/types\/page"}],"author":[{"embeddable":true,"href":"https:\/\/www.afs.ch\/fr\/wp-json\/wp\/v2\/users\/380"}],"replies":[{"embeddable":true,"href":"https:\/\/www.afs.ch\/fr\/wp-json\/wp\/v2\/comments?post=16720"}],"version-history":[{"count":11,"href":"https:\/\/www.afs.ch\/fr\/wp-json\/wp\/v2\/pages\/16720\/revisions"}],"predecessor-version":[{"id":48944,"href":"https:\/\/www.afs.ch\/fr\/wp-json\/wp\/v2\/pages\/16720\/revisions\/48944"}],"up":[{"embeddable":true,"href":"https:\/\/www.afs.ch\/fr\/wp-json\/wp\/v2\/pages\/12235"}],"wp:attachment":[{"href":"https:\/\/www.afs.ch\/fr\/wp-json\/wp\/v2\/media?parent=16720"}],"curies":[{"name":"wp","href":"https:\/\/api.w.org\/{rel}","templated":true}]}}