{"id":17084,"date":"2017-09-15T12:23:39","date_gmt":"2017-09-15T11:23:39","guid":{"rendered":"http:\/\/switzerland.afssite.afs.org\/fr\/?page_id=17084"},"modified":"2021-03-19T15:34:27","modified_gmt":"2021-03-19T14:34:27","slug":"caroline-en-russie","status":"publish","type":"page","link":"https:\/\/www.afs.ch\/fr\/programmes-scolaires\/temoignages-des-etudiants-dechange\/caroline-en-russie\/","title":{"rendered":"Caroline, en Russie"},"content":{"rendered":"<p>D\u00e9j\u00e0 \u00e0 l\u2019\u00e2ge o\u00f9 on veut devenir star ou cosmonaute, moi je voulais partir \u00e0 l\u2019aventure, d\u00e9couvrir le monde. J\u2019ai pris contact avec AFS et rempli tous les formulaires. Je ne savais pas vraiment o\u00f9 je voulais aller mais, en voyant la longue liste de pays propos\u00e9s, j\u2019ai tout de suite voulu aller en Russie&#8230; Je ne sais pas trop pourquoi en fait, mais c\u2019est comme \u00e7a qu\u2019une famille russe a accept\u00e9 de m\u2019accueillir et que je me suis retrouv\u00e9e dans l\u2019avion destination Moscou. J\u2019ai laiss\u00e9, au milieu du grand a\u00e9roport de Zurich, l\u2019amour de ma vie, mes proches que j\u2019aime tant et l\u2019aventure commen\u00e7ait! Je n\u2019arrivais pas vraiment \u00e0 r\u00e9aliser ce qui m\u2019arrivait mais j\u2019\u00e9tais tellement heureuse que mon aventure commence.<\/p>\n<p><figure class=\"wp-image-wrap\"><img loading=\"lazy\" decoding=\"async\" class=\"size-full wp-image-17087 alignleft\" src=\"https:\/\/d22dvihj4pfop3.cloudfront.net\/wp-content\/uploads\/sites\/71\/2017\/09\/15122031\/Caroline_Russie_01-e1505474518696.jpg\" alt=\"\" width=\"350\" height=\"467\" \/><\/figure><\/p>\n<p>A peine arriv\u00e9e \u00e0 l\u2019a\u00e9roport, j\u2019\u00e9tais compl\u00e8tement d\u00e9pays\u00e9e, beaucoup de gens partout, dans tous les sens, beaucoup de bruit, les panneaux en russe, la langue russe elle-m\u00eame et j\u2019en passe, rien n\u2019\u00e9tait pareil! Au milieu de toute cette foule, des b\u00e9n\u00e9voles AFS nous attendaient avec d\u2019autres \u00e9tudiants AFS de Tha\u00eflande et de Hollande, c\u2019\u00e9tait rassurant un peu. Ensuite nous avons tous embarqu\u00e9 dans un vieux bus tout rouill\u00e9 et avons pass\u00e9 2 jours dans un camp pr\u00e8s de Moscou avec tous les autres \u00e9l\u00e8ves AFS venus d\u2019\u00e0 peu pr\u00e8s toute la plan\u00e8te. Histoire de se pr\u00e9parer \u00e0 cette folle ann\u00e9e. Apr\u00e8s ces 2 jours, c\u2019\u00e9tait reparti pour nos familles d\u2019accueil respectives. La mienne habite \u00e0 Izhevsk en Oudmourtie, une ville qui fait la taille de Zurich. Izhevsk se trouve \u00e0 plus ou moins 1000 km de Moscou, ce qui fait 17 heures de train \u00e0 couchettes (petite distance pour les russes).<br \/>\nArriv\u00e9e \u00e0 destination, les familles nous attendaient. La mienne m\u2019attendait avec des ballons et un drapeau suisse, ils ont \u00e9t\u00e9 tr\u00e8s accueillants et gentils, je les ai tout de suite appr\u00e9ci\u00e9s, bien que je ne comprenais absolument pas ce qu\u2019ils disaient. La ville aussi m\u2019a vite plu, m\u00eame si, au d\u00e9but, j\u2019\u00e9tais sous le choc. L\u00e0 aussi, c\u2019\u00e9tait tr\u00e8s d\u00e9paysant, que des gros immeubles de style russe (mon p\u00e8re dirait: des \u00abcages \u00e0 poules\u00bb), des routes tr\u00e8s larges, des Lada, marque de petites voitures russes, parqu\u00e9es et en marche dans tous les sens, pas de vitrines, les belles \u00e9glises russes color\u00e9es et m\u00eame les gens me semblaient diff\u00e9rents. J\u2019avais presque l\u2019impression d\u2019avoir atterri sur une autre plan\u00e8te et j\u2019avais un peu peur, dans cet endroit inconnu o\u00f9 je ne comprenais pas un mot, mais j\u2019ai \u00e9t\u00e9 rassur\u00e9e en voyant notre charmant petit appartement au sixi\u00e8me \u00e9tage d\u2019une de ces fameuses cages \u00e0 poules.<br \/>\nDe plus, la maman avait pr\u00e9par\u00e9 tout plein de d\u00e9licieux plats russes: des pirochkis (pains fourr\u00e9s aux pommes de terres, \u00e0 la viande, etc.), des blinis (cr\u00eapes) avec du sgouchonka (lait concentr\u00e9), des salades et du sok (jus de fruit).<\/p>\n<p><figure class=\"wp-image-wrap\"><img loading=\"lazy\" decoding=\"async\" class=\"aligncenter size-full wp-image-17085\" src=\"https:\/\/d22dvihj4pfop3.cloudfront.net\/wp-content\/uploads\/sites\/71\/2017\/09\/15122024\/Caroline_Russie_02-e1505474494936.jpg\" alt=\"\" width=\"640\" height=\"480\" \/><\/figure><\/p>\n","protected":false},"excerpt":{"rendered":"<p>D\u00e9j\u00e0 \u00e0 l\u2019\u00e2ge o\u00f9 on veut devenir star ou cosmonaute, moi je voulais partir \u00e0 l\u2019aventure, d\u00e9couvrir le monde. J\u2019ai&hellip;<\/p>\n","protected":false},"author":380,"featured_media":0,"parent":16696,"menu_order":2,"comment_status":"closed","ping_status":"closed","template":"","meta":{"footnotes":""},"class_list":["post-17084","page","type-page","status-publish","hentry"],"yoast_head":"<!-- This site is optimized with the Yoast SEO plugin v26.6 - https:\/\/yoast.com\/wordpress\/plugins\/seo\/ -->\n<title>Caroline, en Russie - Intercultural Programs<\/title>\n<meta name=\"robots\" content=\"index, follow, max-snippet:-1, max-image-preview:large, max-video-preview:-1\" \/>\n<link rel=\"canonical\" href=\"https:\/\/www.afs.ch\/fr\/programmes-scolaires\/temoignages-des-etudiants-dechange\/caroline-en-russie\/\" \/>\n<meta property=\"og:locale\" content=\"fr_FR\" \/>\n<meta property=\"og:type\" content=\"article\" \/>\n<meta property=\"og:title\" content=\"Caroline, en Russie - Intercultural Programs\" \/>\n<meta property=\"og:description\" content=\"D\u00e9j\u00e0 \u00e0 l\u2019\u00e2ge o\u00f9 on veut devenir star ou cosmonaute, moi je voulais partir \u00e0 l\u2019aventure, d\u00e9couvrir le monde. J\u2019ai&hellip;\" \/>\n<meta property=\"og:url\" content=\"https:\/\/www.afs.ch\/fr\/programmes-scolaires\/temoignages-des-etudiants-dechange\/caroline-en-russie\/\" \/>\n<meta property=\"og:site_name\" content=\"Intercultural Programs\" \/>\n<meta property=\"article:publisher\" content=\"https:\/\/www.facebook.com\/afsswitzerland\/\" \/>\n<meta property=\"article:modified_time\" content=\"2021-03-19T14:34:27+00:00\" \/>\n<meta property=\"og:image\" content=\"https:\/\/www.afs.ch\/wp-content\/uploads\/sites\/71\/2017\/09\/Caroline_Russie_01-e1505474518696.jpg\" \/>\n<meta name=\"twitter:card\" content=\"summary_large_image\" \/>\n<meta name=\"twitter:site\" content=\"@afs_ch\" \/>\n<meta name=\"twitter:label1\" content=\"Est. reading time\" \/>\n\t<meta name=\"twitter:data1\" content=\"3 minutes\" \/>\n<script type=\"application\/ld+json\" class=\"yoast-schema-graph\">{\"@context\":\"https:\/\/schema.org\",\"@graph\":[{\"@type\":\"WebPage\",\"@id\":\"https:\/\/www.afs.ch\/fr\/programmes-scolaires\/temoignages-des-etudiants-dechange\/caroline-en-russie\/\",\"url\":\"https:\/\/www.afs.ch\/fr\/programmes-scolaires\/temoignages-des-etudiants-dechange\/caroline-en-russie\/\",\"name\":\"Caroline, en Russie - Intercultural Programs\",\"isPartOf\":{\"@id\":\"https:\/\/www.afs.ch\/fr\/#website\"},\"primaryImageOfPage\":{\"@id\":\"https:\/\/www.afs.ch\/fr\/programmes-scolaires\/temoignages-des-etudiants-dechange\/caroline-en-russie\/#primaryimage\"},\"image\":{\"@id\":\"https:\/\/www.afs.ch\/fr\/programmes-scolaires\/temoignages-des-etudiants-dechange\/caroline-en-russie\/#primaryimage\"},\"thumbnailUrl\":\"https:\/\/www.afs.ch\/wp-content\/uploads\/sites\/71\/2017\/09\/Caroline_Russie_01-e1505474518696.jpg\",\"datePublished\":\"2017-09-15T11:23:39+00:00\",\"dateModified\":\"2021-03-19T14:34:27+00:00\",\"breadcrumb\":{\"@id\":\"https:\/\/www.afs.ch\/fr\/programmes-scolaires\/temoignages-des-etudiants-dechange\/caroline-en-russie\/#breadcrumb\"},\"inLanguage\":\"fr-FR\",\"potentialAction\":[{\"@type\":\"ReadAction\",\"target\":[\"https:\/\/www.afs.ch\/fr\/programmes-scolaires\/temoignages-des-etudiants-dechange\/caroline-en-russie\/\"]}]},{\"@type\":\"ImageObject\",\"inLanguage\":\"fr-FR\",\"@id\":\"https:\/\/www.afs.ch\/fr\/programmes-scolaires\/temoignages-des-etudiants-dechange\/caroline-en-russie\/#primaryimage\",\"url\":\"https:\/\/www.afs.ch\/wp-content\/uploads\/sites\/71\/2017\/09\/Caroline_Russie_01-e1505474518696.jpg\",\"contentUrl\":\"https:\/\/www.afs.ch\/wp-content\/uploads\/sites\/71\/2017\/09\/Caroline_Russie_01-e1505474518696.jpg\"},{\"@type\":\"BreadcrumbList\",\"@id\":\"https:\/\/www.afs.ch\/fr\/programmes-scolaires\/temoignages-des-etudiants-dechange\/caroline-en-russie\/#breadcrumb\",\"itemListElement\":[{\"@type\":\"ListItem\",\"position\":1,\"name\":\"Home\",\"item\":\"https:\/\/switzerland.afssite.afs.org\/fr\/\"},{\"@type\":\"ListItem\",\"position\":2,\"name\":\"Programmes scolaires pour adolescents\",\"item\":\"https:\/\/switzerland.afssite.afs.org\/fr\/programmes-scolaires\/\"},{\"@type\":\"ListItem\",\"position\":3,\"name\":\"T\u00e9moignages de nos \u00e9tudiants en programme d&rsquo;\u00e9change\",\"item\":\"https:\/\/switzerland.afssite.afs.org\/fr\/programmes-scolaires\/temoignages-des-etudiants-dechange\/\"},{\"@type\":\"ListItem\",\"position\":4,\"name\":\"Caroline, en Russie\"}]},{\"@type\":\"WebSite\",\"@id\":\"https:\/\/www.afs.ch\/fr\/#website\",\"url\":\"https:\/\/www.afs.ch\/fr\/\",\"name\":\"Interkulturelle Programme\",\"description\":\"Switzerland\",\"potentialAction\":[{\"@type\":\"SearchAction\",\"target\":{\"@type\":\"EntryPoint\",\"urlTemplate\":\"https:\/\/www.afs.ch\/fr\/?s={search_term_string}\"},\"query-input\":{\"@type\":\"PropertyValueSpecification\",\"valueRequired\":true,\"valueName\":\"search_term_string\"}}],\"inLanguage\":\"fr-FR\"}]}<\/script>\n<!-- \/ Yoast SEO plugin. -->","yoast_head_json":{"title":"Caroline, en Russie - Intercultural Programs","robots":{"index":"index","follow":"follow","max-snippet":"max-snippet:-1","max-image-preview":"max-image-preview:large","max-video-preview":"max-video-preview:-1"},"canonical":"https:\/\/www.afs.ch\/fr\/programmes-scolaires\/temoignages-des-etudiants-dechange\/caroline-en-russie\/","og_locale":"fr_FR","og_type":"article","og_title":"Caroline, en Russie - Intercultural Programs","og_description":"D\u00e9j\u00e0 \u00e0 l\u2019\u00e2ge o\u00f9 on veut devenir star ou cosmonaute, moi je voulais partir \u00e0 l\u2019aventure, d\u00e9couvrir le monde. J\u2019ai&hellip;","og_url":"https:\/\/www.afs.ch\/fr\/programmes-scolaires\/temoignages-des-etudiants-dechange\/caroline-en-russie\/","og_site_name":"Intercultural Programs","article_publisher":"https:\/\/www.facebook.com\/afsswitzerland\/","article_modified_time":"2021-03-19T14:34:27+00:00","og_image":[{"url":"https:\/\/www.afs.ch\/wp-content\/uploads\/sites\/71\/2017\/09\/Caroline_Russie_01-e1505474518696.jpg","type":"","width":"","height":""}],"twitter_card":"summary_large_image","twitter_site":"@afs_ch","twitter_misc":{"Est. reading time":"3 minutes"},"schema":{"@context":"https:\/\/schema.org","@graph":[{"@type":"WebPage","@id":"https:\/\/www.afs.ch\/fr\/programmes-scolaires\/temoignages-des-etudiants-dechange\/caroline-en-russie\/","url":"https:\/\/www.afs.ch\/fr\/programmes-scolaires\/temoignages-des-etudiants-dechange\/caroline-en-russie\/","name":"Caroline, en Russie - Intercultural Programs","isPartOf":{"@id":"https:\/\/www.afs.ch\/fr\/#website"},"primaryImageOfPage":{"@id":"https:\/\/www.afs.ch\/fr\/programmes-scolaires\/temoignages-des-etudiants-dechange\/caroline-en-russie\/#primaryimage"},"image":{"@id":"https:\/\/www.afs.ch\/fr\/programmes-scolaires\/temoignages-des-etudiants-dechange\/caroline-en-russie\/#primaryimage"},"thumbnailUrl":"https:\/\/www.afs.ch\/wp-content\/uploads\/sites\/71\/2017\/09\/Caroline_Russie_01-e1505474518696.jpg","datePublished":"2017-09-15T11:23:39+00:00","dateModified":"2021-03-19T14:34:27+00:00","breadcrumb":{"@id":"https:\/\/www.afs.ch\/fr\/programmes-scolaires\/temoignages-des-etudiants-dechange\/caroline-en-russie\/#breadcrumb"},"inLanguage":"fr-FR","potentialAction":[{"@type":"ReadAction","target":["https:\/\/www.afs.ch\/fr\/programmes-scolaires\/temoignages-des-etudiants-dechange\/caroline-en-russie\/"]}]},{"@type":"ImageObject","inLanguage":"fr-FR","@id":"https:\/\/www.afs.ch\/fr\/programmes-scolaires\/temoignages-des-etudiants-dechange\/caroline-en-russie\/#primaryimage","url":"https:\/\/www.afs.ch\/wp-content\/uploads\/sites\/71\/2017\/09\/Caroline_Russie_01-e1505474518696.jpg","contentUrl":"https:\/\/www.afs.ch\/wp-content\/uploads\/sites\/71\/2017\/09\/Caroline_Russie_01-e1505474518696.jpg"},{"@type":"BreadcrumbList","@id":"https:\/\/www.afs.ch\/fr\/programmes-scolaires\/temoignages-des-etudiants-dechange\/caroline-en-russie\/#breadcrumb","itemListElement":[{"@type":"ListItem","position":1,"name":"Home","item":"https:\/\/switzerland.afssite.afs.org\/fr\/"},{"@type":"ListItem","position":2,"name":"Programmes scolaires pour adolescents","item":"https:\/\/switzerland.afssite.afs.org\/fr\/programmes-scolaires\/"},{"@type":"ListItem","position":3,"name":"T\u00e9moignages de nos \u00e9tudiants en programme d&rsquo;\u00e9change","item":"https:\/\/switzerland.afssite.afs.org\/fr\/programmes-scolaires\/temoignages-des-etudiants-dechange\/"},{"@type":"ListItem","position":4,"name":"Caroline, en Russie"}]},{"@type":"WebSite","@id":"https:\/\/www.afs.ch\/fr\/#website","url":"https:\/\/www.afs.ch\/fr\/","name":"Interkulturelle Programme","description":"Switzerland","potentialAction":[{"@type":"SearchAction","target":{"@type":"EntryPoint","urlTemplate":"https:\/\/www.afs.ch\/fr\/?s={search_term_string}"},"query-input":{"@type":"PropertyValueSpecification","valueRequired":true,"valueName":"search_term_string"}}],"inLanguage":"fr-FR"}]}},"_links":{"self":[{"href":"https:\/\/www.afs.ch\/fr\/wp-json\/wp\/v2\/pages\/17084","targetHints":{"allow":["GET"]}}],"collection":[{"href":"https:\/\/www.afs.ch\/fr\/wp-json\/wp\/v2\/pages"}],"about":[{"href":"https:\/\/www.afs.ch\/fr\/wp-json\/wp\/v2\/types\/page"}],"author":[{"embeddable":true,"href":"https:\/\/www.afs.ch\/fr\/wp-json\/wp\/v2\/users\/380"}],"replies":[{"embeddable":true,"href":"https:\/\/www.afs.ch\/fr\/wp-json\/wp\/v2\/comments?post=17084"}],"version-history":[{"count":16,"href":"https:\/\/www.afs.ch\/fr\/wp-json\/wp\/v2\/pages\/17084\/revisions"}],"predecessor-version":[{"id":46824,"href":"https:\/\/www.afs.ch\/fr\/wp-json\/wp\/v2\/pages\/17084\/revisions\/46824"}],"up":[{"embeddable":true,"href":"https:\/\/www.afs.ch\/fr\/wp-json\/wp\/v2\/pages\/16696"}],"wp:attachment":[{"href":"https:\/\/www.afs.ch\/fr\/wp-json\/wp\/v2\/media?parent=17084"}],"curies":[{"name":"wp","href":"https:\/\/api.w.org\/{rel}","templated":true}]}}