{"id":32100,"date":"2019-06-26T12:52:43","date_gmt":"2019-06-26T11:52:43","guid":{"rendered":"https:\/\/www.afs.ch\/fr\/afs-und-schulen\/auslandsaufenthalt-mit-afs\/"},"modified":"2019-08-12T14:36:26","modified_gmt":"2019-08-12T13:36:26","slug":"envoyer-etudiants-a-letranger-avec-afs","status":"publish","type":"page","link":"https:\/\/www.afs.ch\/fr\/afs-et-ecoles\/envoyer-etudiants-a-letranger-avec-afs\/","title":{"rendered":"Envoyer des \u00e9tudiants \u00e0 l&rsquo;\u00e9tranger avec AFS"},"content":{"rendered":"","protected":false},"excerpt":{"rendered":"","protected":false},"author":380,"featured_media":0,"parent":32070,"menu_order":0,"comment_status":"closed","ping_status":"closed","template":"","meta":{"footnotes":""},"class_list":["post-32100","page","type-page","status-publish","hentry"],"yoast_head":"<!-- This site is optimized with the Yoast SEO plugin v26.6 - https:\/\/yoast.com\/wordpress\/plugins\/seo\/ -->\n<title>Envoyer des \u00e9tudiants \u00e0 l&#039;\u00e9tranger avec AFS - Intercultural Programs<\/title>\n<meta name=\"robots\" content=\"index, follow, max-snippet:-1, max-image-preview:large, max-video-preview:-1\" \/>\n<link rel=\"canonical\" href=\"https:\/\/www.afs.ch\/fr\/afs-et-ecoles\/envoyer-etudiants-a-letranger-avec-afs\/\" \/>\n<meta property=\"og:locale\" content=\"fr_FR\" \/>\n<meta property=\"og:type\" content=\"article\" \/>\n<meta property=\"og:title\" content=\"Envoyer des \u00e9tudiants \u00e0 l&#039;\u00e9tranger avec AFS - Intercultural Programs\" \/>\n<meta property=\"og:url\" content=\"https:\/\/www.afs.ch\/fr\/afs-et-ecoles\/envoyer-etudiants-a-letranger-avec-afs\/\" \/>\n<meta property=\"og:site_name\" content=\"Intercultural Programs\" \/>\n<meta property=\"article:publisher\" content=\"https:\/\/www.facebook.com\/afsswitzerland\/\" \/>\n<meta property=\"article:modified_time\" content=\"2019-08-12T13:36:26+00:00\" \/>\n<meta name=\"twitter:card\" content=\"summary_large_image\" \/>\n<meta name=\"twitter:site\" content=\"@afs_ch\" \/>\n<script type=\"application\/ld+json\" class=\"yoast-schema-graph\">{\"@context\":\"https:\/\/schema.org\",\"@graph\":[{\"@type\":\"WebPage\",\"@id\":\"https:\/\/www.afs.ch\/fr\/afs-et-ecoles\/envoyer-etudiants-a-letranger-avec-afs\/\",\"url\":\"https:\/\/www.afs.ch\/fr\/afs-et-ecoles\/envoyer-etudiants-a-letranger-avec-afs\/\",\"name\":\"Envoyer des \u00e9tudiants \u00e0 l'\u00e9tranger avec AFS - Intercultural Programs\",\"isPartOf\":{\"@id\":\"https:\/\/www.afs.ch\/fr\/#website\"},\"datePublished\":\"2019-06-26T11:52:43+00:00\",\"dateModified\":\"2019-08-12T13:36:26+00:00\",\"breadcrumb\":{\"@id\":\"https:\/\/www.afs.ch\/fr\/afs-et-ecoles\/envoyer-etudiants-a-letranger-avec-afs\/#breadcrumb\"},\"inLanguage\":\"fr-FR\",\"potentialAction\":[{\"@type\":\"ReadAction\",\"target\":[\"https:\/\/www.afs.ch\/fr\/afs-et-ecoles\/envoyer-etudiants-a-letranger-avec-afs\/\"]}]},{\"@type\":\"BreadcrumbList\",\"@id\":\"https:\/\/www.afs.ch\/fr\/afs-et-ecoles\/envoyer-etudiants-a-letranger-avec-afs\/#breadcrumb\",\"itemListElement\":[{\"@type\":\"ListItem\",\"position\":1,\"name\":\"Home\",\"item\":\"https:\/\/switzerland.afssite.afs.org\/fr\/\"},{\"@type\":\"ListItem\",\"position\":2,\"name\":\"AFS et les \u00e9coles\",\"item\":\"https:\/\/www.afs.ch\/fr\/afs-et-ecoles\/\"},{\"@type\":\"ListItem\",\"position\":3,\"name\":\"Envoyer des \u00e9tudiants \u00e0 l&rsquo;\u00e9tranger avec AFS\"}]},{\"@type\":\"WebSite\",\"@id\":\"https:\/\/www.afs.ch\/fr\/#website\",\"url\":\"https:\/\/www.afs.ch\/fr\/\",\"name\":\"Interkulturelle Programme\",\"description\":\"Switzerland\",\"potentialAction\":[{\"@type\":\"SearchAction\",\"target\":{\"@type\":\"EntryPoint\",\"urlTemplate\":\"https:\/\/www.afs.ch\/fr\/?s={search_term_string}\"},\"query-input\":{\"@type\":\"PropertyValueSpecification\",\"valueRequired\":true,\"valueName\":\"search_term_string\"}}],\"inLanguage\":\"fr-FR\"}]}<\/script>\n<!-- \/ Yoast SEO plugin. -->","yoast_head_json":{"title":"Envoyer des \u00e9tudiants \u00e0 l'\u00e9tranger avec AFS - Intercultural Programs","robots":{"index":"index","follow":"follow","max-snippet":"max-snippet:-1","max-image-preview":"max-image-preview:large","max-video-preview":"max-video-preview:-1"},"canonical":"https:\/\/www.afs.ch\/fr\/afs-et-ecoles\/envoyer-etudiants-a-letranger-avec-afs\/","og_locale":"fr_FR","og_type":"article","og_title":"Envoyer des \u00e9tudiants \u00e0 l'\u00e9tranger avec AFS - Intercultural Programs","og_url":"https:\/\/www.afs.ch\/fr\/afs-et-ecoles\/envoyer-etudiants-a-letranger-avec-afs\/","og_site_name":"Intercultural Programs","article_publisher":"https:\/\/www.facebook.com\/afsswitzerland\/","article_modified_time":"2019-08-12T13:36:26+00:00","twitter_card":"summary_large_image","twitter_site":"@afs_ch","schema":{"@context":"https:\/\/schema.org","@graph":[{"@type":"WebPage","@id":"https:\/\/www.afs.ch\/fr\/afs-et-ecoles\/envoyer-etudiants-a-letranger-avec-afs\/","url":"https:\/\/www.afs.ch\/fr\/afs-et-ecoles\/envoyer-etudiants-a-letranger-avec-afs\/","name":"Envoyer des \u00e9tudiants \u00e0 l'\u00e9tranger avec AFS - Intercultural Programs","isPartOf":{"@id":"https:\/\/www.afs.ch\/fr\/#website"},"datePublished":"2019-06-26T11:52:43+00:00","dateModified":"2019-08-12T13:36:26+00:00","breadcrumb":{"@id":"https:\/\/www.afs.ch\/fr\/afs-et-ecoles\/envoyer-etudiants-a-letranger-avec-afs\/#breadcrumb"},"inLanguage":"fr-FR","potentialAction":[{"@type":"ReadAction","target":["https:\/\/www.afs.ch\/fr\/afs-et-ecoles\/envoyer-etudiants-a-letranger-avec-afs\/"]}]},{"@type":"BreadcrumbList","@id":"https:\/\/www.afs.ch\/fr\/afs-et-ecoles\/envoyer-etudiants-a-letranger-avec-afs\/#breadcrumb","itemListElement":[{"@type":"ListItem","position":1,"name":"Home","item":"https:\/\/switzerland.afssite.afs.org\/fr\/"},{"@type":"ListItem","position":2,"name":"AFS et les \u00e9coles","item":"https:\/\/www.afs.ch\/fr\/afs-et-ecoles\/"},{"@type":"ListItem","position":3,"name":"Envoyer des \u00e9tudiants \u00e0 l&rsquo;\u00e9tranger avec AFS"}]},{"@type":"WebSite","@id":"https:\/\/www.afs.ch\/fr\/#website","url":"https:\/\/www.afs.ch\/fr\/","name":"Interkulturelle Programme","description":"Switzerland","potentialAction":[{"@type":"SearchAction","target":{"@type":"EntryPoint","urlTemplate":"https:\/\/www.afs.ch\/fr\/?s={search_term_string}"},"query-input":{"@type":"PropertyValueSpecification","valueRequired":true,"valueName":"search_term_string"}}],"inLanguage":"fr-FR"}]}},"_links":{"self":[{"href":"https:\/\/www.afs.ch\/fr\/wp-json\/wp\/v2\/pages\/32100","targetHints":{"allow":["GET"]}}],"collection":[{"href":"https:\/\/www.afs.ch\/fr\/wp-json\/wp\/v2\/pages"}],"about":[{"href":"https:\/\/www.afs.ch\/fr\/wp-json\/wp\/v2\/types\/page"}],"author":[{"embeddable":true,"href":"https:\/\/www.afs.ch\/fr\/wp-json\/wp\/v2\/users\/380"}],"replies":[{"embeddable":true,"href":"https:\/\/www.afs.ch\/fr\/wp-json\/wp\/v2\/comments?post=32100"}],"version-history":[{"count":26,"href":"https:\/\/www.afs.ch\/fr\/wp-json\/wp\/v2\/pages\/32100\/revisions"}],"predecessor-version":[{"id":32221,"href":"https:\/\/www.afs.ch\/fr\/wp-json\/wp\/v2\/pages\/32100\/revisions\/32221"}],"up":[{"embeddable":true,"href":"https:\/\/www.afs.ch\/fr\/wp-json\/wp\/v2\/pages\/32070"}],"wp:attachment":[{"href":"https:\/\/www.afs.ch\/fr\/wp-json\/wp\/v2\/media?parent=32100"}],"curies":[{"name":"wp","href":"https:\/\/api.w.org\/{rel}","templated":true}]}}