{"id":46465,"date":"2021-02-07T12:27:45","date_gmt":"2021-02-07T11:27:45","guid":{"rendered":"https:\/\/www.afs.ch\/cedric-estape-und-die-lange-zugreise-nach-schweden\/"},"modified":"2021-02-18T15:28:10","modified_gmt":"2021-02-18T14:28:10","slug":"cedric-estape-et-son-long-periple-en-train-vers-la-suede","status":"publish","type":"page","link":"https:\/\/www.afs.ch\/fr\/cedric-estape-et-son-long-periple-en-train-vers-la-suede\/","title":{"rendered":"C\u00e9dric Estap\u00e9 et son long p\u00e9riple en train vers la Su\u00e8de"},"content":{"rendered":"<p class=\"p1\">De 2019 \u00e0 2020, C\u00e9dric Estap\u00e9 d\u00e9couvre la Su\u00e8de dans le cadre d\u2019une ann\u00e9e en programme d\u2019\u00e9change et se retrouve particuli\u00e8rement marqu\u00e9 par cette exp\u00e9rience interculturelle. \u00c0 son retour en Suisse, il d\u00e9cide de poursuivre son aventure en devenant b\u00e9n\u00e9vole AFS et apporte aujourd\u2019hui son soutien au Comit\u00e9 Winterthour-Schaffhouse-B\u00fclach en tant que coordinateur des Home interviews. Dans ce nouvel \u00e9pisode d\u2019AFS Stories, C\u00e9dric nous partage le r\u00e9cit de son exp\u00e9rience inoubliable en Su\u00e8de.<\/p>\n","protected":false},"excerpt":{"rendered":"<p>De 2019 \u00e0 2020, C\u00e9dric Estap\u00e9 d\u00e9couvre la Su\u00e8de dans le cadre d\u2019une ann\u00e9e en programme d\u2019\u00e9change et se retrouve&hellip;<\/p>\n","protected":false},"author":546,"featured_media":0,"parent":0,"menu_order":0,"comment_status":"closed","ping_status":"closed","template":"","meta":{"footnotes":""},"class_list":["post-46465","page","type-page","status-publish","hentry"],"yoast_head":"<!-- This site is optimized with the Yoast SEO plugin v26.6 - https:\/\/yoast.com\/wordpress\/plugins\/seo\/ -->\n<title>C\u00e9dric Estap\u00e9 et son long p\u00e9riple en train vers la Su\u00e8de - Intercultural Programs<\/title>\n<meta name=\"description\" content=\"AFS Stories: Lisa Dr\u00f6ssler war 98\/99 f\u00fcr ein Austauschjahr in den USA. Erfahre, wie sie die Zeit damals erlebt hat und was ihr Highlight war.\" \/>\n<meta name=\"robots\" content=\"index, follow, max-snippet:-1, max-image-preview:large, max-video-preview:-1\" \/>\n<link rel=\"canonical\" href=\"https:\/\/www.afs.ch\/fr\/cedric-estape-et-son-long-periple-en-train-vers-la-suede\/\" \/>\n<meta property=\"og:locale\" content=\"fr_FR\" \/>\n<meta property=\"og:type\" content=\"article\" \/>\n<meta property=\"og:title\" content=\"C\u00e9dric Estap\u00e9 et son long p\u00e9riple en train vers la Su\u00e8de - Intercultural Programs\" \/>\n<meta property=\"og:description\" content=\"AFS Stories: Lisa Dr\u00f6ssler war 98\/99 f\u00fcr ein Austauschjahr in den USA. Erfahre, wie sie die Zeit damals erlebt hat und was ihr Highlight war.\" \/>\n<meta property=\"og:url\" content=\"https:\/\/www.afs.ch\/fr\/cedric-estape-et-son-long-periple-en-train-vers-la-suede\/\" \/>\n<meta property=\"og:site_name\" content=\"Intercultural Programs\" \/>\n<meta property=\"article:publisher\" content=\"https:\/\/www.facebook.com\/afsswitzerland\/\" \/>\n<meta property=\"article:modified_time\" content=\"2021-02-18T14:28:10+00:00\" \/>\n<meta name=\"twitter:card\" content=\"summary_large_image\" \/>\n<meta name=\"twitter:site\" content=\"@afs_ch\" \/>\n<script type=\"application\/ld+json\" class=\"yoast-schema-graph\">{\"@context\":\"https:\/\/schema.org\",\"@graph\":[{\"@type\":\"WebPage\",\"@id\":\"https:\/\/www.afs.ch\/fr\/cedric-estape-et-son-long-periple-en-train-vers-la-suede\/\",\"url\":\"https:\/\/www.afs.ch\/fr\/cedric-estape-et-son-long-periple-en-train-vers-la-suede\/\",\"name\":\"C\u00e9dric Estap\u00e9 et son long p\u00e9riple en train vers la Su\u00e8de - Intercultural Programs\",\"isPartOf\":{\"@id\":\"https:\/\/www.afs.ch\/fr\/#website\"},\"datePublished\":\"2021-02-07T11:27:45+00:00\",\"dateModified\":\"2021-02-18T14:28:10+00:00\",\"description\":\"AFS Stories: Lisa Dr\u00f6ssler war 98\/99 f\u00fcr ein Austauschjahr in den USA. Erfahre, wie sie die Zeit damals erlebt hat und was ihr Highlight war.\",\"breadcrumb\":{\"@id\":\"https:\/\/www.afs.ch\/fr\/cedric-estape-et-son-long-periple-en-train-vers-la-suede\/#breadcrumb\"},\"inLanguage\":\"fr-FR\",\"potentialAction\":[{\"@type\":\"ReadAction\",\"target\":[\"https:\/\/www.afs.ch\/fr\/cedric-estape-et-son-long-periple-en-train-vers-la-suede\/\"]}]},{\"@type\":\"BreadcrumbList\",\"@id\":\"https:\/\/www.afs.ch\/fr\/cedric-estape-et-son-long-periple-en-train-vers-la-suede\/#breadcrumb\",\"itemListElement\":[{\"@type\":\"ListItem\",\"position\":1,\"name\":\"Home\",\"item\":\"https:\/\/switzerland.afssite.afs.org\/fr\/\"},{\"@type\":\"ListItem\",\"position\":2,\"name\":\"C\u00e9dric Estap\u00e9 et son long p\u00e9riple en train vers la Su\u00e8de\"}]},{\"@type\":\"WebSite\",\"@id\":\"https:\/\/www.afs.ch\/fr\/#website\",\"url\":\"https:\/\/www.afs.ch\/fr\/\",\"name\":\"Interkulturelle Programme\",\"description\":\"Switzerland\",\"potentialAction\":[{\"@type\":\"SearchAction\",\"target\":{\"@type\":\"EntryPoint\",\"urlTemplate\":\"https:\/\/www.afs.ch\/fr\/?s={search_term_string}\"},\"query-input\":{\"@type\":\"PropertyValueSpecification\",\"valueRequired\":true,\"valueName\":\"search_term_string\"}}],\"inLanguage\":\"fr-FR\"}]}<\/script>\n<!-- \/ Yoast SEO plugin. -->","yoast_head_json":{"title":"C\u00e9dric Estap\u00e9 et son long p\u00e9riple en train vers la Su\u00e8de - Intercultural Programs","description":"AFS Stories: Lisa Dr\u00f6ssler war 98\/99 f\u00fcr ein Austauschjahr in den USA. Erfahre, wie sie die Zeit damals erlebt hat und was ihr Highlight war.","robots":{"index":"index","follow":"follow","max-snippet":"max-snippet:-1","max-image-preview":"max-image-preview:large","max-video-preview":"max-video-preview:-1"},"canonical":"https:\/\/www.afs.ch\/fr\/cedric-estape-et-son-long-periple-en-train-vers-la-suede\/","og_locale":"fr_FR","og_type":"article","og_title":"C\u00e9dric Estap\u00e9 et son long p\u00e9riple en train vers la Su\u00e8de - Intercultural Programs","og_description":"AFS Stories: Lisa Dr\u00f6ssler war 98\/99 f\u00fcr ein Austauschjahr in den USA. Erfahre, wie sie die Zeit damals erlebt hat und was ihr Highlight war.","og_url":"https:\/\/www.afs.ch\/fr\/cedric-estape-et-son-long-periple-en-train-vers-la-suede\/","og_site_name":"Intercultural Programs","article_publisher":"https:\/\/www.facebook.com\/afsswitzerland\/","article_modified_time":"2021-02-18T14:28:10+00:00","twitter_card":"summary_large_image","twitter_site":"@afs_ch","schema":{"@context":"https:\/\/schema.org","@graph":[{"@type":"WebPage","@id":"https:\/\/www.afs.ch\/fr\/cedric-estape-et-son-long-periple-en-train-vers-la-suede\/","url":"https:\/\/www.afs.ch\/fr\/cedric-estape-et-son-long-periple-en-train-vers-la-suede\/","name":"C\u00e9dric Estap\u00e9 et son long p\u00e9riple en train vers la Su\u00e8de - Intercultural Programs","isPartOf":{"@id":"https:\/\/www.afs.ch\/fr\/#website"},"datePublished":"2021-02-07T11:27:45+00:00","dateModified":"2021-02-18T14:28:10+00:00","description":"AFS Stories: Lisa Dr\u00f6ssler war 98\/99 f\u00fcr ein Austauschjahr in den USA. Erfahre, wie sie die Zeit damals erlebt hat und was ihr Highlight war.","breadcrumb":{"@id":"https:\/\/www.afs.ch\/fr\/cedric-estape-et-son-long-periple-en-train-vers-la-suede\/#breadcrumb"},"inLanguage":"fr-FR","potentialAction":[{"@type":"ReadAction","target":["https:\/\/www.afs.ch\/fr\/cedric-estape-et-son-long-periple-en-train-vers-la-suede\/"]}]},{"@type":"BreadcrumbList","@id":"https:\/\/www.afs.ch\/fr\/cedric-estape-et-son-long-periple-en-train-vers-la-suede\/#breadcrumb","itemListElement":[{"@type":"ListItem","position":1,"name":"Home","item":"https:\/\/switzerland.afssite.afs.org\/fr\/"},{"@type":"ListItem","position":2,"name":"C\u00e9dric Estap\u00e9 et son long p\u00e9riple en train vers la Su\u00e8de"}]},{"@type":"WebSite","@id":"https:\/\/www.afs.ch\/fr\/#website","url":"https:\/\/www.afs.ch\/fr\/","name":"Interkulturelle Programme","description":"Switzerland","potentialAction":[{"@type":"SearchAction","target":{"@type":"EntryPoint","urlTemplate":"https:\/\/www.afs.ch\/fr\/?s={search_term_string}"},"query-input":{"@type":"PropertyValueSpecification","valueRequired":true,"valueName":"search_term_string"}}],"inLanguage":"fr-FR"}]}},"_links":{"self":[{"href":"https:\/\/www.afs.ch\/fr\/wp-json\/wp\/v2\/pages\/46465","targetHints":{"allow":["GET"]}}],"collection":[{"href":"https:\/\/www.afs.ch\/fr\/wp-json\/wp\/v2\/pages"}],"about":[{"href":"https:\/\/www.afs.ch\/fr\/wp-json\/wp\/v2\/types\/page"}],"author":[{"embeddable":true,"href":"https:\/\/www.afs.ch\/fr\/wp-json\/wp\/v2\/users\/546"}],"replies":[{"embeddable":true,"href":"https:\/\/www.afs.ch\/fr\/wp-json\/wp\/v2\/comments?post=46465"}],"version-history":[{"count":6,"href":"https:\/\/www.afs.ch\/fr\/wp-json\/wp\/v2\/pages\/46465\/revisions"}],"predecessor-version":[{"id":46557,"href":"https:\/\/www.afs.ch\/fr\/wp-json\/wp\/v2\/pages\/46465\/revisions\/46557"}],"wp:attachment":[{"href":"https:\/\/www.afs.ch\/fr\/wp-json\/wp\/v2\/media?parent=46465"}],"curies":[{"name":"wp","href":"https:\/\/api.w.org\/{rel}","templated":true}]}}