{"id":46487,"date":"2021-02-14T14:38:57","date_gmt":"2021-02-14T13:38:57","guid":{"rendered":"https:\/\/www.afs.ch\/?page_id=46487"},"modified":"2024-08-16T06:46:50","modified_gmt":"2024-08-16T05:46:50","slug":"lisa-droessler-et-les-dossiers-de-destitution-au-senat-americain","status":"publish","type":"page","link":"https:\/\/www.afs.ch\/fr\/lisa-droessler-et-les-dossiers-de-destitution-au-senat-americain\/","title":{"rendered":"Lisa Dr\u00f6ssler et les dossiers de destitution au S\u00e9nat am\u00e9ricain"},"content":{"rendered":"<p>Quand on est jeune, avoir la chance de vivre l&rsquo;exp\u00e9rience de s&rsquo;\u00e9chapper de son quotidien pour s&rsquo;immerger dans une culture et un mode de vie compl\u00e8tement nouveaux est d&rsquo;une certaine fa\u00e7on formateur pour la vie. C&rsquo;est le cas de Lisa Dr\u00f6ssler, qui a pass\u00e9 une ann\u00e9e en programme d&rsquo;\u00e9change aux \u00c9tats-Unis en 1998\/99. M\u00eame apr\u00e8s son retour, elle a continu\u00e9 \u00e0 poursuivre l&rsquo;id\u00e9e de l&rsquo;\u00e9change et s&rsquo;est engag\u00e9e comme b\u00e9n\u00e9vole avec AFS pendant de nombreuses ann\u00e9es. Depuis 2016, Lisa fait partie du Comit\u00e9 Directeur d&rsquo;AFS et elle entrera en la fonction de Pr\u00e9sidente \u00e0 partir de cette ann\u00e9e. Plus de 20 ans plus tard, elle revient sur son exp\u00e9rience en programme d&rsquo;\u00e9change avec AFS.<\/p>\n","protected":false},"excerpt":{"rendered":"<p>Quand on est jeune, avoir la chance de vivre l&rsquo;exp\u00e9rience de s&rsquo;\u00e9chapper de son quotidien pour s&rsquo;immerger dans une culture&hellip;<\/p>\n","protected":false},"author":546,"featured_media":0,"parent":0,"menu_order":0,"comment_status":"closed","ping_status":"closed","template":"","meta":{"footnotes":""},"class_list":["post-46487","page","type-page","status-publish","hentry"],"yoast_head":"<!-- This site is optimized with the Yoast SEO plugin v26.6 - https:\/\/yoast.com\/wordpress\/plugins\/seo\/ -->\n<title>Lisa Dr\u00f6ssler et les dossiers de destitution au S\u00e9nat am\u00e9ricain - Intercultural Programs<\/title>\n<meta name=\"robots\" content=\"index, follow, max-snippet:-1, max-image-preview:large, max-video-preview:-1\" \/>\n<link rel=\"canonical\" href=\"https:\/\/www.afs.ch\/fr\/lisa-droessler-et-les-dossiers-de-destitution-au-senat-americain\/\" \/>\n<meta property=\"og:locale\" content=\"fr_FR\" \/>\n<meta property=\"og:type\" content=\"article\" \/>\n<meta property=\"og:title\" content=\"Lisa Dr\u00f6ssler et les dossiers de destitution au S\u00e9nat am\u00e9ricain - Intercultural Programs\" \/>\n<meta property=\"og:description\" content=\"Quand on est jeune, avoir la chance de vivre l&rsquo;exp\u00e9rience de s&rsquo;\u00e9chapper de son quotidien pour s&rsquo;immerger dans une culture&hellip;\" \/>\n<meta property=\"og:url\" content=\"https:\/\/www.afs.ch\/fr\/lisa-droessler-et-les-dossiers-de-destitution-au-senat-americain\/\" \/>\n<meta property=\"og:site_name\" content=\"Intercultural Programs\" \/>\n<meta property=\"article:publisher\" content=\"https:\/\/www.facebook.com\/afsswitzerland\/\" \/>\n<meta property=\"article:modified_time\" content=\"2024-08-16T05:46:50+00:00\" \/>\n<meta name=\"twitter:card\" content=\"summary_large_image\" \/>\n<meta name=\"twitter:site\" content=\"@afs_ch\" \/>\n<meta name=\"twitter:label1\" content=\"Est. reading time\" \/>\n\t<meta name=\"twitter:data1\" content=\"3 minutes\" \/>\n<script type=\"application\/ld+json\" class=\"yoast-schema-graph\">{\"@context\":\"https:\/\/schema.org\",\"@graph\":[{\"@type\":\"WebPage\",\"@id\":\"https:\/\/www.afs.ch\/fr\/lisa-droessler-et-les-dossiers-de-destitution-au-senat-americain\/\",\"url\":\"https:\/\/www.afs.ch\/fr\/lisa-droessler-et-les-dossiers-de-destitution-au-senat-americain\/\",\"name\":\"Lisa Dr\u00f6ssler et les dossiers de destitution au S\u00e9nat am\u00e9ricain - Intercultural Programs\",\"isPartOf\":{\"@id\":\"https:\/\/www.afs.ch\/fr\/#website\"},\"datePublished\":\"2021-02-14T13:38:57+00:00\",\"dateModified\":\"2024-08-16T05:46:50+00:00\",\"breadcrumb\":{\"@id\":\"https:\/\/www.afs.ch\/fr\/lisa-droessler-et-les-dossiers-de-destitution-au-senat-americain\/#breadcrumb\"},\"inLanguage\":\"fr-FR\",\"potentialAction\":[{\"@type\":\"ReadAction\",\"target\":[\"https:\/\/www.afs.ch\/fr\/lisa-droessler-et-les-dossiers-de-destitution-au-senat-americain\/\"]}]},{\"@type\":\"BreadcrumbList\",\"@id\":\"https:\/\/www.afs.ch\/fr\/lisa-droessler-et-les-dossiers-de-destitution-au-senat-americain\/#breadcrumb\",\"itemListElement\":[{\"@type\":\"ListItem\",\"position\":1,\"name\":\"Home\",\"item\":\"https:\/\/switzerland.afssite.afs.org\/fr\/\"},{\"@type\":\"ListItem\",\"position\":2,\"name\":\"Lisa Dr\u00f6ssler et les dossiers de destitution au S\u00e9nat am\u00e9ricain\"}]},{\"@type\":\"WebSite\",\"@id\":\"https:\/\/www.afs.ch\/fr\/#website\",\"url\":\"https:\/\/www.afs.ch\/fr\/\",\"name\":\"Interkulturelle Programme\",\"description\":\"Switzerland\",\"potentialAction\":[{\"@type\":\"SearchAction\",\"target\":{\"@type\":\"EntryPoint\",\"urlTemplate\":\"https:\/\/www.afs.ch\/fr\/?s={search_term_string}\"},\"query-input\":{\"@type\":\"PropertyValueSpecification\",\"valueRequired\":true,\"valueName\":\"search_term_string\"}}],\"inLanguage\":\"fr-FR\"}]}<\/script>\n<!-- \/ Yoast SEO plugin. -->","yoast_head_json":{"title":"Lisa Dr\u00f6ssler et les dossiers de destitution au S\u00e9nat am\u00e9ricain - Intercultural Programs","robots":{"index":"index","follow":"follow","max-snippet":"max-snippet:-1","max-image-preview":"max-image-preview:large","max-video-preview":"max-video-preview:-1"},"canonical":"https:\/\/www.afs.ch\/fr\/lisa-droessler-et-les-dossiers-de-destitution-au-senat-americain\/","og_locale":"fr_FR","og_type":"article","og_title":"Lisa Dr\u00f6ssler et les dossiers de destitution au S\u00e9nat am\u00e9ricain - Intercultural Programs","og_description":"Quand on est jeune, avoir la chance de vivre l&rsquo;exp\u00e9rience de s&rsquo;\u00e9chapper de son quotidien pour s&rsquo;immerger dans une culture&hellip;","og_url":"https:\/\/www.afs.ch\/fr\/lisa-droessler-et-les-dossiers-de-destitution-au-senat-americain\/","og_site_name":"Intercultural Programs","article_publisher":"https:\/\/www.facebook.com\/afsswitzerland\/","article_modified_time":"2024-08-16T05:46:50+00:00","twitter_card":"summary_large_image","twitter_site":"@afs_ch","twitter_misc":{"Est. reading time":"3 minutes"},"schema":{"@context":"https:\/\/schema.org","@graph":[{"@type":"WebPage","@id":"https:\/\/www.afs.ch\/fr\/lisa-droessler-et-les-dossiers-de-destitution-au-senat-americain\/","url":"https:\/\/www.afs.ch\/fr\/lisa-droessler-et-les-dossiers-de-destitution-au-senat-americain\/","name":"Lisa Dr\u00f6ssler et les dossiers de destitution au S\u00e9nat am\u00e9ricain - Intercultural Programs","isPartOf":{"@id":"https:\/\/www.afs.ch\/fr\/#website"},"datePublished":"2021-02-14T13:38:57+00:00","dateModified":"2024-08-16T05:46:50+00:00","breadcrumb":{"@id":"https:\/\/www.afs.ch\/fr\/lisa-droessler-et-les-dossiers-de-destitution-au-senat-americain\/#breadcrumb"},"inLanguage":"fr-FR","potentialAction":[{"@type":"ReadAction","target":["https:\/\/www.afs.ch\/fr\/lisa-droessler-et-les-dossiers-de-destitution-au-senat-americain\/"]}]},{"@type":"BreadcrumbList","@id":"https:\/\/www.afs.ch\/fr\/lisa-droessler-et-les-dossiers-de-destitution-au-senat-americain\/#breadcrumb","itemListElement":[{"@type":"ListItem","position":1,"name":"Home","item":"https:\/\/switzerland.afssite.afs.org\/fr\/"},{"@type":"ListItem","position":2,"name":"Lisa Dr\u00f6ssler et les dossiers de destitution au S\u00e9nat am\u00e9ricain"}]},{"@type":"WebSite","@id":"https:\/\/www.afs.ch\/fr\/#website","url":"https:\/\/www.afs.ch\/fr\/","name":"Interkulturelle Programme","description":"Switzerland","potentialAction":[{"@type":"SearchAction","target":{"@type":"EntryPoint","urlTemplate":"https:\/\/www.afs.ch\/fr\/?s={search_term_string}"},"query-input":{"@type":"PropertyValueSpecification","valueRequired":true,"valueName":"search_term_string"}}],"inLanguage":"fr-FR"}]}},"_links":{"self":[{"href":"https:\/\/www.afs.ch\/fr\/wp-json\/wp\/v2\/pages\/46487","targetHints":{"allow":["GET"]}}],"collection":[{"href":"https:\/\/www.afs.ch\/fr\/wp-json\/wp\/v2\/pages"}],"about":[{"href":"https:\/\/www.afs.ch\/fr\/wp-json\/wp\/v2\/types\/page"}],"author":[{"embeddable":true,"href":"https:\/\/www.afs.ch\/fr\/wp-json\/wp\/v2\/users\/546"}],"replies":[{"embeddable":true,"href":"https:\/\/www.afs.ch\/fr\/wp-json\/wp\/v2\/comments?post=46487"}],"version-history":[{"count":12,"href":"https:\/\/www.afs.ch\/fr\/wp-json\/wp\/v2\/pages\/46487\/revisions"}],"predecessor-version":[{"id":57585,"href":"https:\/\/www.afs.ch\/fr\/wp-json\/wp\/v2\/pages\/46487\/revisions\/57585"}],"wp:attachment":[{"href":"https:\/\/www.afs.ch\/fr\/wp-json\/wp\/v2\/media?parent=46487"}],"curies":[{"name":"wp","href":"https:\/\/api.w.org\/{rel}","templated":true}]}}