{"id":46495,"date":"2021-02-14T21:10:28","date_gmt":"2021-02-14T20:10:28","guid":{"rendered":"https:\/\/www.afs.ch\/?page_id=46495"},"modified":"2024-09-05T15:21:54","modified_gmt":"2024-09-05T14:21:54","slug":"paula-giger-et-le-repas-de-noel-tardif","status":"publish","type":"page","link":"https:\/\/www.afs.ch\/fr\/paula-giger-et-le-repas-de-noel-tardif\/","title":{"rendered":"Paula Giger et le repas de No\u00ebl tardif"},"content":{"rendered":"<p class=\"p1\">Paula Giger osa en 2015 le pas vers l\u2019inconnu et partit pour une ann\u00e9e en programme d\u2019\u00e9change en Argentine. Depuis son retour, elle s\u2019engage en tant que b\u00e9n\u00e9vole aupr\u00e8s d\u2019AFS et forme en tant que Trainer d\u2019autres b\u00e9n\u00e9voles. Cinq ans apr\u00e8s son \u00e9change, elle raconte \u00e0 AFS Stories ses aventures en Argentine.<\/p>\n","protected":false},"excerpt":{"rendered":"<p>Paula Giger osa en 2015 le pas vers l\u2019inconnu et partit pour une ann\u00e9e en programme d\u2019\u00e9change en Argentine. Depuis&hellip;<\/p>\n","protected":false},"author":546,"featured_media":0,"parent":0,"menu_order":0,"comment_status":"closed","ping_status":"closed","template":"","meta":{"footnotes":""},"class_list":["post-46495","page","type-page","status-publish","hentry"],"yoast_head":"<!-- This site is optimized with the Yoast SEO plugin v26.6 - https:\/\/yoast.com\/wordpress\/plugins\/seo\/ -->\n<title>Paula Giger et le repas de No\u00ebl tardif - Intercultural Programs<\/title>\n<meta name=\"robots\" content=\"index, follow, max-snippet:-1, max-image-preview:large, max-video-preview:-1\" \/>\n<link rel=\"canonical\" href=\"https:\/\/www.afs.ch\/fr\/paula-giger-et-le-repas-de-noel-tardif\/\" \/>\n<meta property=\"og:locale\" content=\"fr_FR\" \/>\n<meta property=\"og:type\" content=\"article\" \/>\n<meta property=\"og:title\" content=\"Paula Giger et le repas de No\u00ebl tardif - Intercultural Programs\" \/>\n<meta property=\"og:description\" content=\"Paula Giger osa en 2015 le pas vers l\u2019inconnu et partit pour une ann\u00e9e en programme d\u2019\u00e9change en Argentine. Depuis&hellip;\" \/>\n<meta property=\"og:url\" content=\"https:\/\/www.afs.ch\/fr\/paula-giger-et-le-repas-de-noel-tardif\/\" \/>\n<meta property=\"og:site_name\" content=\"Intercultural Programs\" \/>\n<meta property=\"article:publisher\" content=\"https:\/\/www.facebook.com\/afsswitzerland\/\" \/>\n<meta property=\"article:modified_time\" content=\"2024-09-05T14:21:54+00:00\" \/>\n<meta name=\"twitter:card\" content=\"summary_large_image\" \/>\n<meta name=\"twitter:site\" content=\"@afs_ch\" \/>\n<meta name=\"twitter:label1\" content=\"Est. reading time\" \/>\n\t<meta name=\"twitter:data1\" content=\"2 minutes\" \/>\n<script type=\"application\/ld+json\" class=\"yoast-schema-graph\">{\"@context\":\"https:\/\/schema.org\",\"@graph\":[{\"@type\":\"WebPage\",\"@id\":\"https:\/\/www.afs.ch\/fr\/paula-giger-et-le-repas-de-noel-tardif\/\",\"url\":\"https:\/\/www.afs.ch\/fr\/paula-giger-et-le-repas-de-noel-tardif\/\",\"name\":\"Paula Giger et le repas de No\u00ebl tardif - Intercultural Programs\",\"isPartOf\":{\"@id\":\"https:\/\/www.afs.ch\/fr\/#website\"},\"datePublished\":\"2021-02-14T20:10:28+00:00\",\"dateModified\":\"2024-09-05T14:21:54+00:00\",\"breadcrumb\":{\"@id\":\"https:\/\/www.afs.ch\/fr\/paula-giger-et-le-repas-de-noel-tardif\/#breadcrumb\"},\"inLanguage\":\"fr-FR\",\"potentialAction\":[{\"@type\":\"ReadAction\",\"target\":[\"https:\/\/www.afs.ch\/fr\/paula-giger-et-le-repas-de-noel-tardif\/\"]}]},{\"@type\":\"BreadcrumbList\",\"@id\":\"https:\/\/www.afs.ch\/fr\/paula-giger-et-le-repas-de-noel-tardif\/#breadcrumb\",\"itemListElement\":[{\"@type\":\"ListItem\",\"position\":1,\"name\":\"Home\",\"item\":\"https:\/\/switzerland.afssite.afs.org\/fr\/\"},{\"@type\":\"ListItem\",\"position\":2,\"name\":\"Paula Giger et le repas de No\u00ebl tardif\"}]},{\"@type\":\"WebSite\",\"@id\":\"https:\/\/www.afs.ch\/fr\/#website\",\"url\":\"https:\/\/www.afs.ch\/fr\/\",\"name\":\"Interkulturelle Programme\",\"description\":\"Switzerland\",\"potentialAction\":[{\"@type\":\"SearchAction\",\"target\":{\"@type\":\"EntryPoint\",\"urlTemplate\":\"https:\/\/www.afs.ch\/fr\/?s={search_term_string}\"},\"query-input\":{\"@type\":\"PropertyValueSpecification\",\"valueRequired\":true,\"valueName\":\"search_term_string\"}}],\"inLanguage\":\"fr-FR\"}]}<\/script>\n<!-- \/ Yoast SEO plugin. -->","yoast_head_json":{"title":"Paula Giger et le repas de No\u00ebl tardif - Intercultural Programs","robots":{"index":"index","follow":"follow","max-snippet":"max-snippet:-1","max-image-preview":"max-image-preview:large","max-video-preview":"max-video-preview:-1"},"canonical":"https:\/\/www.afs.ch\/fr\/paula-giger-et-le-repas-de-noel-tardif\/","og_locale":"fr_FR","og_type":"article","og_title":"Paula Giger et le repas de No\u00ebl tardif - Intercultural Programs","og_description":"Paula Giger osa en 2015 le pas vers l\u2019inconnu et partit pour une ann\u00e9e en programme d\u2019\u00e9change en Argentine. Depuis&hellip;","og_url":"https:\/\/www.afs.ch\/fr\/paula-giger-et-le-repas-de-noel-tardif\/","og_site_name":"Intercultural Programs","article_publisher":"https:\/\/www.facebook.com\/afsswitzerland\/","article_modified_time":"2024-09-05T14:21:54+00:00","twitter_card":"summary_large_image","twitter_site":"@afs_ch","twitter_misc":{"Est. reading time":"2 minutes"},"schema":{"@context":"https:\/\/schema.org","@graph":[{"@type":"WebPage","@id":"https:\/\/www.afs.ch\/fr\/paula-giger-et-le-repas-de-noel-tardif\/","url":"https:\/\/www.afs.ch\/fr\/paula-giger-et-le-repas-de-noel-tardif\/","name":"Paula Giger et le repas de No\u00ebl tardif - Intercultural Programs","isPartOf":{"@id":"https:\/\/www.afs.ch\/fr\/#website"},"datePublished":"2021-02-14T20:10:28+00:00","dateModified":"2024-09-05T14:21:54+00:00","breadcrumb":{"@id":"https:\/\/www.afs.ch\/fr\/paula-giger-et-le-repas-de-noel-tardif\/#breadcrumb"},"inLanguage":"fr-FR","potentialAction":[{"@type":"ReadAction","target":["https:\/\/www.afs.ch\/fr\/paula-giger-et-le-repas-de-noel-tardif\/"]}]},{"@type":"BreadcrumbList","@id":"https:\/\/www.afs.ch\/fr\/paula-giger-et-le-repas-de-noel-tardif\/#breadcrumb","itemListElement":[{"@type":"ListItem","position":1,"name":"Home","item":"https:\/\/switzerland.afssite.afs.org\/fr\/"},{"@type":"ListItem","position":2,"name":"Paula Giger et le repas de No\u00ebl tardif"}]},{"@type":"WebSite","@id":"https:\/\/www.afs.ch\/fr\/#website","url":"https:\/\/www.afs.ch\/fr\/","name":"Interkulturelle Programme","description":"Switzerland","potentialAction":[{"@type":"SearchAction","target":{"@type":"EntryPoint","urlTemplate":"https:\/\/www.afs.ch\/fr\/?s={search_term_string}"},"query-input":{"@type":"PropertyValueSpecification","valueRequired":true,"valueName":"search_term_string"}}],"inLanguage":"fr-FR"}]}},"_links":{"self":[{"href":"https:\/\/www.afs.ch\/fr\/wp-json\/wp\/v2\/pages\/46495","targetHints":{"allow":["GET"]}}],"collection":[{"href":"https:\/\/www.afs.ch\/fr\/wp-json\/wp\/v2\/pages"}],"about":[{"href":"https:\/\/www.afs.ch\/fr\/wp-json\/wp\/v2\/types\/page"}],"author":[{"embeddable":true,"href":"https:\/\/www.afs.ch\/fr\/wp-json\/wp\/v2\/users\/546"}],"replies":[{"embeddable":true,"href":"https:\/\/www.afs.ch\/fr\/wp-json\/wp\/v2\/comments?post=46495"}],"version-history":[{"count":7,"href":"https:\/\/www.afs.ch\/fr\/wp-json\/wp\/v2\/pages\/46495\/revisions"}],"predecessor-version":[{"id":57791,"href":"https:\/\/www.afs.ch\/fr\/wp-json\/wp\/v2\/pages\/46495\/revisions\/57791"}],"wp:attachment":[{"href":"https:\/\/www.afs.ch\/fr\/wp-json\/wp\/v2\/media?parent=46495"}],"curies":[{"name":"wp","href":"https:\/\/api.w.org\/{rel}","templated":true}]}}