{"id":46499,"date":"2021-02-15T08:17:08","date_gmt":"2021-02-15T07:17:08","guid":{"rendered":"https:\/\/www.afs.ch\/?page_id=46499"},"modified":"2024-08-22T09:19:32","modified_gmt":"2024-08-22T08:19:32","slug":"renat-heuberger-le-premier-etudiant-suisse-en-indonesie","status":"publish","type":"page","link":"https:\/\/www.afs.ch\/fr\/renat-heuberger-le-premier-etudiant-suisse-en-indonesie\/","title":{"rendered":"Renat Heuberger \u2013 le premier \u00e9tudiant suisse en Indon\u00e9sie"},"content":{"rendered":"<p>Renat Heuberger est PDG, \u00e9cologiste, membre du conseil d\u2019administration de la CCI Climate et a \u00e9t\u00e9 \u00e9lu Social Entrepreneur of Switzerland. Avec des amis, il a fond\u00e9 l\u2019institution Myclimate ainsi que l\u2019entreprise South Pole, dont il est le PDG depuis 2010. Renat s\u2019engage avec beaucoup d\u2019\u00e9nergie pour un monde meilleur et fait preuve d\u2019un esprit pionnier. L\u2019\u00e9v\u00e8nement, qui lui a ouvert les yeux il y a plus de 30 ans et qui a fait grandir en lui le souhait de faire bouger les choses, a \u00e9t\u00e9 son ann\u00e9e en programme d\u2019\u00e9change avec AFS en Indon\u00e9sie. Il revient maintenant sur cette ann\u00e9e riche en rebondissements!.<\/p>\n","protected":false},"excerpt":{"rendered":"<p>Renat Heuberger est PDG, \u00e9cologiste, membre du conseil d\u2019administration de la CCI Climate et a \u00e9t\u00e9 \u00e9lu Social Entrepreneur of&hellip;<\/p>\n","protected":false},"author":546,"featured_media":0,"parent":0,"menu_order":0,"comment_status":"closed","ping_status":"closed","template":"","meta":{"footnotes":""},"class_list":["post-46499","page","type-page","status-publish","hentry"],"yoast_head":"<!-- This site is optimized with the Yoast SEO plugin v26.6 - https:\/\/yoast.com\/wordpress\/plugins\/seo\/ -->\n<title>Renat Heuberger \u2013 le premier \u00e9tudiant suisse en Indon\u00e9sie - Intercultural Programs<\/title>\n<meta name=\"robots\" content=\"index, follow, max-snippet:-1, max-image-preview:large, max-video-preview:-1\" \/>\n<link rel=\"canonical\" href=\"https:\/\/www.afs.ch\/fr\/renat-heuberger-le-premier-etudiant-suisse-en-indonesie\/\" \/>\n<meta property=\"og:locale\" content=\"fr_FR\" \/>\n<meta property=\"og:type\" content=\"article\" \/>\n<meta property=\"og:title\" content=\"Renat Heuberger \u2013 le premier \u00e9tudiant suisse en Indon\u00e9sie - Intercultural Programs\" \/>\n<meta property=\"og:description\" content=\"Renat Heuberger est PDG, \u00e9cologiste, membre du conseil d\u2019administration de la CCI Climate et a \u00e9t\u00e9 \u00e9lu Social Entrepreneur of&hellip;\" \/>\n<meta property=\"og:url\" content=\"https:\/\/www.afs.ch\/fr\/renat-heuberger-le-premier-etudiant-suisse-en-indonesie\/\" \/>\n<meta property=\"og:site_name\" content=\"Intercultural Programs\" \/>\n<meta property=\"article:publisher\" content=\"https:\/\/www.facebook.com\/afsswitzerland\/\" \/>\n<meta property=\"article:modified_time\" content=\"2024-08-22T08:19:32+00:00\" \/>\n<meta name=\"twitter:card\" content=\"summary_large_image\" \/>\n<meta name=\"twitter:site\" content=\"@afs_ch\" \/>\n<meta name=\"twitter:label1\" content=\"Est. reading time\" \/>\n\t<meta name=\"twitter:data1\" content=\"2 minutes\" \/>\n<script type=\"application\/ld+json\" class=\"yoast-schema-graph\">{\"@context\":\"https:\/\/schema.org\",\"@graph\":[{\"@type\":\"WebPage\",\"@id\":\"https:\/\/www.afs.ch\/fr\/renat-heuberger-le-premier-etudiant-suisse-en-indonesie\/\",\"url\":\"https:\/\/www.afs.ch\/fr\/renat-heuberger-le-premier-etudiant-suisse-en-indonesie\/\",\"name\":\"Renat Heuberger \u2013 le premier \u00e9tudiant suisse en Indon\u00e9sie - Intercultural Programs\",\"isPartOf\":{\"@id\":\"https:\/\/www.afs.ch\/fr\/#website\"},\"datePublished\":\"2021-02-15T07:17:08+00:00\",\"dateModified\":\"2024-08-22T08:19:32+00:00\",\"breadcrumb\":{\"@id\":\"https:\/\/www.afs.ch\/fr\/renat-heuberger-le-premier-etudiant-suisse-en-indonesie\/#breadcrumb\"},\"inLanguage\":\"fr-FR\",\"potentialAction\":[{\"@type\":\"ReadAction\",\"target\":[\"https:\/\/www.afs.ch\/fr\/renat-heuberger-le-premier-etudiant-suisse-en-indonesie\/\"]}]},{\"@type\":\"BreadcrumbList\",\"@id\":\"https:\/\/www.afs.ch\/fr\/renat-heuberger-le-premier-etudiant-suisse-en-indonesie\/#breadcrumb\",\"itemListElement\":[{\"@type\":\"ListItem\",\"position\":1,\"name\":\"Home\",\"item\":\"https:\/\/switzerland.afssite.afs.org\/fr\/\"},{\"@type\":\"ListItem\",\"position\":2,\"name\":\"Renat Heuberger \u2013 le premier \u00e9tudiant suisse en Indon\u00e9sie\"}]},{\"@type\":\"WebSite\",\"@id\":\"https:\/\/www.afs.ch\/fr\/#website\",\"url\":\"https:\/\/www.afs.ch\/fr\/\",\"name\":\"Interkulturelle Programme\",\"description\":\"Switzerland\",\"potentialAction\":[{\"@type\":\"SearchAction\",\"target\":{\"@type\":\"EntryPoint\",\"urlTemplate\":\"https:\/\/www.afs.ch\/fr\/?s={search_term_string}\"},\"query-input\":{\"@type\":\"PropertyValueSpecification\",\"valueRequired\":true,\"valueName\":\"search_term_string\"}}],\"inLanguage\":\"fr-FR\"}]}<\/script>\n<!-- \/ Yoast SEO plugin. -->","yoast_head_json":{"title":"Renat Heuberger \u2013 le premier \u00e9tudiant suisse en Indon\u00e9sie - Intercultural Programs","robots":{"index":"index","follow":"follow","max-snippet":"max-snippet:-1","max-image-preview":"max-image-preview:large","max-video-preview":"max-video-preview:-1"},"canonical":"https:\/\/www.afs.ch\/fr\/renat-heuberger-le-premier-etudiant-suisse-en-indonesie\/","og_locale":"fr_FR","og_type":"article","og_title":"Renat Heuberger \u2013 le premier \u00e9tudiant suisse en Indon\u00e9sie - Intercultural Programs","og_description":"Renat Heuberger est PDG, \u00e9cologiste, membre du conseil d\u2019administration de la CCI Climate et a \u00e9t\u00e9 \u00e9lu Social Entrepreneur of&hellip;","og_url":"https:\/\/www.afs.ch\/fr\/renat-heuberger-le-premier-etudiant-suisse-en-indonesie\/","og_site_name":"Intercultural Programs","article_publisher":"https:\/\/www.facebook.com\/afsswitzerland\/","article_modified_time":"2024-08-22T08:19:32+00:00","twitter_card":"summary_large_image","twitter_site":"@afs_ch","twitter_misc":{"Est. reading time":"2 minutes"},"schema":{"@context":"https:\/\/schema.org","@graph":[{"@type":"WebPage","@id":"https:\/\/www.afs.ch\/fr\/renat-heuberger-le-premier-etudiant-suisse-en-indonesie\/","url":"https:\/\/www.afs.ch\/fr\/renat-heuberger-le-premier-etudiant-suisse-en-indonesie\/","name":"Renat Heuberger \u2013 le premier \u00e9tudiant suisse en Indon\u00e9sie - Intercultural Programs","isPartOf":{"@id":"https:\/\/www.afs.ch\/fr\/#website"},"datePublished":"2021-02-15T07:17:08+00:00","dateModified":"2024-08-22T08:19:32+00:00","breadcrumb":{"@id":"https:\/\/www.afs.ch\/fr\/renat-heuberger-le-premier-etudiant-suisse-en-indonesie\/#breadcrumb"},"inLanguage":"fr-FR","potentialAction":[{"@type":"ReadAction","target":["https:\/\/www.afs.ch\/fr\/renat-heuberger-le-premier-etudiant-suisse-en-indonesie\/"]}]},{"@type":"BreadcrumbList","@id":"https:\/\/www.afs.ch\/fr\/renat-heuberger-le-premier-etudiant-suisse-en-indonesie\/#breadcrumb","itemListElement":[{"@type":"ListItem","position":1,"name":"Home","item":"https:\/\/switzerland.afssite.afs.org\/fr\/"},{"@type":"ListItem","position":2,"name":"Renat Heuberger \u2013 le premier \u00e9tudiant suisse en Indon\u00e9sie"}]},{"@type":"WebSite","@id":"https:\/\/www.afs.ch\/fr\/#website","url":"https:\/\/www.afs.ch\/fr\/","name":"Interkulturelle Programme","description":"Switzerland","potentialAction":[{"@type":"SearchAction","target":{"@type":"EntryPoint","urlTemplate":"https:\/\/www.afs.ch\/fr\/?s={search_term_string}"},"query-input":{"@type":"PropertyValueSpecification","valueRequired":true,"valueName":"search_term_string"}}],"inLanguage":"fr-FR"}]}},"_links":{"self":[{"href":"https:\/\/www.afs.ch\/fr\/wp-json\/wp\/v2\/pages\/46499","targetHints":{"allow":["GET"]}}],"collection":[{"href":"https:\/\/www.afs.ch\/fr\/wp-json\/wp\/v2\/pages"}],"about":[{"href":"https:\/\/www.afs.ch\/fr\/wp-json\/wp\/v2\/types\/page"}],"author":[{"embeddable":true,"href":"https:\/\/www.afs.ch\/fr\/wp-json\/wp\/v2\/users\/546"}],"replies":[{"embeddable":true,"href":"https:\/\/www.afs.ch\/fr\/wp-json\/wp\/v2\/comments?post=46499"}],"version-history":[{"count":6,"href":"https:\/\/www.afs.ch\/fr\/wp-json\/wp\/v2\/pages\/46499\/revisions"}],"predecessor-version":[{"id":57644,"href":"https:\/\/www.afs.ch\/fr\/wp-json\/wp\/v2\/pages\/46499\/revisions\/57644"}],"wp:attachment":[{"href":"https:\/\/www.afs.ch\/fr\/wp-json\/wp\/v2\/media?parent=46499"}],"curies":[{"name":"wp","href":"https:\/\/api.w.org\/{rel}","templated":true}]}}