{"id":46509,"date":"2021-02-15T17:51:44","date_gmt":"2021-02-15T16:51:44","guid":{"rendered":"https:\/\/www.afs.ch\/?page_id=46509"},"modified":"2021-03-28T18:23:21","modified_gmt":"2021-03-28T17:23:21","slug":"sonja-pluess-et-ses-virees-au-cinema-en-inde","status":"publish","type":"page","link":"https:\/\/www.afs.ch\/fr\/sonja-pluess-et-ses-virees-au-cinema-en-inde\/","title":{"rendered":"Sonja Pl\u00fcss et ses vir\u00e9es au cin\u00e9ma en Inde"},"content":{"rendered":"<p class=\"p1\">Pourquoi suivre la tendance en se rendant aux \u00c9tats-Unis, en Angleterre ou en France lorsqu\u2019il y a d\u2019autres contr\u00e9es pleines de charmes qui n\u2019attendent qu\u2019\u00e0 \u00eatre d\u00e9couvertes ? C\u2019est ce que s\u2019est dit Sonja Pl\u00fcss avant de choisir l\u2019Inde comme destination pour son programme d\u2019\u00e9change. Dans cet \u00e9pisode d\u2019AFS stories, Sonja revient sur son exp\u00e9rience en Inde, le pays de tous les contrastes.<\/p>\n","protected":false},"excerpt":{"rendered":"<p>Pourquoi suivre la tendance en se rendant aux \u00c9tats-Unis, en Angleterre ou en France lorsqu\u2019il y a d\u2019autres contr\u00e9es pleines&hellip;<\/p>\n","protected":false},"author":546,"featured_media":0,"parent":0,"menu_order":0,"comment_status":"closed","ping_status":"closed","template":"","meta":{"footnotes":""},"class_list":["post-46509","page","type-page","status-publish","hentry"],"yoast_head":"<!-- This site is optimized with the Yoast SEO plugin v26.6 - https:\/\/yoast.com\/wordpress\/plugins\/seo\/ -->\n<title>Sonja Pl\u00fcss et ses vir\u00e9es au cin\u00e9ma en Inde - Intercultural Programs<\/title>\n<meta name=\"robots\" content=\"index, follow, max-snippet:-1, max-image-preview:large, max-video-preview:-1\" \/>\n<link rel=\"canonical\" href=\"https:\/\/www.afs.ch\/fr\/sonja-pluess-et-ses-virees-au-cinema-en-inde\/\" \/>\n<meta property=\"og:locale\" content=\"fr_FR\" \/>\n<meta property=\"og:type\" content=\"article\" \/>\n<meta property=\"og:title\" content=\"Sonja Pl\u00fcss et ses vir\u00e9es au cin\u00e9ma en Inde - Intercultural Programs\" \/>\n<meta property=\"og:description\" content=\"Pourquoi suivre la tendance en se rendant aux \u00c9tats-Unis, en Angleterre ou en France lorsqu\u2019il y a d\u2019autres contr\u00e9es pleines&hellip;\" \/>\n<meta property=\"og:url\" content=\"https:\/\/www.afs.ch\/fr\/sonja-pluess-et-ses-virees-au-cinema-en-inde\/\" \/>\n<meta property=\"og:site_name\" content=\"Intercultural Programs\" \/>\n<meta property=\"article:publisher\" content=\"https:\/\/www.facebook.com\/afsswitzerland\/\" \/>\n<meta property=\"article:modified_time\" content=\"2021-03-28T17:23:21+00:00\" \/>\n<meta name=\"twitter:card\" content=\"summary_large_image\" \/>\n<meta name=\"twitter:site\" content=\"@afs_ch\" \/>\n<script type=\"application\/ld+json\" class=\"yoast-schema-graph\">{\"@context\":\"https:\/\/schema.org\",\"@graph\":[{\"@type\":\"WebPage\",\"@id\":\"https:\/\/www.afs.ch\/fr\/sonja-pluess-et-ses-virees-au-cinema-en-inde\/\",\"url\":\"https:\/\/www.afs.ch\/fr\/sonja-pluess-et-ses-virees-au-cinema-en-inde\/\",\"name\":\"Sonja Pl\u00fcss et ses vir\u00e9es au cin\u00e9ma en Inde - Intercultural Programs\",\"isPartOf\":{\"@id\":\"https:\/\/www.afs.ch\/fr\/#website\"},\"datePublished\":\"2021-02-15T16:51:44+00:00\",\"dateModified\":\"2021-03-28T17:23:21+00:00\",\"breadcrumb\":{\"@id\":\"https:\/\/www.afs.ch\/fr\/sonja-pluess-et-ses-virees-au-cinema-en-inde\/#breadcrumb\"},\"inLanguage\":\"fr-FR\",\"potentialAction\":[{\"@type\":\"ReadAction\",\"target\":[\"https:\/\/www.afs.ch\/fr\/sonja-pluess-et-ses-virees-au-cinema-en-inde\/\"]}]},{\"@type\":\"BreadcrumbList\",\"@id\":\"https:\/\/www.afs.ch\/fr\/sonja-pluess-et-ses-virees-au-cinema-en-inde\/#breadcrumb\",\"itemListElement\":[{\"@type\":\"ListItem\",\"position\":1,\"name\":\"Home\",\"item\":\"https:\/\/switzerland.afssite.afs.org\/fr\/\"},{\"@type\":\"ListItem\",\"position\":2,\"name\":\"Sonja Pl\u00fcss et ses vir\u00e9es au cin\u00e9ma en Inde\"}]},{\"@type\":\"WebSite\",\"@id\":\"https:\/\/www.afs.ch\/fr\/#website\",\"url\":\"https:\/\/www.afs.ch\/fr\/\",\"name\":\"Interkulturelle Programme\",\"description\":\"Switzerland\",\"potentialAction\":[{\"@type\":\"SearchAction\",\"target\":{\"@type\":\"EntryPoint\",\"urlTemplate\":\"https:\/\/www.afs.ch\/fr\/?s={search_term_string}\"},\"query-input\":{\"@type\":\"PropertyValueSpecification\",\"valueRequired\":true,\"valueName\":\"search_term_string\"}}],\"inLanguage\":\"fr-FR\"}]}<\/script>\n<!-- \/ Yoast SEO plugin. -->","yoast_head_json":{"title":"Sonja Pl\u00fcss et ses vir\u00e9es au cin\u00e9ma en Inde - Intercultural Programs","robots":{"index":"index","follow":"follow","max-snippet":"max-snippet:-1","max-image-preview":"max-image-preview:large","max-video-preview":"max-video-preview:-1"},"canonical":"https:\/\/www.afs.ch\/fr\/sonja-pluess-et-ses-virees-au-cinema-en-inde\/","og_locale":"fr_FR","og_type":"article","og_title":"Sonja Pl\u00fcss et ses vir\u00e9es au cin\u00e9ma en Inde - Intercultural Programs","og_description":"Pourquoi suivre la tendance en se rendant aux \u00c9tats-Unis, en Angleterre ou en France lorsqu\u2019il y a d\u2019autres contr\u00e9es pleines&hellip;","og_url":"https:\/\/www.afs.ch\/fr\/sonja-pluess-et-ses-virees-au-cinema-en-inde\/","og_site_name":"Intercultural Programs","article_publisher":"https:\/\/www.facebook.com\/afsswitzerland\/","article_modified_time":"2021-03-28T17:23:21+00:00","twitter_card":"summary_large_image","twitter_site":"@afs_ch","schema":{"@context":"https:\/\/schema.org","@graph":[{"@type":"WebPage","@id":"https:\/\/www.afs.ch\/fr\/sonja-pluess-et-ses-virees-au-cinema-en-inde\/","url":"https:\/\/www.afs.ch\/fr\/sonja-pluess-et-ses-virees-au-cinema-en-inde\/","name":"Sonja Pl\u00fcss et ses vir\u00e9es au cin\u00e9ma en Inde - Intercultural Programs","isPartOf":{"@id":"https:\/\/www.afs.ch\/fr\/#website"},"datePublished":"2021-02-15T16:51:44+00:00","dateModified":"2021-03-28T17:23:21+00:00","breadcrumb":{"@id":"https:\/\/www.afs.ch\/fr\/sonja-pluess-et-ses-virees-au-cinema-en-inde\/#breadcrumb"},"inLanguage":"fr-FR","potentialAction":[{"@type":"ReadAction","target":["https:\/\/www.afs.ch\/fr\/sonja-pluess-et-ses-virees-au-cinema-en-inde\/"]}]},{"@type":"BreadcrumbList","@id":"https:\/\/www.afs.ch\/fr\/sonja-pluess-et-ses-virees-au-cinema-en-inde\/#breadcrumb","itemListElement":[{"@type":"ListItem","position":1,"name":"Home","item":"https:\/\/switzerland.afssite.afs.org\/fr\/"},{"@type":"ListItem","position":2,"name":"Sonja Pl\u00fcss et ses vir\u00e9es au cin\u00e9ma en Inde"}]},{"@type":"WebSite","@id":"https:\/\/www.afs.ch\/fr\/#website","url":"https:\/\/www.afs.ch\/fr\/","name":"Interkulturelle Programme","description":"Switzerland","potentialAction":[{"@type":"SearchAction","target":{"@type":"EntryPoint","urlTemplate":"https:\/\/www.afs.ch\/fr\/?s={search_term_string}"},"query-input":{"@type":"PropertyValueSpecification","valueRequired":true,"valueName":"search_term_string"}}],"inLanguage":"fr-FR"}]}},"_links":{"self":[{"href":"https:\/\/www.afs.ch\/fr\/wp-json\/wp\/v2\/pages\/46509","targetHints":{"allow":["GET"]}}],"collection":[{"href":"https:\/\/www.afs.ch\/fr\/wp-json\/wp\/v2\/pages"}],"about":[{"href":"https:\/\/www.afs.ch\/fr\/wp-json\/wp\/v2\/types\/page"}],"author":[{"embeddable":true,"href":"https:\/\/www.afs.ch\/fr\/wp-json\/wp\/v2\/users\/546"}],"replies":[{"embeddable":true,"href":"https:\/\/www.afs.ch\/fr\/wp-json\/wp\/v2\/comments?post=46509"}],"version-history":[{"count":12,"href":"https:\/\/www.afs.ch\/fr\/wp-json\/wp\/v2\/pages\/46509\/revisions"}],"predecessor-version":[{"id":46555,"href":"https:\/\/www.afs.ch\/fr\/wp-json\/wp\/v2\/pages\/46509\/revisions\/46555"}],"wp:attachment":[{"href":"https:\/\/www.afs.ch\/fr\/wp-json\/wp\/v2\/media?parent=46509"}],"curies":[{"name":"wp","href":"https:\/\/api.w.org\/{rel}","templated":true}]}}