{"id":46649,"date":"2021-02-27T13:15:54","date_gmt":"2021-02-27T12:15:54","guid":{"rendered":"https:\/\/www.afs.ch\/aila-volkart-und-das-spanische-fest\/"},"modified":"2024-07-17T16:04:07","modified_gmt":"2024-07-17T15:04:07","slug":"aila-volkart-et-la-fete-espagnole","status":"publish","type":"page","link":"https:\/\/www.afs.ch\/fr\/aila-volkart-et-la-fete-espagnole\/","title":{"rendered":"Aila Volkart et la f\u00eate espagnole!"},"content":{"rendered":"<p>Aila Volkart a rapidement compris que l&rsquo;Espagne \u00e9tait le bon choix. Elle voulait am\u00e9liorer son espagnol gr\u00e2ce \u00e0 un programme d&rsquo;\u00e9change interculturel en Europe. Dans le cadre de la s\u00e9rie AFS Stories, elle nous ram\u00e8ne \u00e0 son ann\u00e9e en Espagne.<\/p>\n","protected":false},"excerpt":{"rendered":"<p>Aila Volkart a rapidement compris que l&rsquo;Espagne \u00e9tait le bon choix. Elle voulait am\u00e9liorer son espagnol gr\u00e2ce \u00e0 un programme&hellip;<\/p>\n","protected":false},"author":546,"featured_media":0,"parent":0,"menu_order":0,"comment_status":"closed","ping_status":"closed","template":"","meta":{"footnotes":""},"class_list":["post-46649","page","type-page","status-publish","hentry"],"yoast_head":"<!-- This site is optimized with the Yoast SEO plugin v26.6 - https:\/\/yoast.com\/wordpress\/plugins\/seo\/ -->\n<title>Aila Volkart et la f\u00eate espagnole! - Intercultural Programs<\/title>\n<meta name=\"robots\" content=\"index, follow, max-snippet:-1, max-image-preview:large, max-video-preview:-1\" \/>\n<link rel=\"canonical\" href=\"https:\/\/www.afs.ch\/fr\/aila-volkart-et-la-fete-espagnole\/\" \/>\n<meta property=\"og:locale\" content=\"fr_FR\" \/>\n<meta property=\"og:type\" content=\"article\" \/>\n<meta property=\"og:title\" content=\"Aila Volkart et la f\u00eate espagnole! - Intercultural Programs\" \/>\n<meta property=\"og:description\" content=\"Aila Volkart a rapidement compris que l&rsquo;Espagne \u00e9tait le bon choix. Elle voulait am\u00e9liorer son espagnol gr\u00e2ce \u00e0 un programme&hellip;\" \/>\n<meta property=\"og:url\" content=\"https:\/\/www.afs.ch\/fr\/aila-volkart-et-la-fete-espagnole\/\" \/>\n<meta property=\"og:site_name\" content=\"Intercultural Programs\" \/>\n<meta property=\"article:publisher\" content=\"https:\/\/www.facebook.com\/afsswitzerland\/\" \/>\n<meta property=\"article:modified_time\" content=\"2024-07-17T15:04:07+00:00\" \/>\n<meta name=\"twitter:card\" content=\"summary_large_image\" \/>\n<meta name=\"twitter:site\" content=\"@afs_ch\" \/>\n<meta name=\"twitter:label1\" content=\"Est. reading time\" \/>\n\t<meta name=\"twitter:data1\" content=\"2 minutes\" \/>\n<script type=\"application\/ld+json\" class=\"yoast-schema-graph\">{\"@context\":\"https:\/\/schema.org\",\"@graph\":[{\"@type\":\"WebPage\",\"@id\":\"https:\/\/www.afs.ch\/fr\/aila-volkart-et-la-fete-espagnole\/\",\"url\":\"https:\/\/www.afs.ch\/fr\/aila-volkart-et-la-fete-espagnole\/\",\"name\":\"Aila Volkart et la f\u00eate espagnole! - Intercultural Programs\",\"isPartOf\":{\"@id\":\"https:\/\/www.afs.ch\/fr\/#website\"},\"datePublished\":\"2021-02-27T12:15:54+00:00\",\"dateModified\":\"2024-07-17T15:04:07+00:00\",\"breadcrumb\":{\"@id\":\"https:\/\/www.afs.ch\/fr\/aila-volkart-et-la-fete-espagnole\/#breadcrumb\"},\"inLanguage\":\"fr-FR\",\"potentialAction\":[{\"@type\":\"ReadAction\",\"target\":[\"https:\/\/www.afs.ch\/fr\/aila-volkart-et-la-fete-espagnole\/\"]}]},{\"@type\":\"BreadcrumbList\",\"@id\":\"https:\/\/www.afs.ch\/fr\/aila-volkart-et-la-fete-espagnole\/#breadcrumb\",\"itemListElement\":[{\"@type\":\"ListItem\",\"position\":1,\"name\":\"Home\",\"item\":\"https:\/\/switzerland.afssite.afs.org\/fr\/\"},{\"@type\":\"ListItem\",\"position\":2,\"name\":\"Aila Volkart et la f\u00eate espagnole!\"}]},{\"@type\":\"WebSite\",\"@id\":\"https:\/\/www.afs.ch\/fr\/#website\",\"url\":\"https:\/\/www.afs.ch\/fr\/\",\"name\":\"Interkulturelle Programme\",\"description\":\"Switzerland\",\"potentialAction\":[{\"@type\":\"SearchAction\",\"target\":{\"@type\":\"EntryPoint\",\"urlTemplate\":\"https:\/\/www.afs.ch\/fr\/?s={search_term_string}\"},\"query-input\":{\"@type\":\"PropertyValueSpecification\",\"valueRequired\":true,\"valueName\":\"search_term_string\"}}],\"inLanguage\":\"fr-FR\"}]}<\/script>\n<!-- \/ Yoast SEO plugin. -->","yoast_head_json":{"title":"Aila Volkart et la f\u00eate espagnole! - Intercultural Programs","robots":{"index":"index","follow":"follow","max-snippet":"max-snippet:-1","max-image-preview":"max-image-preview:large","max-video-preview":"max-video-preview:-1"},"canonical":"https:\/\/www.afs.ch\/fr\/aila-volkart-et-la-fete-espagnole\/","og_locale":"fr_FR","og_type":"article","og_title":"Aila Volkart et la f\u00eate espagnole! - Intercultural Programs","og_description":"Aila Volkart a rapidement compris que l&rsquo;Espagne \u00e9tait le bon choix. Elle voulait am\u00e9liorer son espagnol gr\u00e2ce \u00e0 un programme&hellip;","og_url":"https:\/\/www.afs.ch\/fr\/aila-volkart-et-la-fete-espagnole\/","og_site_name":"Intercultural Programs","article_publisher":"https:\/\/www.facebook.com\/afsswitzerland\/","article_modified_time":"2024-07-17T15:04:07+00:00","twitter_card":"summary_large_image","twitter_site":"@afs_ch","twitter_misc":{"Est. reading time":"2 minutes"},"schema":{"@context":"https:\/\/schema.org","@graph":[{"@type":"WebPage","@id":"https:\/\/www.afs.ch\/fr\/aila-volkart-et-la-fete-espagnole\/","url":"https:\/\/www.afs.ch\/fr\/aila-volkart-et-la-fete-espagnole\/","name":"Aila Volkart et la f\u00eate espagnole! - Intercultural Programs","isPartOf":{"@id":"https:\/\/www.afs.ch\/fr\/#website"},"datePublished":"2021-02-27T12:15:54+00:00","dateModified":"2024-07-17T15:04:07+00:00","breadcrumb":{"@id":"https:\/\/www.afs.ch\/fr\/aila-volkart-et-la-fete-espagnole\/#breadcrumb"},"inLanguage":"fr-FR","potentialAction":[{"@type":"ReadAction","target":["https:\/\/www.afs.ch\/fr\/aila-volkart-et-la-fete-espagnole\/"]}]},{"@type":"BreadcrumbList","@id":"https:\/\/www.afs.ch\/fr\/aila-volkart-et-la-fete-espagnole\/#breadcrumb","itemListElement":[{"@type":"ListItem","position":1,"name":"Home","item":"https:\/\/switzerland.afssite.afs.org\/fr\/"},{"@type":"ListItem","position":2,"name":"Aila Volkart et la f\u00eate espagnole!"}]},{"@type":"WebSite","@id":"https:\/\/www.afs.ch\/fr\/#website","url":"https:\/\/www.afs.ch\/fr\/","name":"Interkulturelle Programme","description":"Switzerland","potentialAction":[{"@type":"SearchAction","target":{"@type":"EntryPoint","urlTemplate":"https:\/\/www.afs.ch\/fr\/?s={search_term_string}"},"query-input":{"@type":"PropertyValueSpecification","valueRequired":true,"valueName":"search_term_string"}}],"inLanguage":"fr-FR"}]}},"_links":{"self":[{"href":"https:\/\/www.afs.ch\/fr\/wp-json\/wp\/v2\/pages\/46649","targetHints":{"allow":["GET"]}}],"collection":[{"href":"https:\/\/www.afs.ch\/fr\/wp-json\/wp\/v2\/pages"}],"about":[{"href":"https:\/\/www.afs.ch\/fr\/wp-json\/wp\/v2\/types\/page"}],"author":[{"embeddable":true,"href":"https:\/\/www.afs.ch\/fr\/wp-json\/wp\/v2\/users\/546"}],"replies":[{"embeddable":true,"href":"https:\/\/www.afs.ch\/fr\/wp-json\/wp\/v2\/comments?post=46649"}],"version-history":[{"count":10,"href":"https:\/\/www.afs.ch\/fr\/wp-json\/wp\/v2\/pages\/46649\/revisions"}],"predecessor-version":[{"id":57397,"href":"https:\/\/www.afs.ch\/fr\/wp-json\/wp\/v2\/pages\/46649\/revisions\/57397"}],"wp:attachment":[{"href":"https:\/\/www.afs.ch\/fr\/wp-json\/wp\/v2\/media?parent=46649"}],"curies":[{"name":"wp","href":"https:\/\/api.w.org\/{rel}","templated":true}]}}