{"id":46719,"date":"2021-03-13T11:45:53","date_gmt":"2021-03-13T10:45:53","guid":{"rendered":"https:\/\/www.afs.ch\/judith-boppart-und-die-beruflichen-kompetenzen\/"},"modified":"2024-05-22T14:16:59","modified_gmt":"2024-05-22T13:16:59","slug":"judith-poppart-et-les-competences-professionnelles","status":"publish","type":"page","link":"https:\/\/www.afs.ch\/fr\/judith-poppart-et-les-competences-professionnelles\/","title":{"rendered":"Judith Boppart et les comp\u00e9tences professionnelles"},"content":{"rendered":"<p>Judith Boppart participa en 2007 \u00e0 un engagement social en Tha\u00eflande. Depuis son retour, elle travaille en tant que b\u00e9n\u00e9vole pour AFS et \u00e9largit ainsi ses comp\u00e9tences. Avec AFS Stories, elle nous offre un regard sur ses ann\u00e9es pass\u00e9es en tant que b\u00e9n\u00e9vole.<\/p>\n","protected":false},"excerpt":{"rendered":"<p>Judith Boppart participa en 2007 \u00e0 un engagement social en Tha\u00eflande. Depuis son retour, elle travaille en tant que b\u00e9n\u00e9vole&hellip;<\/p>\n","protected":false},"author":546,"featured_media":0,"parent":0,"menu_order":0,"comment_status":"closed","ping_status":"closed","template":"","meta":{"footnotes":""},"class_list":["post-46719","page","type-page","status-publish","hentry"],"yoast_head":"<!-- This site is optimized with the Yoast SEO plugin v26.6 - https:\/\/yoast.com\/wordpress\/plugins\/seo\/ -->\n<title>Judith Boppart et les comp\u00e9tences professionnelles - Intercultural Programs<\/title>\n<meta name=\"robots\" content=\"index, follow, max-snippet:-1, max-image-preview:large, max-video-preview:-1\" \/>\n<link rel=\"canonical\" href=\"https:\/\/www.afs.ch\/fr\/judith-poppart-et-les-competences-professionnelles\/\" \/>\n<meta property=\"og:locale\" content=\"fr_FR\" \/>\n<meta property=\"og:type\" content=\"article\" \/>\n<meta property=\"og:title\" content=\"Judith Boppart et les comp\u00e9tences professionnelles - Intercultural Programs\" \/>\n<meta property=\"og:description\" content=\"Judith Boppart participa en 2007 \u00e0 un engagement social en Tha\u00eflande. Depuis son retour, elle travaille en tant que b\u00e9n\u00e9vole&hellip;\" \/>\n<meta property=\"og:url\" content=\"https:\/\/www.afs.ch\/fr\/judith-poppart-et-les-competences-professionnelles\/\" \/>\n<meta property=\"og:site_name\" content=\"Intercultural Programs\" \/>\n<meta property=\"article:publisher\" content=\"https:\/\/www.facebook.com\/afsswitzerland\/\" \/>\n<meta property=\"article:modified_time\" content=\"2024-05-22T13:16:59+00:00\" \/>\n<meta name=\"twitter:card\" content=\"summary_large_image\" \/>\n<meta name=\"twitter:site\" content=\"@afs_ch\" \/>\n<meta name=\"twitter:label1\" content=\"Est. reading time\" \/>\n\t<meta name=\"twitter:data1\" content=\"2 minutes\" \/>\n<script type=\"application\/ld+json\" class=\"yoast-schema-graph\">{\"@context\":\"https:\/\/schema.org\",\"@graph\":[{\"@type\":\"WebPage\",\"@id\":\"https:\/\/www.afs.ch\/fr\/judith-poppart-et-les-competences-professionnelles\/\",\"url\":\"https:\/\/www.afs.ch\/fr\/judith-poppart-et-les-competences-professionnelles\/\",\"name\":\"Judith Boppart et les comp\u00e9tences professionnelles - Intercultural Programs\",\"isPartOf\":{\"@id\":\"https:\/\/www.afs.ch\/fr\/#website\"},\"datePublished\":\"2021-03-13T10:45:53+00:00\",\"dateModified\":\"2024-05-22T13:16:59+00:00\",\"breadcrumb\":{\"@id\":\"https:\/\/www.afs.ch\/fr\/judith-poppart-et-les-competences-professionnelles\/#breadcrumb\"},\"inLanguage\":\"fr-FR\",\"potentialAction\":[{\"@type\":\"ReadAction\",\"target\":[\"https:\/\/www.afs.ch\/fr\/judith-poppart-et-les-competences-professionnelles\/\"]}]},{\"@type\":\"BreadcrumbList\",\"@id\":\"https:\/\/www.afs.ch\/fr\/judith-poppart-et-les-competences-professionnelles\/#breadcrumb\",\"itemListElement\":[{\"@type\":\"ListItem\",\"position\":1,\"name\":\"Home\",\"item\":\"https:\/\/switzerland.afssite.afs.org\/fr\/\"},{\"@type\":\"ListItem\",\"position\":2,\"name\":\"Judith Boppart et les comp\u00e9tences professionnelles\"}]},{\"@type\":\"WebSite\",\"@id\":\"https:\/\/www.afs.ch\/fr\/#website\",\"url\":\"https:\/\/www.afs.ch\/fr\/\",\"name\":\"Interkulturelle Programme\",\"description\":\"Switzerland\",\"potentialAction\":[{\"@type\":\"SearchAction\",\"target\":{\"@type\":\"EntryPoint\",\"urlTemplate\":\"https:\/\/www.afs.ch\/fr\/?s={search_term_string}\"},\"query-input\":{\"@type\":\"PropertyValueSpecification\",\"valueRequired\":true,\"valueName\":\"search_term_string\"}}],\"inLanguage\":\"fr-FR\"}]}<\/script>\n<!-- \/ Yoast SEO plugin. -->","yoast_head_json":{"title":"Judith Boppart et les comp\u00e9tences professionnelles - Intercultural Programs","robots":{"index":"index","follow":"follow","max-snippet":"max-snippet:-1","max-image-preview":"max-image-preview:large","max-video-preview":"max-video-preview:-1"},"canonical":"https:\/\/www.afs.ch\/fr\/judith-poppart-et-les-competences-professionnelles\/","og_locale":"fr_FR","og_type":"article","og_title":"Judith Boppart et les comp\u00e9tences professionnelles - Intercultural Programs","og_description":"Judith Boppart participa en 2007 \u00e0 un engagement social en Tha\u00eflande. Depuis son retour, elle travaille en tant que b\u00e9n\u00e9vole&hellip;","og_url":"https:\/\/www.afs.ch\/fr\/judith-poppart-et-les-competences-professionnelles\/","og_site_name":"Intercultural Programs","article_publisher":"https:\/\/www.facebook.com\/afsswitzerland\/","article_modified_time":"2024-05-22T13:16:59+00:00","twitter_card":"summary_large_image","twitter_site":"@afs_ch","twitter_misc":{"Est. reading time":"2 minutes"},"schema":{"@context":"https:\/\/schema.org","@graph":[{"@type":"WebPage","@id":"https:\/\/www.afs.ch\/fr\/judith-poppart-et-les-competences-professionnelles\/","url":"https:\/\/www.afs.ch\/fr\/judith-poppart-et-les-competences-professionnelles\/","name":"Judith Boppart et les comp\u00e9tences professionnelles - Intercultural Programs","isPartOf":{"@id":"https:\/\/www.afs.ch\/fr\/#website"},"datePublished":"2021-03-13T10:45:53+00:00","dateModified":"2024-05-22T13:16:59+00:00","breadcrumb":{"@id":"https:\/\/www.afs.ch\/fr\/judith-poppart-et-les-competences-professionnelles\/#breadcrumb"},"inLanguage":"fr-FR","potentialAction":[{"@type":"ReadAction","target":["https:\/\/www.afs.ch\/fr\/judith-poppart-et-les-competences-professionnelles\/"]}]},{"@type":"BreadcrumbList","@id":"https:\/\/www.afs.ch\/fr\/judith-poppart-et-les-competences-professionnelles\/#breadcrumb","itemListElement":[{"@type":"ListItem","position":1,"name":"Home","item":"https:\/\/switzerland.afssite.afs.org\/fr\/"},{"@type":"ListItem","position":2,"name":"Judith Boppart et les comp\u00e9tences professionnelles"}]},{"@type":"WebSite","@id":"https:\/\/www.afs.ch\/fr\/#website","url":"https:\/\/www.afs.ch\/fr\/","name":"Interkulturelle Programme","description":"Switzerland","potentialAction":[{"@type":"SearchAction","target":{"@type":"EntryPoint","urlTemplate":"https:\/\/www.afs.ch\/fr\/?s={search_term_string}"},"query-input":{"@type":"PropertyValueSpecification","valueRequired":true,"valueName":"search_term_string"}}],"inLanguage":"fr-FR"}]}},"_links":{"self":[{"href":"https:\/\/www.afs.ch\/fr\/wp-json\/wp\/v2\/pages\/46719","targetHints":{"allow":["GET"]}}],"collection":[{"href":"https:\/\/www.afs.ch\/fr\/wp-json\/wp\/v2\/pages"}],"about":[{"href":"https:\/\/www.afs.ch\/fr\/wp-json\/wp\/v2\/types\/page"}],"author":[{"embeddable":true,"href":"https:\/\/www.afs.ch\/fr\/wp-json\/wp\/v2\/users\/546"}],"replies":[{"embeddable":true,"href":"https:\/\/www.afs.ch\/fr\/wp-json\/wp\/v2\/comments?post=46719"}],"version-history":[{"count":6,"href":"https:\/\/www.afs.ch\/fr\/wp-json\/wp\/v2\/pages\/46719\/revisions"}],"predecessor-version":[{"id":56917,"href":"https:\/\/www.afs.ch\/fr\/wp-json\/wp\/v2\/pages\/46719\/revisions\/56917"}],"wp:attachment":[{"href":"https:\/\/www.afs.ch\/fr\/wp-json\/wp\/v2\/media?parent=46719"}],"curies":[{"name":"wp","href":"https:\/\/api.w.org\/{rel}","templated":true}]}}