{"id":46974,"date":"2021-03-24T17:03:01","date_gmt":"2021-03-24T16:03:01","guid":{"rendered":"https:\/\/www.afs.ch\/robert-ramer-und-die-religioesen-feste-im-vielvoelkerstaat\/"},"modified":"2021-04-06T10:28:38","modified_gmt":"2021-04-06T09:28:38","slug":"robert-ramer-et-les-fetes-religieuses-dans-l-etat-pluriethnique","status":"publish","type":"page","link":"https:\/\/www.afs.ch\/fr\/robert-ramer-et-les-fetes-religieuses-dans-l-etat-pluriethnique\/","title":{"rendered":"Robert Ramer et les f\u00eates religieuses dans l\u2019\u00e9tat pluriethnique"},"content":{"rendered":"<p><span style=\"font-weight: 400;\">\u00c0 la base, Robert voulait partir aux \u00c9tats-Unis, mais il a finalement chang\u00e9 d\u2019avis. Apr\u00e8s avoir tourn\u00e9 un globe terrestre, il a atterri dans un petit village de campagne en Malaisie. \u00c0 l\u2019\u00e9poque, il \u00e9tait l\u2019attraction num\u00e9ro une, il a d\u00fb apprendre beaucoup de choses et a pu vivre \u00e9norm\u00e9ment d\u2019exp\u00e9riences passionnantes. Pour AFS Stories, il replonge dans son pass\u00e9 et nous fait part de son exp\u00e9rience en programme d\u2019\u00e9change en Extr\u00eame-Orient.<\/span><\/p>\n","protected":false},"excerpt":{"rendered":"<p>\u00c0 la base, Robert voulait partir aux \u00c9tats-Unis, mais il a finalement chang\u00e9 d\u2019avis. Apr\u00e8s avoir tourn\u00e9 un globe terrestre,&hellip;<\/p>\n","protected":false},"author":546,"featured_media":0,"parent":0,"menu_order":0,"comment_status":"closed","ping_status":"closed","template":"","meta":{"footnotes":""},"class_list":["post-46974","page","type-page","status-publish","hentry"],"yoast_head":"<!-- This site is optimized with the Yoast SEO plugin v26.6 - https:\/\/yoast.com\/wordpress\/plugins\/seo\/ -->\n<title>Robert Ramer et les f\u00eates religieuses dans l\u2019\u00e9tat pluriethnique - Intercultural Programs<\/title>\n<meta name=\"robots\" content=\"index, follow, max-snippet:-1, max-image-preview:large, max-video-preview:-1\" \/>\n<link rel=\"canonical\" href=\"https:\/\/www.afs.ch\/fr\/robert-ramer-et-les-fetes-religieuses-dans-l-etat-pluriethnique\/\" \/>\n<meta property=\"og:locale\" content=\"fr_FR\" \/>\n<meta property=\"og:type\" content=\"article\" \/>\n<meta property=\"og:title\" content=\"Robert Ramer et les f\u00eates religieuses dans l\u2019\u00e9tat pluriethnique - Intercultural Programs\" \/>\n<meta property=\"og:description\" content=\"\u00c0 la base, Robert voulait partir aux \u00c9tats-Unis, mais il a finalement chang\u00e9 d\u2019avis. Apr\u00e8s avoir tourn\u00e9 un globe terrestre,&hellip;\" \/>\n<meta property=\"og:url\" content=\"https:\/\/www.afs.ch\/fr\/robert-ramer-et-les-fetes-religieuses-dans-l-etat-pluriethnique\/\" \/>\n<meta property=\"og:site_name\" content=\"Intercultural Programs\" \/>\n<meta property=\"article:publisher\" content=\"https:\/\/www.facebook.com\/afsswitzerland\/\" \/>\n<meta property=\"article:modified_time\" content=\"2021-04-06T09:28:38+00:00\" \/>\n<meta name=\"twitter:card\" content=\"summary_large_image\" \/>\n<meta name=\"twitter:site\" content=\"@afs_ch\" \/>\n<script type=\"application\/ld+json\" class=\"yoast-schema-graph\">{\"@context\":\"https:\/\/schema.org\",\"@graph\":[{\"@type\":\"WebPage\",\"@id\":\"https:\/\/www.afs.ch\/fr\/robert-ramer-et-les-fetes-religieuses-dans-l-etat-pluriethnique\/\",\"url\":\"https:\/\/www.afs.ch\/fr\/robert-ramer-et-les-fetes-religieuses-dans-l-etat-pluriethnique\/\",\"name\":\"Robert Ramer et les f\u00eates religieuses dans l\u2019\u00e9tat pluriethnique - Intercultural Programs\",\"isPartOf\":{\"@id\":\"https:\/\/www.afs.ch\/fr\/#website\"},\"datePublished\":\"2021-03-24T16:03:01+00:00\",\"dateModified\":\"2021-04-06T09:28:38+00:00\",\"breadcrumb\":{\"@id\":\"https:\/\/www.afs.ch\/fr\/robert-ramer-et-les-fetes-religieuses-dans-l-etat-pluriethnique\/#breadcrumb\"},\"inLanguage\":\"fr-FR\",\"potentialAction\":[{\"@type\":\"ReadAction\",\"target\":[\"https:\/\/www.afs.ch\/fr\/robert-ramer-et-les-fetes-religieuses-dans-l-etat-pluriethnique\/\"]}]},{\"@type\":\"BreadcrumbList\",\"@id\":\"https:\/\/www.afs.ch\/fr\/robert-ramer-et-les-fetes-religieuses-dans-l-etat-pluriethnique\/#breadcrumb\",\"itemListElement\":[{\"@type\":\"ListItem\",\"position\":1,\"name\":\"Home\",\"item\":\"https:\/\/switzerland.afssite.afs.org\/fr\/\"},{\"@type\":\"ListItem\",\"position\":2,\"name\":\"Robert Ramer et les f\u00eates religieuses dans l\u2019\u00e9tat pluriethnique\"}]},{\"@type\":\"WebSite\",\"@id\":\"https:\/\/www.afs.ch\/fr\/#website\",\"url\":\"https:\/\/www.afs.ch\/fr\/\",\"name\":\"Interkulturelle Programme\",\"description\":\"Switzerland\",\"potentialAction\":[{\"@type\":\"SearchAction\",\"target\":{\"@type\":\"EntryPoint\",\"urlTemplate\":\"https:\/\/www.afs.ch\/fr\/?s={search_term_string}\"},\"query-input\":{\"@type\":\"PropertyValueSpecification\",\"valueRequired\":true,\"valueName\":\"search_term_string\"}}],\"inLanguage\":\"fr-FR\"}]}<\/script>\n<!-- \/ Yoast SEO plugin. -->","yoast_head_json":{"title":"Robert Ramer et les f\u00eates religieuses dans l\u2019\u00e9tat pluriethnique - Intercultural Programs","robots":{"index":"index","follow":"follow","max-snippet":"max-snippet:-1","max-image-preview":"max-image-preview:large","max-video-preview":"max-video-preview:-1"},"canonical":"https:\/\/www.afs.ch\/fr\/robert-ramer-et-les-fetes-religieuses-dans-l-etat-pluriethnique\/","og_locale":"fr_FR","og_type":"article","og_title":"Robert Ramer et les f\u00eates religieuses dans l\u2019\u00e9tat pluriethnique - Intercultural Programs","og_description":"\u00c0 la base, Robert voulait partir aux \u00c9tats-Unis, mais il a finalement chang\u00e9 d\u2019avis. Apr\u00e8s avoir tourn\u00e9 un globe terrestre,&hellip;","og_url":"https:\/\/www.afs.ch\/fr\/robert-ramer-et-les-fetes-religieuses-dans-l-etat-pluriethnique\/","og_site_name":"Intercultural Programs","article_publisher":"https:\/\/www.facebook.com\/afsswitzerland\/","article_modified_time":"2021-04-06T09:28:38+00:00","twitter_card":"summary_large_image","twitter_site":"@afs_ch","schema":{"@context":"https:\/\/schema.org","@graph":[{"@type":"WebPage","@id":"https:\/\/www.afs.ch\/fr\/robert-ramer-et-les-fetes-religieuses-dans-l-etat-pluriethnique\/","url":"https:\/\/www.afs.ch\/fr\/robert-ramer-et-les-fetes-religieuses-dans-l-etat-pluriethnique\/","name":"Robert Ramer et les f\u00eates religieuses dans l\u2019\u00e9tat pluriethnique - Intercultural Programs","isPartOf":{"@id":"https:\/\/www.afs.ch\/fr\/#website"},"datePublished":"2021-03-24T16:03:01+00:00","dateModified":"2021-04-06T09:28:38+00:00","breadcrumb":{"@id":"https:\/\/www.afs.ch\/fr\/robert-ramer-et-les-fetes-religieuses-dans-l-etat-pluriethnique\/#breadcrumb"},"inLanguage":"fr-FR","potentialAction":[{"@type":"ReadAction","target":["https:\/\/www.afs.ch\/fr\/robert-ramer-et-les-fetes-religieuses-dans-l-etat-pluriethnique\/"]}]},{"@type":"BreadcrumbList","@id":"https:\/\/www.afs.ch\/fr\/robert-ramer-et-les-fetes-religieuses-dans-l-etat-pluriethnique\/#breadcrumb","itemListElement":[{"@type":"ListItem","position":1,"name":"Home","item":"https:\/\/switzerland.afssite.afs.org\/fr\/"},{"@type":"ListItem","position":2,"name":"Robert Ramer et les f\u00eates religieuses dans l\u2019\u00e9tat pluriethnique"}]},{"@type":"WebSite","@id":"https:\/\/www.afs.ch\/fr\/#website","url":"https:\/\/www.afs.ch\/fr\/","name":"Interkulturelle Programme","description":"Switzerland","potentialAction":[{"@type":"SearchAction","target":{"@type":"EntryPoint","urlTemplate":"https:\/\/www.afs.ch\/fr\/?s={search_term_string}"},"query-input":{"@type":"PropertyValueSpecification","valueRequired":true,"valueName":"search_term_string"}}],"inLanguage":"fr-FR"}]}},"_links":{"self":[{"href":"https:\/\/www.afs.ch\/fr\/wp-json\/wp\/v2\/pages\/46974","targetHints":{"allow":["GET"]}}],"collection":[{"href":"https:\/\/www.afs.ch\/fr\/wp-json\/wp\/v2\/pages"}],"about":[{"href":"https:\/\/www.afs.ch\/fr\/wp-json\/wp\/v2\/types\/page"}],"author":[{"embeddable":true,"href":"https:\/\/www.afs.ch\/fr\/wp-json\/wp\/v2\/users\/546"}],"replies":[{"embeddable":true,"href":"https:\/\/www.afs.ch\/fr\/wp-json\/wp\/v2\/comments?post=46974"}],"version-history":[{"count":12,"href":"https:\/\/www.afs.ch\/fr\/wp-json\/wp\/v2\/pages\/46974\/revisions"}],"predecessor-version":[{"id":47030,"href":"https:\/\/www.afs.ch\/fr\/wp-json\/wp\/v2\/pages\/46974\/revisions\/47030"}],"wp:attachment":[{"href":"https:\/\/www.afs.ch\/fr\/wp-json\/wp\/v2\/media?parent=46974"}],"curies":[{"name":"wp","href":"https:\/\/api.w.org\/{rel}","templated":true}]}}