{"id":49629,"date":"2021-12-06T14:42:43","date_gmt":"2021-12-06T13:42:43","guid":{"rendered":"https:\/\/www.afs.ch\/?page_id=49629"},"modified":"2021-12-06T14:43:48","modified_gmt":"2021-12-06T13:43:48","slug":"saint-nicolas","status":"publish","type":"page","link":"https:\/\/www.afs.ch\/fr\/saint-nicolas\/","title":{"rendered":"Saint-Nicolas"},"content":{"rendered":"<h3><b>Les traditions autour de la Saint-Nicolas en Suisse<\/b><\/h3>\n<p><span style=\"font-weight: 400;\">Le 6 d\u00e9cembre est un jour sp\u00e9cial en Suisse, surtout pour les enfants. C&rsquo;est en effet le jour de la visite de Saint-Nicolas et du P\u00e8re Fouettard. Les traditions autour de la Saint-Nicolas varient d&rsquo;une famille \u00e0 l&rsquo;autre. Certaines familles re\u00e7oivent la visite de Saint-Nicolas et du P\u00e8re Fouettard \u00e0 la maison, d&rsquo;autres les rencontrent par exemple lors de manifestations.\u00a0<\/span><\/p>\n<p><span style=\"font-weight: 400;\">Avant la visite de Saint-Nicolas et du P\u00e8re Fouettard, les enfants apprennent par c\u0153ur des po\u00e8mes qu&rsquo;ils r\u00e9citent avant de p\u00e2tisser. Une tradition importante de la Saint-Nicolas est de cuire un \u00ab\u00a0Grittib\u00e4nz\u00a0\u00bb. Un \u00ab\u00a0Grittib\u00e4nz\u00a0\u00bb est une p\u00e2tisserie en forme de bonhomme. Chacun fa\u00e7onne et d\u00e9core son bonhomme de St-Nicolas comme il le souhaite. On obtient ainsi des p\u00e2tisseries uniques que l&rsquo;on mange ensuite au go\u00fbter ou au d\u00eener.<\/span><\/p>\n<p><span style=\"font-weight: 400;\">A l&rsquo;arriv\u00e9e de Saint-Nicolas et du P\u00e8re Fouettard, les enfants commencent par r\u00e9citer les vers qu&rsquo;ils ont appris. Ensuite, Saint-Nicolas revient sur le comportement des enfants durant l&rsquo;ann\u00e9e \u00e9coul\u00e9e: ce qu\u2019ils ont bien fait et ce qu&rsquo;ils doivent am\u00e9liorer l&rsquo;ann\u00e9e prochaine. Pour finir, Saint-Nicolas et le P\u00e8re Fouettard distribuent des sacs remplis de cacahu\u00e8tes, de pain d&rsquo;\u00e9pices, de mandarines et de chocolat.\u00a0<\/span><\/p>\n<h3><b>L\u2019histoire qui se cache derri\u00e8re<\/b><\/h3>\n<p><span style=\"font-weight: 400;\">\u00a0<\/span><span style=\"font-weight: 400;\">Le personnage de Saint-Nicolas est inspir\u00e9 de Nicolas de Myre appel\u00e9 \u00e9galement Nicolas de Bari (Italie). C\u2019est l\u2019un des saints les plus populaires en Gr\u00e8ce et dans l\u2019Eglise latine. Apr\u00e8s sa mort, saint Nicolas a aliment\u00e9 une multitude de l\u00e9gendes qui refl\u00e8tent sa personnalit\u00e9 g\u00e9n\u00e9reuse.<\/span><\/p>\n<p><span style=\"font-weight: 400;\">Nicolas est n\u00e9 au 3e si\u00e8cle apr\u00e8s J\u00e9sus-Christ \u00e0 Patara, une petite ville situ\u00e9e dans l&rsquo;actuel sud de la Turquie. Il \u00e9tait le fils unique de parents riches qui moururent tr\u00e8s jeunes. Au cours de ses voyages, Nicolas a constat\u00e9 que beaucoup de ses compatriotes \u00e9taient pauvres et mouraient de faim. Il a donc commenc\u00e9 \u00e0 distribuer son argent \u00e0 ces personnes.<\/span><\/p>\n<p><span style=\"font-weight: 400;\">Lorsqu&rsquo;il arriva \u00e0 Myre lors d&rsquo;un de ses voyages, les portes de la ville \u00e9taient d\u00e9j\u00e0 ferm\u00e9es, heure tardive oblige. Il fut donc contraint de dormir aux portes de la ville. L&rsquo;\u00e9v\u00eaque de Myre \u00e9tait mort peu de temps auparavant. Ne trouvant pas de successeur digne de ce nom, les \u00e9diles de la ville d\u00e9cid\u00e8rent que \u00ab\u00a0le premier qui entrerait dans l&rsquo;\u00e9glise le lendemain matin deviendrait \u00e9v\u00eaque\u00a0\u00bb.<\/span><\/p>\n<p><span style=\"font-weight: 400;\">Comme Nicolas \u00e9tait un homme de foi, son chemin le conduisit le lendemain matin \u00e0 l&rsquo;\u00e9glise pour prier. C&rsquo;est ainsi que Nicolas est devenu \u00e9v\u00eaque de Myre. En tant que haut clerc, il aurait \u00e9t\u00e9 encore plus g\u00e9n\u00e9reux qu&rsquo;auparavant : les habitants du pays le connaissaient et le v\u00e9n\u00e9raient.<\/span><\/p>\n<p><figure class=\"wp-image-wrap\"><img loading=\"lazy\" decoding=\"async\" class=\"alignnone size-medium wp-image-49636\" src=\"https:\/\/d22dvihj4pfop3.cloudfront.net\/wp-content\/uploads\/sites\/71\/2021\/12\/06143520\/saint-nicholas-g5ca72b971_1280-1-650x366.jpg\" alt=\"\" width=\"650\" height=\"366\" \/><\/figure><\/p>\n","protected":false},"excerpt":{"rendered":"<p>Les traditions autour de la Saint-Nicolas en Suisse Le 6 d\u00e9cembre est un jour sp\u00e9cial en Suisse, surtout pour les&hellip;<\/p>\n","protected":false},"author":1060,"featured_media":0,"parent":0,"menu_order":0,"comment_status":"closed","ping_status":"closed","template":"","meta":{"footnotes":""},"class_list":["post-49629","page","type-page","status-publish","hentry"],"yoast_head":"<!-- This site is optimized with the Yoast SEO plugin v26.6 - https:\/\/yoast.com\/wordpress\/plugins\/seo\/ -->\n<title>Saint-Nicolas - Intercultural Programs<\/title>\n<meta name=\"robots\" content=\"index, follow, max-snippet:-1, max-image-preview:large, max-video-preview:-1\" \/>\n<link rel=\"canonical\" href=\"https:\/\/www.afs.ch\/fr\/saint-nicolas\/\" \/>\n<meta property=\"og:locale\" content=\"fr_FR\" \/>\n<meta property=\"og:type\" content=\"article\" \/>\n<meta property=\"og:title\" content=\"Saint-Nicolas - Intercultural Programs\" \/>\n<meta property=\"og:description\" content=\"Les traditions autour de la Saint-Nicolas en Suisse Le 6 d\u00e9cembre est un jour sp\u00e9cial en Suisse, surtout pour les&hellip;\" \/>\n<meta property=\"og:url\" content=\"https:\/\/www.afs.ch\/fr\/saint-nicolas\/\" \/>\n<meta property=\"og:site_name\" content=\"Intercultural Programs\" \/>\n<meta property=\"article:publisher\" content=\"https:\/\/www.facebook.com\/afsswitzerland\/\" \/>\n<meta property=\"article:modified_time\" content=\"2021-12-06T13:43:48+00:00\" \/>\n<meta property=\"og:image\" content=\"https:\/\/www.afs.ch\/wp-content\/uploads\/sites\/71\/2021\/12\/saint-nicholas-g5ca72b971_1280-1-650x366.jpg\" \/>\n<meta name=\"twitter:card\" content=\"summary_large_image\" \/>\n<meta name=\"twitter:site\" content=\"@afs_ch\" \/>\n<meta name=\"twitter:label1\" content=\"Est. reading time\" \/>\n\t<meta name=\"twitter:data1\" content=\"2 minutes\" \/>\n<script type=\"application\/ld+json\" class=\"yoast-schema-graph\">{\"@context\":\"https:\/\/schema.org\",\"@graph\":[{\"@type\":\"WebPage\",\"@id\":\"https:\/\/www.afs.ch\/fr\/saint-nicolas\/\",\"url\":\"https:\/\/www.afs.ch\/fr\/saint-nicolas\/\",\"name\":\"Saint-Nicolas - Intercultural Programs\",\"isPartOf\":{\"@id\":\"https:\/\/www.afs.ch\/fr\/#website\"},\"primaryImageOfPage\":{\"@id\":\"https:\/\/www.afs.ch\/fr\/saint-nicolas\/#primaryimage\"},\"image\":{\"@id\":\"https:\/\/www.afs.ch\/fr\/saint-nicolas\/#primaryimage\"},\"thumbnailUrl\":\"https:\/\/www.afs.ch\/wp-content\/uploads\/sites\/71\/2021\/12\/saint-nicholas-g5ca72b971_1280-1-650x366.jpg\",\"datePublished\":\"2021-12-06T13:42:43+00:00\",\"dateModified\":\"2021-12-06T13:43:48+00:00\",\"breadcrumb\":{\"@id\":\"https:\/\/www.afs.ch\/fr\/saint-nicolas\/#breadcrumb\"},\"inLanguage\":\"fr-FR\",\"potentialAction\":[{\"@type\":\"ReadAction\",\"target\":[\"https:\/\/www.afs.ch\/fr\/saint-nicolas\/\"]}]},{\"@type\":\"ImageObject\",\"inLanguage\":\"fr-FR\",\"@id\":\"https:\/\/www.afs.ch\/fr\/saint-nicolas\/#primaryimage\",\"url\":\"https:\/\/www.afs.ch\/wp-content\/uploads\/sites\/71\/2021\/12\/saint-nicholas-g5ca72b971_1280-1-650x366.jpg\",\"contentUrl\":\"https:\/\/www.afs.ch\/wp-content\/uploads\/sites\/71\/2021\/12\/saint-nicholas-g5ca72b971_1280-1-650x366.jpg\"},{\"@type\":\"BreadcrumbList\",\"@id\":\"https:\/\/www.afs.ch\/fr\/saint-nicolas\/#breadcrumb\",\"itemListElement\":[{\"@type\":\"ListItem\",\"position\":1,\"name\":\"Home\",\"item\":\"https:\/\/switzerland.afssite.afs.org\/fr\/\"},{\"@type\":\"ListItem\",\"position\":2,\"name\":\"Saint-Nicolas\"}]},{\"@type\":\"WebSite\",\"@id\":\"https:\/\/www.afs.ch\/fr\/#website\",\"url\":\"https:\/\/www.afs.ch\/fr\/\",\"name\":\"Interkulturelle Programme\",\"description\":\"Switzerland\",\"potentialAction\":[{\"@type\":\"SearchAction\",\"target\":{\"@type\":\"EntryPoint\",\"urlTemplate\":\"https:\/\/www.afs.ch\/fr\/?s={search_term_string}\"},\"query-input\":{\"@type\":\"PropertyValueSpecification\",\"valueRequired\":true,\"valueName\":\"search_term_string\"}}],\"inLanguage\":\"fr-FR\"}]}<\/script>\n<!-- \/ Yoast SEO plugin. -->","yoast_head_json":{"title":"Saint-Nicolas - Intercultural Programs","robots":{"index":"index","follow":"follow","max-snippet":"max-snippet:-1","max-image-preview":"max-image-preview:large","max-video-preview":"max-video-preview:-1"},"canonical":"https:\/\/www.afs.ch\/fr\/saint-nicolas\/","og_locale":"fr_FR","og_type":"article","og_title":"Saint-Nicolas - Intercultural Programs","og_description":"Les traditions autour de la Saint-Nicolas en Suisse Le 6 d\u00e9cembre est un jour sp\u00e9cial en Suisse, surtout pour les&hellip;","og_url":"https:\/\/www.afs.ch\/fr\/saint-nicolas\/","og_site_name":"Intercultural Programs","article_publisher":"https:\/\/www.facebook.com\/afsswitzerland\/","article_modified_time":"2021-12-06T13:43:48+00:00","og_image":[{"url":"https:\/\/www.afs.ch\/wp-content\/uploads\/sites\/71\/2021\/12\/saint-nicholas-g5ca72b971_1280-1-650x366.jpg","type":"","width":"","height":""}],"twitter_card":"summary_large_image","twitter_site":"@afs_ch","twitter_misc":{"Est. reading time":"2 minutes"},"schema":{"@context":"https:\/\/schema.org","@graph":[{"@type":"WebPage","@id":"https:\/\/www.afs.ch\/fr\/saint-nicolas\/","url":"https:\/\/www.afs.ch\/fr\/saint-nicolas\/","name":"Saint-Nicolas - Intercultural Programs","isPartOf":{"@id":"https:\/\/www.afs.ch\/fr\/#website"},"primaryImageOfPage":{"@id":"https:\/\/www.afs.ch\/fr\/saint-nicolas\/#primaryimage"},"image":{"@id":"https:\/\/www.afs.ch\/fr\/saint-nicolas\/#primaryimage"},"thumbnailUrl":"https:\/\/www.afs.ch\/wp-content\/uploads\/sites\/71\/2021\/12\/saint-nicholas-g5ca72b971_1280-1-650x366.jpg","datePublished":"2021-12-06T13:42:43+00:00","dateModified":"2021-12-06T13:43:48+00:00","breadcrumb":{"@id":"https:\/\/www.afs.ch\/fr\/saint-nicolas\/#breadcrumb"},"inLanguage":"fr-FR","potentialAction":[{"@type":"ReadAction","target":["https:\/\/www.afs.ch\/fr\/saint-nicolas\/"]}]},{"@type":"ImageObject","inLanguage":"fr-FR","@id":"https:\/\/www.afs.ch\/fr\/saint-nicolas\/#primaryimage","url":"https:\/\/www.afs.ch\/wp-content\/uploads\/sites\/71\/2021\/12\/saint-nicholas-g5ca72b971_1280-1-650x366.jpg","contentUrl":"https:\/\/www.afs.ch\/wp-content\/uploads\/sites\/71\/2021\/12\/saint-nicholas-g5ca72b971_1280-1-650x366.jpg"},{"@type":"BreadcrumbList","@id":"https:\/\/www.afs.ch\/fr\/saint-nicolas\/#breadcrumb","itemListElement":[{"@type":"ListItem","position":1,"name":"Home","item":"https:\/\/switzerland.afssite.afs.org\/fr\/"},{"@type":"ListItem","position":2,"name":"Saint-Nicolas"}]},{"@type":"WebSite","@id":"https:\/\/www.afs.ch\/fr\/#website","url":"https:\/\/www.afs.ch\/fr\/","name":"Interkulturelle Programme","description":"Switzerland","potentialAction":[{"@type":"SearchAction","target":{"@type":"EntryPoint","urlTemplate":"https:\/\/www.afs.ch\/fr\/?s={search_term_string}"},"query-input":{"@type":"PropertyValueSpecification","valueRequired":true,"valueName":"search_term_string"}}],"inLanguage":"fr-FR"}]}},"_links":{"self":[{"href":"https:\/\/www.afs.ch\/fr\/wp-json\/wp\/v2\/pages\/49629","targetHints":{"allow":["GET"]}}],"collection":[{"href":"https:\/\/www.afs.ch\/fr\/wp-json\/wp\/v2\/pages"}],"about":[{"href":"https:\/\/www.afs.ch\/fr\/wp-json\/wp\/v2\/types\/page"}],"author":[{"embeddable":true,"href":"https:\/\/www.afs.ch\/fr\/wp-json\/wp\/v2\/users\/1060"}],"replies":[{"embeddable":true,"href":"https:\/\/www.afs.ch\/fr\/wp-json\/wp\/v2\/comments?post=49629"}],"version-history":[{"count":4,"href":"https:\/\/www.afs.ch\/fr\/wp-json\/wp\/v2\/pages\/49629\/revisions"}],"predecessor-version":[{"id":49643,"href":"https:\/\/www.afs.ch\/fr\/wp-json\/wp\/v2\/pages\/49629\/revisions\/49643"}],"wp:attachment":[{"href":"https:\/\/www.afs.ch\/fr\/wp-json\/wp\/v2\/media?parent=49629"}],"curies":[{"name":"wp","href":"https:\/\/api.w.org\/{rel}","templated":true}]}}