{"id":5037,"date":"2016-08-25T10:28:21","date_gmt":"2016-08-25T10:28:21","guid":{"rendered":"http:\/\/switzerland.afssite.afs.org\/fr\/about-afs\/employment\/"},"modified":"2025-12-12T08:40:07","modified_gmt":"2025-12-12T07:40:07","slug":"emplois-stages","status":"publish","type":"page","link":"https:\/\/www.afs.ch\/fr\/a-propos\/emplois-stages\/","title":{"rendered":"Emplois \/ stages"},"content":{"rendered":"<h5 style=\"text-align: center;\">Sp\u00e9cialiste des programmes d&rsquo;immersion culturelle en Suisse et \u00e0 l&rsquo;\u00e9tranger, AFS, organisation non gouvernementale, sans but lucratif, apolitique et la\u00efque, \u0153uvre dans plus de 50 pays et depuis plus de 60 ans \u00e0 une meilleure compr\u00e9hension du monde, dans le respect de la diff\u00e9rence.<\/h5>\n<p>&nbsp;<\/p>\n","protected":false},"excerpt":{"rendered":"<p>Sp\u00e9cialiste des programmes d&rsquo;immersion culturelle en Suisse et \u00e0 l&rsquo;\u00e9tranger, AFS, organisation non gouvernementale, sans but lucratif, apolitique et la\u00efque,&hellip;<\/p>\n","protected":false},"author":1581,"featured_media":32851,"parent":5009,"menu_order":1,"comment_status":"closed","ping_status":"closed","template":"","meta":{"footnotes":""},"class_list":["post-5037","page","type-page","status-publish","has-post-thumbnail","hentry"],"yoast_head":"<!-- This site is optimized with the Yoast SEO plugin v26.6 - https:\/\/yoast.com\/wordpress\/plugins\/seo\/ -->\n<title>Emplois \/ stages - Intercultural Programs<\/title>\n<meta name=\"robots\" content=\"index, follow, max-snippet:-1, max-image-preview:large, max-video-preview:-1\" \/>\n<link rel=\"canonical\" href=\"https:\/\/www.afs.ch\/fr\/a-propos\/emplois-stages\/\" \/>\n<meta property=\"og:locale\" content=\"fr_FR\" \/>\n<meta property=\"og:type\" content=\"article\" \/>\n<meta property=\"og:title\" content=\"Emplois \/ stages - Intercultural Programs\" \/>\n<meta property=\"og:description\" content=\"Sp\u00e9cialiste des programmes d&rsquo;immersion culturelle en Suisse et \u00e0 l&rsquo;\u00e9tranger, AFS, organisation non gouvernementale, sans but lucratif, apolitique et la\u00efque,&hellip;\" \/>\n<meta property=\"og:url\" content=\"https:\/\/www.afs.ch\/fr\/a-propos\/emplois-stages\/\" \/>\n<meta property=\"og:site_name\" content=\"Intercultural Programs\" \/>\n<meta property=\"article:publisher\" content=\"https:\/\/www.facebook.com\/afsswitzerland\/\" \/>\n<meta property=\"article:modified_time\" content=\"2025-12-12T07:40:07+00:00\" \/>\n<meta property=\"og:image\" content=\"https:\/\/d22dvihj4pfop3.cloudfront.net\/wp-content\/uploads\/sites\/4\/2016\/10\/02224702\/24323758074_91b255dc42_o-1200x630.jpg\" \/>\n\t<meta property=\"og:image:width\" content=\"1200\" \/>\n\t<meta property=\"og:image:height\" content=\"630\" \/>\n\t<meta property=\"og:image:type\" content=\"image\/jpeg\" \/>\n<meta name=\"twitter:card\" content=\"summary_large_image\" \/>\n<meta name=\"twitter:site\" content=\"@afs_ch\" \/>\n<meta name=\"twitter:label1\" content=\"Est. reading time\" \/>\n\t<meta name=\"twitter:data1\" content=\"2 minutes\" \/>\n<script type=\"application\/ld+json\" class=\"yoast-schema-graph\">{\"@context\":\"https:\/\/schema.org\",\"@graph\":[{\"@type\":\"WebPage\",\"@id\":\"https:\/\/www.afs.ch\/fr\/a-propos\/emplois-stages\/\",\"url\":\"https:\/\/www.afs.ch\/fr\/a-propos\/emplois-stages\/\",\"name\":\"Emplois \/ stages - Intercultural Programs\",\"isPartOf\":{\"@id\":\"https:\/\/www.afs.ch\/fr\/#website\"},\"primaryImageOfPage\":{\"@id\":\"https:\/\/www.afs.ch\/fr\/a-propos\/emplois-stages\/#primaryimage\"},\"image\":{\"@id\":\"https:\/\/www.afs.ch\/fr\/a-propos\/emplois-stages\/#primaryimage\"},\"thumbnailUrl\":\"https:\/\/d22dvihj4pfop3.cloudfront.net\/wp-content\/uploads\/sites\/4\/2016\/10\/02224702\/24323758074_91b255dc42_o.jpg\",\"datePublished\":\"2016-08-25T10:28:21+00:00\",\"dateModified\":\"2025-12-12T07:40:07+00:00\",\"breadcrumb\":{\"@id\":\"https:\/\/www.afs.ch\/fr\/a-propos\/emplois-stages\/#breadcrumb\"},\"inLanguage\":\"fr-FR\",\"potentialAction\":[{\"@type\":\"ReadAction\",\"target\":[\"https:\/\/www.afs.ch\/fr\/a-propos\/emplois-stages\/\"]}]},{\"@type\":\"ImageObject\",\"inLanguage\":\"fr-FR\",\"@id\":\"https:\/\/www.afs.ch\/fr\/a-propos\/emplois-stages\/#primaryimage\",\"url\":\"https:\/\/d22dvihj4pfop3.cloudfront.net\/wp-content\/uploads\/sites\/4\/2016\/10\/02224702\/24323758074_91b255dc42_o.jpg\",\"contentUrl\":\"https:\/\/d22dvihj4pfop3.cloudfront.net\/wp-content\/uploads\/sites\/4\/2016\/10\/02224702\/24323758074_91b255dc42_o.jpg\",\"width\":5616,\"height\":3744,\"caption\":\"Sercan Selvi\"},{\"@type\":\"BreadcrumbList\",\"@id\":\"https:\/\/www.afs.ch\/fr\/a-propos\/emplois-stages\/#breadcrumb\",\"itemListElement\":[{\"@type\":\"ListItem\",\"position\":1,\"name\":\"Home\",\"item\":\"https:\/\/switzerland.afssite.afs.org\/fr\/\"},{\"@type\":\"ListItem\",\"position\":2,\"name\":\"\u00c0 propos d&#8217;AFS\",\"item\":\"https:\/\/switzerland.afssite.afs.org\/fr\/a-propos\/\"},{\"@type\":\"ListItem\",\"position\":3,\"name\":\"Emplois \/ stages\"}]},{\"@type\":\"WebSite\",\"@id\":\"https:\/\/www.afs.ch\/fr\/#website\",\"url\":\"https:\/\/www.afs.ch\/fr\/\",\"name\":\"Interkulturelle Programme\",\"description\":\"Switzerland\",\"potentialAction\":[{\"@type\":\"SearchAction\",\"target\":{\"@type\":\"EntryPoint\",\"urlTemplate\":\"https:\/\/www.afs.ch\/fr\/?s={search_term_string}\"},\"query-input\":{\"@type\":\"PropertyValueSpecification\",\"valueRequired\":true,\"valueName\":\"search_term_string\"}}],\"inLanguage\":\"fr-FR\"}]}<\/script>\n<!-- \/ Yoast SEO plugin. -->","yoast_head_json":{"title":"Emplois \/ stages - Intercultural Programs","robots":{"index":"index","follow":"follow","max-snippet":"max-snippet:-1","max-image-preview":"max-image-preview:large","max-video-preview":"max-video-preview:-1"},"canonical":"https:\/\/www.afs.ch\/fr\/a-propos\/emplois-stages\/","og_locale":"fr_FR","og_type":"article","og_title":"Emplois \/ stages - Intercultural Programs","og_description":"Sp\u00e9cialiste des programmes d&rsquo;immersion culturelle en Suisse et \u00e0 l&rsquo;\u00e9tranger, AFS, organisation non gouvernementale, sans but lucratif, apolitique et la\u00efque,&hellip;","og_url":"https:\/\/www.afs.ch\/fr\/a-propos\/emplois-stages\/","og_site_name":"Intercultural Programs","article_publisher":"https:\/\/www.facebook.com\/afsswitzerland\/","article_modified_time":"2025-12-12T07:40:07+00:00","og_image":[{"width":1200,"height":630,"url":"https:\/\/d22dvihj4pfop3.cloudfront.net\/wp-content\/uploads\/sites\/4\/2016\/10\/02224702\/24323758074_91b255dc42_o-1200x630.jpg","type":"image\/jpeg"}],"twitter_card":"summary_large_image","twitter_site":"@afs_ch","twitter_misc":{"Est. reading time":"2 minutes"},"schema":{"@context":"https:\/\/schema.org","@graph":[{"@type":"WebPage","@id":"https:\/\/www.afs.ch\/fr\/a-propos\/emplois-stages\/","url":"https:\/\/www.afs.ch\/fr\/a-propos\/emplois-stages\/","name":"Emplois \/ stages - Intercultural Programs","isPartOf":{"@id":"https:\/\/www.afs.ch\/fr\/#website"},"primaryImageOfPage":{"@id":"https:\/\/www.afs.ch\/fr\/a-propos\/emplois-stages\/#primaryimage"},"image":{"@id":"https:\/\/www.afs.ch\/fr\/a-propos\/emplois-stages\/#primaryimage"},"thumbnailUrl":"https:\/\/d22dvihj4pfop3.cloudfront.net\/wp-content\/uploads\/sites\/4\/2016\/10\/02224702\/24323758074_91b255dc42_o.jpg","datePublished":"2016-08-25T10:28:21+00:00","dateModified":"2025-12-12T07:40:07+00:00","breadcrumb":{"@id":"https:\/\/www.afs.ch\/fr\/a-propos\/emplois-stages\/#breadcrumb"},"inLanguage":"fr-FR","potentialAction":[{"@type":"ReadAction","target":["https:\/\/www.afs.ch\/fr\/a-propos\/emplois-stages\/"]}]},{"@type":"ImageObject","inLanguage":"fr-FR","@id":"https:\/\/www.afs.ch\/fr\/a-propos\/emplois-stages\/#primaryimage","url":"https:\/\/d22dvihj4pfop3.cloudfront.net\/wp-content\/uploads\/sites\/4\/2016\/10\/02224702\/24323758074_91b255dc42_o.jpg","contentUrl":"https:\/\/d22dvihj4pfop3.cloudfront.net\/wp-content\/uploads\/sites\/4\/2016\/10\/02224702\/24323758074_91b255dc42_o.jpg","width":5616,"height":3744,"caption":"Sercan Selvi"},{"@type":"BreadcrumbList","@id":"https:\/\/www.afs.ch\/fr\/a-propos\/emplois-stages\/#breadcrumb","itemListElement":[{"@type":"ListItem","position":1,"name":"Home","item":"https:\/\/switzerland.afssite.afs.org\/fr\/"},{"@type":"ListItem","position":2,"name":"\u00c0 propos d&#8217;AFS","item":"https:\/\/switzerland.afssite.afs.org\/fr\/a-propos\/"},{"@type":"ListItem","position":3,"name":"Emplois \/ stages"}]},{"@type":"WebSite","@id":"https:\/\/www.afs.ch\/fr\/#website","url":"https:\/\/www.afs.ch\/fr\/","name":"Interkulturelle Programme","description":"Switzerland","potentialAction":[{"@type":"SearchAction","target":{"@type":"EntryPoint","urlTemplate":"https:\/\/www.afs.ch\/fr\/?s={search_term_string}"},"query-input":{"@type":"PropertyValueSpecification","valueRequired":true,"valueName":"search_term_string"}}],"inLanguage":"fr-FR"}]}},"_links":{"self":[{"href":"https:\/\/www.afs.ch\/fr\/wp-json\/wp\/v2\/pages\/5037","targetHints":{"allow":["GET"]}}],"collection":[{"href":"https:\/\/www.afs.ch\/fr\/wp-json\/wp\/v2\/pages"}],"about":[{"href":"https:\/\/www.afs.ch\/fr\/wp-json\/wp\/v2\/types\/page"}],"author":[{"embeddable":true,"href":"https:\/\/www.afs.ch\/fr\/wp-json\/wp\/v2\/users\/1581"}],"replies":[{"embeddable":true,"href":"https:\/\/www.afs.ch\/fr\/wp-json\/wp\/v2\/comments?post=5037"}],"version-history":[{"count":110,"href":"https:\/\/www.afs.ch\/fr\/wp-json\/wp\/v2\/pages\/5037\/revisions"}],"predecessor-version":[{"id":61422,"href":"https:\/\/www.afs.ch\/fr\/wp-json\/wp\/v2\/pages\/5037\/revisions\/61422"}],"up":[{"embeddable":true,"href":"https:\/\/www.afs.ch\/fr\/wp-json\/wp\/v2\/pages\/5009"}],"wp:featuredmedia":[{"embeddable":true,"href":"https:\/\/www.afs.ch\/fr\/wp-json\/wp\/v2\/media\/32851"}],"wp:attachment":[{"href":"https:\/\/www.afs.ch\/fr\/wp-json\/wp\/v2\/media?parent=5037"}],"curies":[{"name":"wp","href":"https:\/\/api.w.org\/{rel}","templated":true}]}}