{"id":52423,"date":"2023-05-04T07:40:11","date_gmt":"2023-05-04T06:40:11","guid":{"rendered":"https:\/\/www.afs.ch\/?page_id=52423"},"modified":"2024-02-28T11:17:04","modified_gmt":"2024-02-28T10:17:04","slug":"faire-un-don","status":"publish","type":"page","link":"https:\/\/www.afs.ch\/fr\/faire-un-don\/","title":{"rendered":"Giving back"},"content":{"rendered":"<h3 style=\"text-align: left;\">Soutenir AFS, c\u2019est soutenir les rencontres interculturelles. Avec votre don, vous donnez l&rsquo;exemple de la diversit\u00e9, de l&rsquo;amiti\u00e9 et de la paix et soutenez les valeurs d&rsquo;AFS.<\/h3>\n<p style=\"font-weight: 400;\">Les dons priv\u00e9s permettent par exemple:<\/p>\n<ul>\n<li>Des bourses qui garantissent que les programmes AFS restent accessibles quelles que soient les exigences \u00e9conomiques individuelles<\/li>\n<li>Soutien \u00e0 l&rsquo;h\u00e9bergement en Suisse, afin que les \u00e9tudiants invit\u00e9s et les familles d&rsquo;accueil puissent \u00eatre accompagn\u00e9s et soutenus au mieux<\/li>\n<li>Maintenir et renforcer notre communaut\u00e9 de b\u00e9n\u00e9voles par le biais, entre autres, de formations et de perfectionnements<\/li>\n<\/ul>\n","protected":false},"excerpt":{"rendered":"<p>Soutenir AFS, c\u2019est soutenir les rencontres interculturelles. Avec votre don, vous donnez l&rsquo;exemple de la diversit\u00e9, de l&rsquo;amiti\u00e9 et de&hellip;<\/p>\n","protected":false},"author":938,"featured_media":52430,"parent":0,"menu_order":1,"comment_status":"closed","ping_status":"closed","template":"","meta":{"footnotes":""},"class_list":["post-52423","page","type-page","status-publish","has-post-thumbnail","hentry"],"yoast_head":"<!-- This site is optimized with the Yoast SEO plugin v26.6 - https:\/\/yoast.com\/wordpress\/plugins\/seo\/ -->\n<title>Faire un don - AFS<\/title>\n<meta name=\"description\" content=\"Soutenir AFS signifie s\u2019engager pour diversit\u00e9, l\u2019\u00e9galit\u00e9 des chances, l\u2019amiti\u00e9 et la paix: des valeurs ch\u00e8res \u00e0 notre organisation depuis ses d\u00e9buts en 1914.\" \/>\n<meta name=\"robots\" content=\"index, follow, max-snippet:-1, max-image-preview:large, max-video-preview:-1\" \/>\n<link rel=\"canonical\" href=\"https:\/\/www.afs.ch\/fr\/faire-un-don\/\" \/>\n<meta property=\"og:locale\" content=\"fr_FR\" \/>\n<meta property=\"og:type\" content=\"article\" \/>\n<meta property=\"og:title\" content=\"Faire un don - AFS\" \/>\n<meta property=\"og:description\" content=\"Soutenir AFS signifie s\u2019engager pour diversit\u00e9, l\u2019\u00e9galit\u00e9 des chances, l\u2019amiti\u00e9 et la paix: des valeurs ch\u00e8res \u00e0 notre organisation depuis ses d\u00e9buts en 1914.\" \/>\n<meta property=\"og:url\" content=\"https:\/\/www.afs.ch\/fr\/faire-un-don\/\" \/>\n<meta property=\"og:site_name\" content=\"Intercultural Programs\" \/>\n<meta property=\"article:publisher\" content=\"https:\/\/www.facebook.com\/afsswitzerland\/\" \/>\n<meta property=\"article:modified_time\" content=\"2024-02-28T10:17:04+00:00\" \/>\n<meta property=\"og:image\" content=\"https:\/\/d22dvihj4pfop3.cloudfront.net\/wp-content\/uploads\/sites\/71\/2023\/03\/image0-1-1200x630.jpeg\" \/>\n\t<meta property=\"og:image:width\" content=\"1200\" \/>\n\t<meta property=\"og:image:height\" content=\"630\" \/>\n\t<meta property=\"og:image:type\" content=\"image\/jpeg\" \/>\n<meta name=\"twitter:card\" content=\"summary_large_image\" \/>\n<meta name=\"twitter:site\" content=\"@afs_ch\" \/>\n<meta name=\"twitter:label1\" content=\"Est. reading time\" \/>\n\t<meta name=\"twitter:data1\" content=\"1 minute\" \/>\n<script type=\"application\/ld+json\" class=\"yoast-schema-graph\">{\"@context\":\"https:\/\/schema.org\",\"@graph\":[{\"@type\":\"WebPage\",\"@id\":\"https:\/\/www.afs.ch\/fr\/faire-un-don\/\",\"url\":\"https:\/\/www.afs.ch\/fr\/faire-un-don\/\",\"name\":\"Faire un don - AFS\",\"isPartOf\":{\"@id\":\"https:\/\/www.afs.ch\/fr\/#website\"},\"primaryImageOfPage\":{\"@id\":\"https:\/\/www.afs.ch\/fr\/faire-un-don\/#primaryimage\"},\"image\":{\"@id\":\"https:\/\/www.afs.ch\/fr\/faire-un-don\/#primaryimage\"},\"thumbnailUrl\":\"https:\/\/d22dvihj4pfop3.cloudfront.net\/wp-content\/uploads\/sites\/71\/2023\/03\/image0-1.jpeg\",\"datePublished\":\"2023-05-04T06:40:11+00:00\",\"dateModified\":\"2024-02-28T10:17:04+00:00\",\"description\":\"Soutenir AFS signifie s\u2019engager pour diversit\u00e9, l\u2019\u00e9galit\u00e9 des chances, l\u2019amiti\u00e9 et la paix: des valeurs ch\u00e8res \u00e0 notre organisation depuis ses d\u00e9buts en 1914.\",\"breadcrumb\":{\"@id\":\"https:\/\/www.afs.ch\/fr\/faire-un-don\/#breadcrumb\"},\"inLanguage\":\"fr-FR\",\"potentialAction\":[{\"@type\":\"ReadAction\",\"target\":[\"https:\/\/www.afs.ch\/fr\/faire-un-don\/\"]}]},{\"@type\":\"ImageObject\",\"inLanguage\":\"fr-FR\",\"@id\":\"https:\/\/www.afs.ch\/fr\/faire-un-don\/#primaryimage\",\"url\":\"https:\/\/d22dvihj4pfop3.cloudfront.net\/wp-content\/uploads\/sites\/71\/2023\/03\/image0-1.jpeg\",\"contentUrl\":\"https:\/\/d22dvihj4pfop3.cloudfront.net\/wp-content\/uploads\/sites\/71\/2023\/03\/image0-1.jpeg\",\"width\":2048,\"height\":1364},{\"@type\":\"BreadcrumbList\",\"@id\":\"https:\/\/www.afs.ch\/fr\/faire-un-don\/#breadcrumb\",\"itemListElement\":[{\"@type\":\"ListItem\",\"position\":1,\"name\":\"Home\",\"item\":\"https:\/\/switzerland.afssite.afs.org\/fr\/\"},{\"@type\":\"ListItem\",\"position\":2,\"name\":\"Giving back\"}]},{\"@type\":\"WebSite\",\"@id\":\"https:\/\/www.afs.ch\/fr\/#website\",\"url\":\"https:\/\/www.afs.ch\/fr\/\",\"name\":\"Interkulturelle Programme\",\"description\":\"Switzerland\",\"potentialAction\":[{\"@type\":\"SearchAction\",\"target\":{\"@type\":\"EntryPoint\",\"urlTemplate\":\"https:\/\/www.afs.ch\/fr\/?s={search_term_string}\"},\"query-input\":{\"@type\":\"PropertyValueSpecification\",\"valueRequired\":true,\"valueName\":\"search_term_string\"}}],\"inLanguage\":\"fr-FR\"}]}<\/script>\n<!-- \/ Yoast SEO plugin. -->","yoast_head_json":{"title":"Faire un don - AFS","description":"Soutenir AFS signifie s\u2019engager pour diversit\u00e9, l\u2019\u00e9galit\u00e9 des chances, l\u2019amiti\u00e9 et la paix: des valeurs ch\u00e8res \u00e0 notre organisation depuis ses d\u00e9buts en 1914.","robots":{"index":"index","follow":"follow","max-snippet":"max-snippet:-1","max-image-preview":"max-image-preview:large","max-video-preview":"max-video-preview:-1"},"canonical":"https:\/\/www.afs.ch\/fr\/faire-un-don\/","og_locale":"fr_FR","og_type":"article","og_title":"Faire un don - AFS","og_description":"Soutenir AFS signifie s\u2019engager pour diversit\u00e9, l\u2019\u00e9galit\u00e9 des chances, l\u2019amiti\u00e9 et la paix: des valeurs ch\u00e8res \u00e0 notre organisation depuis ses d\u00e9buts en 1914.","og_url":"https:\/\/www.afs.ch\/fr\/faire-un-don\/","og_site_name":"Intercultural Programs","article_publisher":"https:\/\/www.facebook.com\/afsswitzerland\/","article_modified_time":"2024-02-28T10:17:04+00:00","og_image":[{"width":1200,"height":630,"url":"https:\/\/d22dvihj4pfop3.cloudfront.net\/wp-content\/uploads\/sites\/71\/2023\/03\/image0-1-1200x630.jpeg","type":"image\/jpeg"}],"twitter_card":"summary_large_image","twitter_site":"@afs_ch","twitter_misc":{"Est. reading time":"1 minute"},"schema":{"@context":"https:\/\/schema.org","@graph":[{"@type":"WebPage","@id":"https:\/\/www.afs.ch\/fr\/faire-un-don\/","url":"https:\/\/www.afs.ch\/fr\/faire-un-don\/","name":"Faire un don - AFS","isPartOf":{"@id":"https:\/\/www.afs.ch\/fr\/#website"},"primaryImageOfPage":{"@id":"https:\/\/www.afs.ch\/fr\/faire-un-don\/#primaryimage"},"image":{"@id":"https:\/\/www.afs.ch\/fr\/faire-un-don\/#primaryimage"},"thumbnailUrl":"https:\/\/d22dvihj4pfop3.cloudfront.net\/wp-content\/uploads\/sites\/71\/2023\/03\/image0-1.jpeg","datePublished":"2023-05-04T06:40:11+00:00","dateModified":"2024-02-28T10:17:04+00:00","description":"Soutenir AFS signifie s\u2019engager pour diversit\u00e9, l\u2019\u00e9galit\u00e9 des chances, l\u2019amiti\u00e9 et la paix: des valeurs ch\u00e8res \u00e0 notre organisation depuis ses d\u00e9buts en 1914.","breadcrumb":{"@id":"https:\/\/www.afs.ch\/fr\/faire-un-don\/#breadcrumb"},"inLanguage":"fr-FR","potentialAction":[{"@type":"ReadAction","target":["https:\/\/www.afs.ch\/fr\/faire-un-don\/"]}]},{"@type":"ImageObject","inLanguage":"fr-FR","@id":"https:\/\/www.afs.ch\/fr\/faire-un-don\/#primaryimage","url":"https:\/\/d22dvihj4pfop3.cloudfront.net\/wp-content\/uploads\/sites\/71\/2023\/03\/image0-1.jpeg","contentUrl":"https:\/\/d22dvihj4pfop3.cloudfront.net\/wp-content\/uploads\/sites\/71\/2023\/03\/image0-1.jpeg","width":2048,"height":1364},{"@type":"BreadcrumbList","@id":"https:\/\/www.afs.ch\/fr\/faire-un-don\/#breadcrumb","itemListElement":[{"@type":"ListItem","position":1,"name":"Home","item":"https:\/\/switzerland.afssite.afs.org\/fr\/"},{"@type":"ListItem","position":2,"name":"Giving back"}]},{"@type":"WebSite","@id":"https:\/\/www.afs.ch\/fr\/#website","url":"https:\/\/www.afs.ch\/fr\/","name":"Interkulturelle Programme","description":"Switzerland","potentialAction":[{"@type":"SearchAction","target":{"@type":"EntryPoint","urlTemplate":"https:\/\/www.afs.ch\/fr\/?s={search_term_string}"},"query-input":{"@type":"PropertyValueSpecification","valueRequired":true,"valueName":"search_term_string"}}],"inLanguage":"fr-FR"}]}},"_links":{"self":[{"href":"https:\/\/www.afs.ch\/fr\/wp-json\/wp\/v2\/pages\/52423","targetHints":{"allow":["GET"]}}],"collection":[{"href":"https:\/\/www.afs.ch\/fr\/wp-json\/wp\/v2\/pages"}],"about":[{"href":"https:\/\/www.afs.ch\/fr\/wp-json\/wp\/v2\/types\/page"}],"author":[{"embeddable":true,"href":"https:\/\/www.afs.ch\/fr\/wp-json\/wp\/v2\/users\/938"}],"replies":[{"embeddable":true,"href":"https:\/\/www.afs.ch\/fr\/wp-json\/wp\/v2\/comments?post=52423"}],"version-history":[{"count":10,"href":"https:\/\/www.afs.ch\/fr\/wp-json\/wp\/v2\/pages\/52423\/revisions"}],"predecessor-version":[{"id":55473,"href":"https:\/\/www.afs.ch\/fr\/wp-json\/wp\/v2\/pages\/52423\/revisions\/55473"}],"wp:featuredmedia":[{"embeddable":true,"href":"https:\/\/www.afs.ch\/fr\/wp-json\/wp\/v2\/media\/52430"}],"wp:attachment":[{"href":"https:\/\/www.afs.ch\/fr\/wp-json\/wp\/v2\/media?parent=52423"}],"curies":[{"name":"wp","href":"https:\/\/api.w.org\/{rel}","templated":true}]}}