{"id":55269,"date":"2024-03-19T14:43:42","date_gmt":"2024-03-19T13:43:42","guid":{"rendered":"https:\/\/www.afs.ch\/?page_id=55269"},"modified":"2025-11-01T11:04:42","modified_gmt":"2025-11-01T10:04:42","slug":"famille-daccueil","status":"publish","type":"page","link":"https:\/\/www.afs.ch\/fr\/famille-daccueil\/","title":{"rendered":"Famille d&rsquo;accueil AFS"},"content":{"rendered":"<nav class=\"full-width-navigation\">\n<ul>\n<li><a href=\"https:\/\/www.afs.ch\/fr\/?page_id=55564\">DEVENIR FAMILLE D&rsquo;ACCUEIL<\/a><\/li>\n<li><a href=\"https:\/\/www.afs.ch\/fr\/?page_id=55621\">NOS \u00c9TUDIANTS<\/a><\/li>\n<li><a href=\"https:\/\/www.afs.ch\/fr\/?page_id=55583\">SOIR\u00c9ES D&rsquo;INFORMATION<\/a><\/li>\n<li><a href=\"https:\/\/www.afs.ch\/fr\/?page_id=55642\">FOIRE AUX QUESTIONS<\/a><\/li>\n<li><a class=\"bestehend\" href=\"https:\/\/www.afsglobal.org\/afs\/globalfamily\/home\">Mon compte<\/a><\/li>\n<\/ul>\n<hr \/>\n<\/nav>\n<style>.panel-navigation{display: none;} .cw-standard-pad{padding-bottom:0px !important;} .bestehend{font-weight: bold; padding: 10px 25px !important;  border-radius: 5px; border: 1px solid #1c7abf; background-color: #1c7abf !important; color: white !important; text-decoration: none !important;} .bestehend:hover{background-color: white !important;  color: #1c7abf !important;} .full-width-navigation {max-width: 100vw !important;} .full-width-navigation ul {list-style: none; margin: -88px 0 -48px 0; padding: 0; text-align: center;} .full-width-navigation ul li {display: inline-block; margin: 0;} .full-width-navigation ul li a {display: block; padding: 15px 20px; color: rgb(73, 68, 82); text-decoration: none; font-weight: 900; font-size: 13px !important;} .full-width-navigation ul li a:hover { color: #007AC2; } @media (max-width: 1260px) { .full-width-navigation { display: none; }} hr { margin-left: -100% !important; margin-right: -100% !important;}<\/style>\n<p style=\"text-align: center; font-size: 24px; margin-top: 50px;\">\u00catre famille d&rsquo;accueil est une aventure passionnante.<\/p>\n<p style=\"text-align: center; font-size: 24px;\">Quelle que soit la structure de votre famille, un enfant d&rsquo;accueil d&rsquo;une autre culture \u00e9largira vos horizons et vous apportera \u00e9galement un nouveau regard sur votre propre culture.<\/p>\n<p style=\"text-align: center; font-size: 24px;\">Osez maintenant!<\/p>\n<p style=\"text-align: center;\"><a class=\"button outline\" href=\"https:\/\/www.afs.ch\/fr\/gastfamilie-bei-afs\/anmeldung\/\">Formulaire de contact<\/a><\/p>\n","protected":false},"excerpt":{"rendered":"<p>DEVENIR FAMILLE D&rsquo;ACCUEIL NOS \u00c9TUDIANTS SOIR\u00c9ES D&rsquo;INFORMATION FOIRE AUX QUESTIONS Mon compte \u00catre famille d&rsquo;accueil est une aventure passionnante. Quelle&hellip;<\/p>\n","protected":false},"author":938,"featured_media":2023,"parent":0,"menu_order":3,"comment_status":"closed","ping_status":"closed","template":"","meta":{"footnotes":""},"class_list":["post-55269","page","type-page","status-publish","has-post-thumbnail","hentry"],"yoast_head":"<!-- This site is optimized with the Yoast SEO plugin v26.6 - https:\/\/yoast.com\/wordpress\/plugins\/seo\/ -->\n<title>Famille d&#039;accueil AFS<\/title>\n<meta name=\"description\" content=\"Ouvrez votre maison au monde et devenez famille d&#039;accueil pour un \u00e9change de jeunes.\" \/>\n<meta name=\"robots\" content=\"index, follow, max-snippet:-1, max-image-preview:large, max-video-preview:-1\" \/>\n<link rel=\"canonical\" href=\"https:\/\/www.afs.ch\/fr\/famille-daccueil\/\" \/>\n<meta property=\"og:locale\" content=\"fr_FR\" \/>\n<meta property=\"og:type\" content=\"article\" \/>\n<meta property=\"og:title\" content=\"Famille d&#039;accueil AFS\" \/>\n<meta property=\"og:description\" content=\"Ouvrez votre maison au monde et devenez famille d&#039;accueil pour un \u00e9change de jeunes.\" \/>\n<meta property=\"og:url\" content=\"https:\/\/www.afs.ch\/fr\/famille-daccueil\/\" \/>\n<meta property=\"og:site_name\" content=\"Intercultural Programs\" \/>\n<meta property=\"article:publisher\" content=\"https:\/\/www.facebook.com\/afsswitzerland\/\" \/>\n<meta property=\"article:modified_time\" content=\"2025-11-01T10:04:42+00:00\" \/>\n<meta property=\"og:image\" content=\"https:\/\/d22dvihj4pfop3.cloudfront.net\/wp-content\/uploads\/sites\/4\/2016\/09\/30184806\/11699066_1031817343509055_4153953790175570550_o-1200x630.jpg\" \/>\n\t<meta property=\"og:image:width\" content=\"1200\" \/>\n\t<meta property=\"og:image:height\" content=\"630\" \/>\n\t<meta property=\"og:image:type\" content=\"image\/jpeg\" \/>\n<meta name=\"twitter:card\" content=\"summary_large_image\" \/>\n<meta name=\"twitter:site\" content=\"@afs_ch\" \/>\n<meta name=\"twitter:label1\" content=\"Est. reading time\" \/>\n\t<meta name=\"twitter:data1\" content=\"2 minutes\" \/>\n<script type=\"application\/ld+json\" class=\"yoast-schema-graph\">{\"@context\":\"https:\/\/schema.org\",\"@graph\":[{\"@type\":\"WebPage\",\"@id\":\"https:\/\/www.afs.ch\/fr\/famille-daccueil\/\",\"url\":\"https:\/\/www.afs.ch\/fr\/famille-daccueil\/\",\"name\":\"Famille d'accueil AFS\",\"isPartOf\":{\"@id\":\"https:\/\/www.afs.ch\/fr\/#website\"},\"primaryImageOfPage\":{\"@id\":\"https:\/\/www.afs.ch\/fr\/famille-daccueil\/#primaryimage\"},\"image\":{\"@id\":\"https:\/\/www.afs.ch\/fr\/famille-daccueil\/#primaryimage\"},\"thumbnailUrl\":\"https:\/\/d22dvihj4pfop3.cloudfront.net\/wp-content\/uploads\/sites\/4\/2016\/09\/30184806\/11699066_1031817343509055_4153953790175570550_o.jpg\",\"datePublished\":\"2024-03-19T13:43:42+00:00\",\"dateModified\":\"2025-11-01T10:04:42+00:00\",\"description\":\"Ouvrez votre maison au monde et devenez famille d'accueil pour un \u00e9change de jeunes.\",\"breadcrumb\":{\"@id\":\"https:\/\/www.afs.ch\/fr\/famille-daccueil\/#breadcrumb\"},\"inLanguage\":\"fr-FR\",\"potentialAction\":[{\"@type\":\"ReadAction\",\"target\":[\"https:\/\/www.afs.ch\/fr\/famille-daccueil\/\"]}]},{\"@type\":\"ImageObject\",\"inLanguage\":\"fr-FR\",\"@id\":\"https:\/\/www.afs.ch\/fr\/famille-daccueil\/#primaryimage\",\"url\":\"https:\/\/d22dvihj4pfop3.cloudfront.net\/wp-content\/uploads\/sites\/4\/2016\/09\/30184806\/11699066_1031817343509055_4153953790175570550_o.jpg\",\"contentUrl\":\"https:\/\/d22dvihj4pfop3.cloudfront.net\/wp-content\/uploads\/sites\/4\/2016\/09\/30184806\/11699066_1031817343509055_4153953790175570550_o.jpg\",\"width\":2048,\"height\":1365},{\"@type\":\"BreadcrumbList\",\"@id\":\"https:\/\/www.afs.ch\/fr\/famille-daccueil\/#breadcrumb\",\"itemListElement\":[{\"@type\":\"ListItem\",\"position\":1,\"name\":\"Home\",\"item\":\"https:\/\/switzerland.afssite.afs.org\/fr\/\"},{\"@type\":\"ListItem\",\"position\":2,\"name\":\"Famille d&#8217;accueil AFS\"}]},{\"@type\":\"WebSite\",\"@id\":\"https:\/\/www.afs.ch\/fr\/#website\",\"url\":\"https:\/\/www.afs.ch\/fr\/\",\"name\":\"Interkulturelle Programme\",\"description\":\"Switzerland\",\"potentialAction\":[{\"@type\":\"SearchAction\",\"target\":{\"@type\":\"EntryPoint\",\"urlTemplate\":\"https:\/\/www.afs.ch\/fr\/?s={search_term_string}\"},\"query-input\":{\"@type\":\"PropertyValueSpecification\",\"valueRequired\":true,\"valueName\":\"search_term_string\"}}],\"inLanguage\":\"fr-FR\"}]}<\/script>\n<!-- \/ Yoast SEO plugin. -->","yoast_head_json":{"title":"Famille d'accueil AFS","description":"Ouvrez votre maison au monde et devenez famille d'accueil pour un \u00e9change de jeunes.","robots":{"index":"index","follow":"follow","max-snippet":"max-snippet:-1","max-image-preview":"max-image-preview:large","max-video-preview":"max-video-preview:-1"},"canonical":"https:\/\/www.afs.ch\/fr\/famille-daccueil\/","og_locale":"fr_FR","og_type":"article","og_title":"Famille d'accueil AFS","og_description":"Ouvrez votre maison au monde et devenez famille d'accueil pour un \u00e9change de jeunes.","og_url":"https:\/\/www.afs.ch\/fr\/famille-daccueil\/","og_site_name":"Intercultural Programs","article_publisher":"https:\/\/www.facebook.com\/afsswitzerland\/","article_modified_time":"2025-11-01T10:04:42+00:00","og_image":[{"width":1200,"height":630,"url":"https:\/\/d22dvihj4pfop3.cloudfront.net\/wp-content\/uploads\/sites\/4\/2016\/09\/30184806\/11699066_1031817343509055_4153953790175570550_o-1200x630.jpg","type":"image\/jpeg"}],"twitter_card":"summary_large_image","twitter_site":"@afs_ch","twitter_misc":{"Est. reading time":"2 minutes"},"schema":{"@context":"https:\/\/schema.org","@graph":[{"@type":"WebPage","@id":"https:\/\/www.afs.ch\/fr\/famille-daccueil\/","url":"https:\/\/www.afs.ch\/fr\/famille-daccueil\/","name":"Famille d'accueil AFS","isPartOf":{"@id":"https:\/\/www.afs.ch\/fr\/#website"},"primaryImageOfPage":{"@id":"https:\/\/www.afs.ch\/fr\/famille-daccueil\/#primaryimage"},"image":{"@id":"https:\/\/www.afs.ch\/fr\/famille-daccueil\/#primaryimage"},"thumbnailUrl":"https:\/\/d22dvihj4pfop3.cloudfront.net\/wp-content\/uploads\/sites\/4\/2016\/09\/30184806\/11699066_1031817343509055_4153953790175570550_o.jpg","datePublished":"2024-03-19T13:43:42+00:00","dateModified":"2025-11-01T10:04:42+00:00","description":"Ouvrez votre maison au monde et devenez famille d'accueil pour un \u00e9change de jeunes.","breadcrumb":{"@id":"https:\/\/www.afs.ch\/fr\/famille-daccueil\/#breadcrumb"},"inLanguage":"fr-FR","potentialAction":[{"@type":"ReadAction","target":["https:\/\/www.afs.ch\/fr\/famille-daccueil\/"]}]},{"@type":"ImageObject","inLanguage":"fr-FR","@id":"https:\/\/www.afs.ch\/fr\/famille-daccueil\/#primaryimage","url":"https:\/\/d22dvihj4pfop3.cloudfront.net\/wp-content\/uploads\/sites\/4\/2016\/09\/30184806\/11699066_1031817343509055_4153953790175570550_o.jpg","contentUrl":"https:\/\/d22dvihj4pfop3.cloudfront.net\/wp-content\/uploads\/sites\/4\/2016\/09\/30184806\/11699066_1031817343509055_4153953790175570550_o.jpg","width":2048,"height":1365},{"@type":"BreadcrumbList","@id":"https:\/\/www.afs.ch\/fr\/famille-daccueil\/#breadcrumb","itemListElement":[{"@type":"ListItem","position":1,"name":"Home","item":"https:\/\/switzerland.afssite.afs.org\/fr\/"},{"@type":"ListItem","position":2,"name":"Famille d&#8217;accueil AFS"}]},{"@type":"WebSite","@id":"https:\/\/www.afs.ch\/fr\/#website","url":"https:\/\/www.afs.ch\/fr\/","name":"Interkulturelle Programme","description":"Switzerland","potentialAction":[{"@type":"SearchAction","target":{"@type":"EntryPoint","urlTemplate":"https:\/\/www.afs.ch\/fr\/?s={search_term_string}"},"query-input":{"@type":"PropertyValueSpecification","valueRequired":true,"valueName":"search_term_string"}}],"inLanguage":"fr-FR"}]}},"_links":{"self":[{"href":"https:\/\/www.afs.ch\/fr\/wp-json\/wp\/v2\/pages\/55269","targetHints":{"allow":["GET"]}}],"collection":[{"href":"https:\/\/www.afs.ch\/fr\/wp-json\/wp\/v2\/pages"}],"about":[{"href":"https:\/\/www.afs.ch\/fr\/wp-json\/wp\/v2\/types\/page"}],"author":[{"embeddable":true,"href":"https:\/\/www.afs.ch\/fr\/wp-json\/wp\/v2\/users\/938"}],"replies":[{"embeddable":true,"href":"https:\/\/www.afs.ch\/fr\/wp-json\/wp\/v2\/comments?post=55269"}],"version-history":[{"count":29,"href":"https:\/\/www.afs.ch\/fr\/wp-json\/wp\/v2\/pages\/55269\/revisions"}],"predecessor-version":[{"id":61222,"href":"https:\/\/www.afs.ch\/fr\/wp-json\/wp\/v2\/pages\/55269\/revisions\/61222"}],"wp:featuredmedia":[{"embeddable":true,"href":"https:\/\/www.afs.ch\/fr\/wp-json\/wp\/v2\/media\/2023"}],"wp:attachment":[{"href":"https:\/\/www.afs.ch\/fr\/wp-json\/wp\/v2\/media?parent=55269"}],"curies":[{"name":"wp","href":"https:\/\/api.w.org\/{rel}","templated":true}]}}