{"id":56494,"date":"2024-04-17T13:10:54","date_gmt":"2024-04-17T12:10:54","guid":{"rendered":"https:\/\/www.afs.ch\/gastfamilie-bei-afs\/temoignages\/familie-berger\/"},"modified":"2024-05-27T13:40:58","modified_gmt":"2024-05-27T12:40:58","slug":"familie-berger","status":"publish","type":"page","link":"https:\/\/www.afs.ch\/fr\/famille-daccueil\/temoignages\/familie-berger\/","title":{"rendered":"Famille Berger"},"content":{"rendered":"<h4 style=\"font-weight: 400;\"><em>Partager son quotidien avec des jeunes venant d&rsquo;autres cultures, discuter, rire, apprendre et \u00e9largir son horizon ensemble&#8230; \u00eatre famille d&rsquo;accueil peut rendre accro! Hanspeter et Lise Berger ont d\u00e9j\u00e0 \u00e9t\u00e9 12 fois parents d&rsquo;accueil et ils en ont vu des choses en huit ans! Hanspeter nous donne un aper\u00e7u de leur quotidien avec les jeunes et recommande de tenter soi-m\u00eame l\u2019exp\u00e9rience.<\/em><\/h4>\n<p>&nbsp;<\/p>\n<p style=\"text-align: center;\"><a class=\"button outline\" href=\"https:\/\/www.afs.ch\/fr\/gastfamilie-bei-afs\/anmeldung\/\">\u00a0Devenez famille d&rsquo;accueil\u00a0<\/a><\/p>\n","protected":false},"excerpt":{"rendered":"<p>Partager son quotidien avec des jeunes venant d&rsquo;autres cultures, discuter, rire, apprendre et \u00e9largir son horizon ensemble&#8230; \u00eatre famille d&rsquo;accueil&hellip;<\/p>\n","protected":false},"author":938,"featured_media":0,"parent":12235,"menu_order":0,"comment_status":"closed","ping_status":"closed","template":"","meta":{"footnotes":""},"class_list":["post-56494","page","type-page","status-publish","hentry"],"yoast_head":"<!-- This site is optimized with the Yoast SEO plugin v26.6 - https:\/\/yoast.com\/wordpress\/plugins\/seo\/ -->\n<title>Famille Berger - Intercultural Programs<\/title>\n<meta name=\"robots\" content=\"index, follow, max-snippet:-1, max-image-preview:large, max-video-preview:-1\" \/>\n<link rel=\"canonical\" href=\"https:\/\/www.afs.ch\/fr\/famille-daccueil\/temoignages\/familie-berger\/\" \/>\n<meta property=\"og:locale\" content=\"fr_FR\" \/>\n<meta property=\"og:type\" content=\"article\" \/>\n<meta property=\"og:title\" content=\"Famille Berger - Intercultural Programs\" \/>\n<meta property=\"og:description\" content=\"Partager son quotidien avec des jeunes venant d&rsquo;autres cultures, discuter, rire, apprendre et \u00e9largir son horizon ensemble&#8230; \u00eatre famille d&rsquo;accueil&hellip;\" \/>\n<meta property=\"og:url\" content=\"https:\/\/www.afs.ch\/fr\/famille-daccueil\/temoignages\/familie-berger\/\" \/>\n<meta property=\"og:site_name\" content=\"Intercultural Programs\" \/>\n<meta property=\"article:publisher\" content=\"https:\/\/www.facebook.com\/afsswitzerland\/\" \/>\n<meta property=\"article:modified_time\" content=\"2024-05-27T12:40:58+00:00\" \/>\n<meta name=\"twitter:card\" content=\"summary_large_image\" \/>\n<meta name=\"twitter:site\" content=\"@afs_ch\" \/>\n<meta name=\"twitter:label1\" content=\"Est. reading time\" \/>\n\t<meta name=\"twitter:data1\" content=\"9 minutes\" \/>\n<script type=\"application\/ld+json\" class=\"yoast-schema-graph\">{\"@context\":\"https:\/\/schema.org\",\"@graph\":[{\"@type\":\"WebPage\",\"@id\":\"https:\/\/www.afs.ch\/fr\/famille-daccueil\/temoignages\/familie-berger\/\",\"url\":\"https:\/\/www.afs.ch\/fr\/famille-daccueil\/temoignages\/familie-berger\/\",\"name\":\"Famille Berger - Intercultural Programs\",\"isPartOf\":{\"@id\":\"https:\/\/www.afs.ch\/fr\/#website\"},\"datePublished\":\"2024-04-17T12:10:54+00:00\",\"dateModified\":\"2024-05-27T12:40:58+00:00\",\"breadcrumb\":{\"@id\":\"https:\/\/www.afs.ch\/fr\/famille-daccueil\/temoignages\/familie-berger\/#breadcrumb\"},\"inLanguage\":\"fr-FR\",\"potentialAction\":[{\"@type\":\"ReadAction\",\"target\":[\"https:\/\/www.afs.ch\/fr\/famille-daccueil\/temoignages\/familie-berger\/\"]}]},{\"@type\":\"BreadcrumbList\",\"@id\":\"https:\/\/www.afs.ch\/fr\/famille-daccueil\/temoignages\/familie-berger\/#breadcrumb\",\"itemListElement\":[{\"@type\":\"ListItem\",\"position\":1,\"name\":\"Home\",\"item\":\"https:\/\/switzerland.afssite.afs.org\/fr\/\"},{\"@type\":\"ListItem\",\"position\":2,\"name\":\"Famille d&#8217;accueil AFS\",\"item\":\"https:\/\/switzerland.afssite.afs.org\/fr\/famille-daccueil\/\"},{\"@type\":\"ListItem\",\"position\":3,\"name\":\"T\u00e9moignages de nos familles d&rsquo;accueil et de nos h\u00f4tes AFS\",\"item\":\"https:\/\/switzerland.afssite.afs.org\/fr\/famille-daccueil\/temoignages\/\"},{\"@type\":\"ListItem\",\"position\":4,\"name\":\"Famille Berger\"}]},{\"@type\":\"WebSite\",\"@id\":\"https:\/\/www.afs.ch\/fr\/#website\",\"url\":\"https:\/\/www.afs.ch\/fr\/\",\"name\":\"Interkulturelle Programme\",\"description\":\"Switzerland\",\"potentialAction\":[{\"@type\":\"SearchAction\",\"target\":{\"@type\":\"EntryPoint\",\"urlTemplate\":\"https:\/\/www.afs.ch\/fr\/?s={search_term_string}\"},\"query-input\":{\"@type\":\"PropertyValueSpecification\",\"valueRequired\":true,\"valueName\":\"search_term_string\"}}],\"inLanguage\":\"fr-FR\"}]}<\/script>\n<!-- \/ Yoast SEO plugin. -->","yoast_head_json":{"title":"Famille Berger - Intercultural Programs","robots":{"index":"index","follow":"follow","max-snippet":"max-snippet:-1","max-image-preview":"max-image-preview:large","max-video-preview":"max-video-preview:-1"},"canonical":"https:\/\/www.afs.ch\/fr\/famille-daccueil\/temoignages\/familie-berger\/","og_locale":"fr_FR","og_type":"article","og_title":"Famille Berger - Intercultural Programs","og_description":"Partager son quotidien avec des jeunes venant d&rsquo;autres cultures, discuter, rire, apprendre et \u00e9largir son horizon ensemble&#8230; \u00eatre famille d&rsquo;accueil&hellip;","og_url":"https:\/\/www.afs.ch\/fr\/famille-daccueil\/temoignages\/familie-berger\/","og_site_name":"Intercultural Programs","article_publisher":"https:\/\/www.facebook.com\/afsswitzerland\/","article_modified_time":"2024-05-27T12:40:58+00:00","twitter_card":"summary_large_image","twitter_site":"@afs_ch","twitter_misc":{"Est. reading time":"9 minutes"},"schema":{"@context":"https:\/\/schema.org","@graph":[{"@type":"WebPage","@id":"https:\/\/www.afs.ch\/fr\/famille-daccueil\/temoignages\/familie-berger\/","url":"https:\/\/www.afs.ch\/fr\/famille-daccueil\/temoignages\/familie-berger\/","name":"Famille Berger - Intercultural Programs","isPartOf":{"@id":"https:\/\/www.afs.ch\/fr\/#website"},"datePublished":"2024-04-17T12:10:54+00:00","dateModified":"2024-05-27T12:40:58+00:00","breadcrumb":{"@id":"https:\/\/www.afs.ch\/fr\/famille-daccueil\/temoignages\/familie-berger\/#breadcrumb"},"inLanguage":"fr-FR","potentialAction":[{"@type":"ReadAction","target":["https:\/\/www.afs.ch\/fr\/famille-daccueil\/temoignages\/familie-berger\/"]}]},{"@type":"BreadcrumbList","@id":"https:\/\/www.afs.ch\/fr\/famille-daccueil\/temoignages\/familie-berger\/#breadcrumb","itemListElement":[{"@type":"ListItem","position":1,"name":"Home","item":"https:\/\/switzerland.afssite.afs.org\/fr\/"},{"@type":"ListItem","position":2,"name":"Famille d&#8217;accueil AFS","item":"https:\/\/switzerland.afssite.afs.org\/fr\/famille-daccueil\/"},{"@type":"ListItem","position":3,"name":"T\u00e9moignages de nos familles d&rsquo;accueil et de nos h\u00f4tes AFS","item":"https:\/\/switzerland.afssite.afs.org\/fr\/famille-daccueil\/temoignages\/"},{"@type":"ListItem","position":4,"name":"Famille Berger"}]},{"@type":"WebSite","@id":"https:\/\/www.afs.ch\/fr\/#website","url":"https:\/\/www.afs.ch\/fr\/","name":"Interkulturelle Programme","description":"Switzerland","potentialAction":[{"@type":"SearchAction","target":{"@type":"EntryPoint","urlTemplate":"https:\/\/www.afs.ch\/fr\/?s={search_term_string}"},"query-input":{"@type":"PropertyValueSpecification","valueRequired":true,"valueName":"search_term_string"}}],"inLanguage":"fr-FR"}]}},"_links":{"self":[{"href":"https:\/\/www.afs.ch\/fr\/wp-json\/wp\/v2\/pages\/56494","targetHints":{"allow":["GET"]}}],"collection":[{"href":"https:\/\/www.afs.ch\/fr\/wp-json\/wp\/v2\/pages"}],"about":[{"href":"https:\/\/www.afs.ch\/fr\/wp-json\/wp\/v2\/types\/page"}],"author":[{"embeddable":true,"href":"https:\/\/www.afs.ch\/fr\/wp-json\/wp\/v2\/users\/938"}],"replies":[{"embeddable":true,"href":"https:\/\/www.afs.ch\/fr\/wp-json\/wp\/v2\/comments?post=56494"}],"version-history":[{"count":10,"href":"https:\/\/www.afs.ch\/fr\/wp-json\/wp\/v2\/pages\/56494\/revisions"}],"predecessor-version":[{"id":56968,"href":"https:\/\/www.afs.ch\/fr\/wp-json\/wp\/v2\/pages\/56494\/revisions\/56968"}],"up":[{"embeddable":true,"href":"https:\/\/www.afs.ch\/fr\/wp-json\/wp\/v2\/pages\/12235"}],"wp:attachment":[{"href":"https:\/\/www.afs.ch\/fr\/wp-json\/wp\/v2\/media?parent=56494"}],"curies":[{"name":"wp","href":"https:\/\/api.w.org\/{rel}","templated":true}]}}