{"id":6380,"date":"2016-09-12T15:22:01","date_gmt":"2016-09-12T15:22:01","guid":{"rendered":"http:\/\/switzerland.afssite.afs.org\/fr\/about-afs\/leadership\/"},"modified":"2025-11-24T13:54:14","modified_gmt":"2025-11-24T12:54:14","slug":"equipe-afs-suisse","status":"publish","type":"page","link":"https:\/\/www.afs.ch\/fr\/a-propos\/equipe-afs-suisse\/","title":{"rendered":"Votre \u00e9quipe AFS Suisse"},"content":{"rendered":"<h3 class=\"page-header__subtitle\" style=\"text-align: center;\">\u00a0AFS Programmes Interculturels Suisse, association non-gouvernementale, sans but lucratif, apolitique et la\u00efque, \u0153uvre au rapprochement des cultures \u00e0 travers ses programmes d\u2019\u00e9changes internationaux \u00e0 caract\u00e8re \u00e9ducatif et interculturel dans plus de 50 pays et depuis plus de 70 ans.<\/h3>\n<h4 class=\"page-header__subtitle\" style=\"text-align: center;\">Les valeurs des fondateurs d&rsquo;AFS &#8211; compr\u00e9hension, tol\u00e9rance, respect et droits de l&rsquo;homme &#8211; sont port\u00e9es, aujourd&rsquo;hui encore, par un r\u00e9seau de b\u00e9n\u00e9voles exp\u00e9riment\u00e9s. Pr\u00e9sents dans le monde entier, 37&rsquo;000 \u00e0 l&rsquo;\u00e9chelle internationale dont plus de 600 actifs au sein d&rsquo;AFS Suisse, ils sont le moteur de notre organisation. Comit\u00e9 directeur et collaborateurs du bureau agissent en soutien des b\u00e9n\u00e9voles afin de leur fournir les outils n\u00e9cessaires \u00e0 leurs actions.<\/h4>\n","protected":false},"excerpt":{"rendered":"<p>\u00a0AFS Programmes Interculturels Suisse, association non-gouvernementale, sans but lucratif, apolitique et la\u00efque, \u0153uvre au rapprochement des cultures \u00e0 travers ses&hellip;<\/p>\n","protected":false},"author":13,"featured_media":0,"parent":5009,"menu_order":3,"comment_status":"closed","ping_status":"closed","template":"","meta":{"footnotes":""},"class_list":["post-6380","page","type-page","status-publish","hentry"],"yoast_head":"<!-- This site is optimized with the Yoast SEO plugin v26.6 - https:\/\/yoast.com\/wordpress\/plugins\/seo\/ -->\n<title>Votre \u00e9quipe AFS Suisse - Intercultural Programs<\/title>\n<meta name=\"robots\" content=\"index, follow, max-snippet:-1, max-image-preview:large, max-video-preview:-1\" \/>\n<link rel=\"canonical\" href=\"https:\/\/www.afs.ch\/fr\/a-propos\/equipe-afs-suisse\/\" \/>\n<meta property=\"og:locale\" content=\"fr_FR\" \/>\n<meta property=\"og:type\" content=\"article\" \/>\n<meta property=\"og:title\" content=\"Votre \u00e9quipe AFS Suisse - Intercultural Programs\" \/>\n<meta property=\"og:description\" content=\"\u00a0AFS Programmes Interculturels Suisse, association non-gouvernementale, sans but lucratif, apolitique et la\u00efque, \u0153uvre au rapprochement des cultures \u00e0 travers ses&hellip;\" \/>\n<meta property=\"og:url\" content=\"https:\/\/www.afs.ch\/fr\/a-propos\/equipe-afs-suisse\/\" \/>\n<meta property=\"og:site_name\" content=\"Intercultural Programs\" \/>\n<meta property=\"article:publisher\" content=\"https:\/\/www.facebook.com\/afsswitzerland\/\" \/>\n<meta property=\"article:modified_time\" content=\"2025-11-24T12:54:14+00:00\" \/>\n<meta name=\"twitter:card\" content=\"summary_large_image\" \/>\n<meta name=\"twitter:site\" content=\"@afs_ch\" \/>\n<meta name=\"twitter:label1\" content=\"Est. reading time\" \/>\n\t<meta name=\"twitter:data1\" content=\"16 minutes\" \/>\n<script type=\"application\/ld+json\" class=\"yoast-schema-graph\">{\"@context\":\"https:\/\/schema.org\",\"@graph\":[{\"@type\":\"WebPage\",\"@id\":\"https:\/\/www.afs.ch\/fr\/a-propos\/equipe-afs-suisse\/\",\"url\":\"https:\/\/www.afs.ch\/fr\/a-propos\/equipe-afs-suisse\/\",\"name\":\"Votre \u00e9quipe AFS Suisse - Intercultural Programs\",\"isPartOf\":{\"@id\":\"https:\/\/www.afs.ch\/fr\/#website\"},\"datePublished\":\"2016-09-12T15:22:01+00:00\",\"dateModified\":\"2025-11-24T12:54:14+00:00\",\"breadcrumb\":{\"@id\":\"https:\/\/www.afs.ch\/fr\/a-propos\/equipe-afs-suisse\/#breadcrumb\"},\"inLanguage\":\"fr-FR\",\"potentialAction\":[{\"@type\":\"ReadAction\",\"target\":[\"https:\/\/www.afs.ch\/fr\/a-propos\/equipe-afs-suisse\/\"]}]},{\"@type\":\"BreadcrumbList\",\"@id\":\"https:\/\/www.afs.ch\/fr\/a-propos\/equipe-afs-suisse\/#breadcrumb\",\"itemListElement\":[{\"@type\":\"ListItem\",\"position\":1,\"name\":\"Home\",\"item\":\"https:\/\/switzerland.afssite.afs.org\/fr\/\"},{\"@type\":\"ListItem\",\"position\":2,\"name\":\"\u00c0 propos d&#8217;AFS\",\"item\":\"https:\/\/switzerland.afssite.afs.org\/fr\/a-propos\/\"},{\"@type\":\"ListItem\",\"position\":3,\"name\":\"Votre \u00e9quipe AFS Suisse\"}]},{\"@type\":\"WebSite\",\"@id\":\"https:\/\/www.afs.ch\/fr\/#website\",\"url\":\"https:\/\/www.afs.ch\/fr\/\",\"name\":\"Interkulturelle Programme\",\"description\":\"Switzerland\",\"potentialAction\":[{\"@type\":\"SearchAction\",\"target\":{\"@type\":\"EntryPoint\",\"urlTemplate\":\"https:\/\/www.afs.ch\/fr\/?s={search_term_string}\"},\"query-input\":{\"@type\":\"PropertyValueSpecification\",\"valueRequired\":true,\"valueName\":\"search_term_string\"}}],\"inLanguage\":\"fr-FR\"}]}<\/script>\n<!-- \/ Yoast SEO plugin. -->","yoast_head_json":{"title":"Votre \u00e9quipe AFS Suisse - Intercultural Programs","robots":{"index":"index","follow":"follow","max-snippet":"max-snippet:-1","max-image-preview":"max-image-preview:large","max-video-preview":"max-video-preview:-1"},"canonical":"https:\/\/www.afs.ch\/fr\/a-propos\/equipe-afs-suisse\/","og_locale":"fr_FR","og_type":"article","og_title":"Votre \u00e9quipe AFS Suisse - Intercultural Programs","og_description":"\u00a0AFS Programmes Interculturels Suisse, association non-gouvernementale, sans but lucratif, apolitique et la\u00efque, \u0153uvre au rapprochement des cultures \u00e0 travers ses&hellip;","og_url":"https:\/\/www.afs.ch\/fr\/a-propos\/equipe-afs-suisse\/","og_site_name":"Intercultural Programs","article_publisher":"https:\/\/www.facebook.com\/afsswitzerland\/","article_modified_time":"2025-11-24T12:54:14+00:00","twitter_card":"summary_large_image","twitter_site":"@afs_ch","twitter_misc":{"Est. reading time":"16 minutes"},"schema":{"@context":"https:\/\/schema.org","@graph":[{"@type":"WebPage","@id":"https:\/\/www.afs.ch\/fr\/a-propos\/equipe-afs-suisse\/","url":"https:\/\/www.afs.ch\/fr\/a-propos\/equipe-afs-suisse\/","name":"Votre \u00e9quipe AFS Suisse - Intercultural Programs","isPartOf":{"@id":"https:\/\/www.afs.ch\/fr\/#website"},"datePublished":"2016-09-12T15:22:01+00:00","dateModified":"2025-11-24T12:54:14+00:00","breadcrumb":{"@id":"https:\/\/www.afs.ch\/fr\/a-propos\/equipe-afs-suisse\/#breadcrumb"},"inLanguage":"fr-FR","potentialAction":[{"@type":"ReadAction","target":["https:\/\/www.afs.ch\/fr\/a-propos\/equipe-afs-suisse\/"]}]},{"@type":"BreadcrumbList","@id":"https:\/\/www.afs.ch\/fr\/a-propos\/equipe-afs-suisse\/#breadcrumb","itemListElement":[{"@type":"ListItem","position":1,"name":"Home","item":"https:\/\/switzerland.afssite.afs.org\/fr\/"},{"@type":"ListItem","position":2,"name":"\u00c0 propos d&#8217;AFS","item":"https:\/\/switzerland.afssite.afs.org\/fr\/a-propos\/"},{"@type":"ListItem","position":3,"name":"Votre \u00e9quipe AFS Suisse"}]},{"@type":"WebSite","@id":"https:\/\/www.afs.ch\/fr\/#website","url":"https:\/\/www.afs.ch\/fr\/","name":"Interkulturelle Programme","description":"Switzerland","potentialAction":[{"@type":"SearchAction","target":{"@type":"EntryPoint","urlTemplate":"https:\/\/www.afs.ch\/fr\/?s={search_term_string}"},"query-input":{"@type":"PropertyValueSpecification","valueRequired":true,"valueName":"search_term_string"}}],"inLanguage":"fr-FR"}]}},"_links":{"self":[{"href":"https:\/\/www.afs.ch\/fr\/wp-json\/wp\/v2\/pages\/6380","targetHints":{"allow":["GET"]}}],"collection":[{"href":"https:\/\/www.afs.ch\/fr\/wp-json\/wp\/v2\/pages"}],"about":[{"href":"https:\/\/www.afs.ch\/fr\/wp-json\/wp\/v2\/types\/page"}],"author":[{"embeddable":true,"href":"https:\/\/www.afs.ch\/fr\/wp-json\/wp\/v2\/users\/13"}],"replies":[{"embeddable":true,"href":"https:\/\/www.afs.ch\/fr\/wp-json\/wp\/v2\/comments?post=6380"}],"version-history":[{"count":413,"href":"https:\/\/www.afs.ch\/fr\/wp-json\/wp\/v2\/pages\/6380\/revisions"}],"predecessor-version":[{"id":61374,"href":"https:\/\/www.afs.ch\/fr\/wp-json\/wp\/v2\/pages\/6380\/revisions\/61374"}],"up":[{"embeddable":true,"href":"https:\/\/www.afs.ch\/fr\/wp-json\/wp\/v2\/pages\/5009"}],"wp:attachment":[{"href":"https:\/\/www.afs.ch\/fr\/wp-json\/wp\/v2\/media?parent=6380"}],"curies":[{"name":"wp","href":"https:\/\/api.w.org\/{rel}","templated":true}]}}