{"id":6385,"date":"2016-09-17T18:03:58","date_gmt":"2016-09-17T18:03:58","guid":{"rendered":"http:\/\/switzerland.afssite.afs.org\/fr\/about-afs\/history\/"},"modified":"2025-03-06T14:55:13","modified_gmt":"2025-03-06T13:55:13","slug":"histoire","status":"publish","type":"page","link":"https:\/\/www.afs.ch\/fr\/a-propos\/histoire\/","title":{"rendered":"Une mission citoyenne intacte"},"content":{"rendered":"<p style=\"text-align: center;\">Notre organisation a conserv\u00e9 le nom d\u2019\u00abAFS &#8211; American Field Service\u00bb, la passion et l\u2019engagement sont intacts mais, depuis nos d\u00e9buts, bien des choses ont chang\u00e9 ou se sont d\u00e9velopp\u00e9es. Les programmes interculturels font d\u2019AFS la plus grande et la plus ancienne organisation \u00e0 but non lucratif d\u00e9di\u00e9e aux programmes d\u2019\u00e9changes &#8211; elle compte plus de 100&rsquo;000 b\u00e9n\u00e9voles dans le monde, dont plus de 45&rsquo;000 sont actifs. \u00c0 ce jour, plus de 476&rsquo;300 personnes &#8211; jeunes, adultes et familles d\u2019accueil &#8211; ont particip\u00e9, \u00e0 l\u2019\u00e9chelle mondiale, \u00e0 nos programmes. De toutes les organisations internationales d\u2019\u00e9changes, AFS est celle qui offre le plus large \u00e9ventail de destinations, et travaille constamment \u00e0 l\u2019extension de son offre.<\/p>\n","protected":false},"excerpt":{"rendered":"<p>Notre organisation a conserv\u00e9 le nom d\u2019\u00abAFS &#8211; American Field Service\u00bb, la passion et l\u2019engagement sont intacts mais, depuis nos&hellip;<\/p>\n","protected":false},"author":4,"featured_media":0,"parent":5009,"menu_order":4,"comment_status":"closed","ping_status":"closed","template":"","meta":{"footnotes":""},"class_list":["post-6385","page","type-page","status-publish","hentry"],"yoast_head":"<!-- This site is optimized with the Yoast SEO plugin v26.6 - https:\/\/yoast.com\/wordpress\/plugins\/seo\/ -->\n<title>Une mission citoyenne intacte<\/title>\n<meta name=\"description\" content=\"Notre organisation a conserv\u00e9 le nom d\u2019\u00abAFS - American Field Service\u00bb, la passion et l\u2019engagement sont intacts mais, depuis nos d\u00e9buts, bien des choses ont chang\u00e9 ou se sont d\u00e9velopp\u00e9es.\" \/>\n<meta name=\"robots\" content=\"index, follow, max-snippet:-1, max-image-preview:large, max-video-preview:-1\" \/>\n<link rel=\"canonical\" href=\"https:\/\/www.afs.ch\/fr\/a-propos\/histoire\/\" \/>\n<meta property=\"og:locale\" content=\"fr_FR\" \/>\n<meta property=\"og:type\" content=\"article\" \/>\n<meta property=\"og:title\" content=\"Une mission citoyenne intacte\" \/>\n<meta property=\"og:description\" content=\"Notre organisation a conserv\u00e9 le nom d\u2019\u00abAFS - American Field Service\u00bb, la passion et l\u2019engagement sont intacts mais, depuis nos d\u00e9buts, bien des choses ont chang\u00e9 ou se sont d\u00e9velopp\u00e9es.\" \/>\n<meta property=\"og:url\" content=\"https:\/\/www.afs.ch\/fr\/a-propos\/histoire\/\" \/>\n<meta property=\"og:site_name\" content=\"Intercultural Programs\" \/>\n<meta property=\"article:publisher\" content=\"https:\/\/www.facebook.com\/afsswitzerland\/\" \/>\n<meta property=\"article:modified_time\" content=\"2025-03-06T13:55:13+00:00\" \/>\n<meta name=\"twitter:card\" content=\"summary_large_image\" \/>\n<meta name=\"twitter:site\" content=\"@afs_ch\" \/>\n<meta name=\"twitter:label1\" content=\"Est. reading time\" \/>\n\t<meta name=\"twitter:data1\" content=\"9 minutes\" \/>\n<script type=\"application\/ld+json\" class=\"yoast-schema-graph\">{\"@context\":\"https:\/\/schema.org\",\"@graph\":[{\"@type\":\"WebPage\",\"@id\":\"https:\/\/www.afs.ch\/fr\/a-propos\/histoire\/\",\"url\":\"https:\/\/www.afs.ch\/fr\/a-propos\/histoire\/\",\"name\":\"Une mission citoyenne intacte\",\"isPartOf\":{\"@id\":\"https:\/\/www.afs.ch\/fr\/#website\"},\"datePublished\":\"2016-09-17T18:03:58+00:00\",\"dateModified\":\"2025-03-06T13:55:13+00:00\",\"description\":\"Notre organisation a conserv\u00e9 le nom d\u2019\u00abAFS - American Field Service\u00bb, la passion et l\u2019engagement sont intacts mais, depuis nos d\u00e9buts, bien des choses ont chang\u00e9 ou se sont d\u00e9velopp\u00e9es.\",\"breadcrumb\":{\"@id\":\"https:\/\/www.afs.ch\/fr\/a-propos\/histoire\/#breadcrumb\"},\"inLanguage\":\"fr-FR\",\"potentialAction\":[{\"@type\":\"ReadAction\",\"target\":[\"https:\/\/www.afs.ch\/fr\/a-propos\/histoire\/\"]}]},{\"@type\":\"BreadcrumbList\",\"@id\":\"https:\/\/www.afs.ch\/fr\/a-propos\/histoire\/#breadcrumb\",\"itemListElement\":[{\"@type\":\"ListItem\",\"position\":1,\"name\":\"Home\",\"item\":\"https:\/\/switzerland.afssite.afs.org\/fr\/\"},{\"@type\":\"ListItem\",\"position\":2,\"name\":\"\u00c0 propos d&#8217;AFS\",\"item\":\"https:\/\/switzerland.afssite.afs.org\/fr\/a-propos\/\"},{\"@type\":\"ListItem\",\"position\":3,\"name\":\"Une mission citoyenne intacte\"}]},{\"@type\":\"WebSite\",\"@id\":\"https:\/\/www.afs.ch\/fr\/#website\",\"url\":\"https:\/\/www.afs.ch\/fr\/\",\"name\":\"Interkulturelle Programme\",\"description\":\"Switzerland\",\"potentialAction\":[{\"@type\":\"SearchAction\",\"target\":{\"@type\":\"EntryPoint\",\"urlTemplate\":\"https:\/\/www.afs.ch\/fr\/?s={search_term_string}\"},\"query-input\":{\"@type\":\"PropertyValueSpecification\",\"valueRequired\":true,\"valueName\":\"search_term_string\"}}],\"inLanguage\":\"fr-FR\"}]}<\/script>\n<!-- \/ Yoast SEO plugin. -->","yoast_head_json":{"title":"Une mission citoyenne intacte","description":"Notre organisation a conserv\u00e9 le nom d\u2019\u00abAFS - American Field Service\u00bb, la passion et l\u2019engagement sont intacts mais, depuis nos d\u00e9buts, bien des choses ont chang\u00e9 ou se sont d\u00e9velopp\u00e9es.","robots":{"index":"index","follow":"follow","max-snippet":"max-snippet:-1","max-image-preview":"max-image-preview:large","max-video-preview":"max-video-preview:-1"},"canonical":"https:\/\/www.afs.ch\/fr\/a-propos\/histoire\/","og_locale":"fr_FR","og_type":"article","og_title":"Une mission citoyenne intacte","og_description":"Notre organisation a conserv\u00e9 le nom d\u2019\u00abAFS - American Field Service\u00bb, la passion et l\u2019engagement sont intacts mais, depuis nos d\u00e9buts, bien des choses ont chang\u00e9 ou se sont d\u00e9velopp\u00e9es.","og_url":"https:\/\/www.afs.ch\/fr\/a-propos\/histoire\/","og_site_name":"Intercultural Programs","article_publisher":"https:\/\/www.facebook.com\/afsswitzerland\/","article_modified_time":"2025-03-06T13:55:13+00:00","twitter_card":"summary_large_image","twitter_site":"@afs_ch","twitter_misc":{"Est. reading time":"9 minutes"},"schema":{"@context":"https:\/\/schema.org","@graph":[{"@type":"WebPage","@id":"https:\/\/www.afs.ch\/fr\/a-propos\/histoire\/","url":"https:\/\/www.afs.ch\/fr\/a-propos\/histoire\/","name":"Une mission citoyenne intacte","isPartOf":{"@id":"https:\/\/www.afs.ch\/fr\/#website"},"datePublished":"2016-09-17T18:03:58+00:00","dateModified":"2025-03-06T13:55:13+00:00","description":"Notre organisation a conserv\u00e9 le nom d\u2019\u00abAFS - American Field Service\u00bb, la passion et l\u2019engagement sont intacts mais, depuis nos d\u00e9buts, bien des choses ont chang\u00e9 ou se sont d\u00e9velopp\u00e9es.","breadcrumb":{"@id":"https:\/\/www.afs.ch\/fr\/a-propos\/histoire\/#breadcrumb"},"inLanguage":"fr-FR","potentialAction":[{"@type":"ReadAction","target":["https:\/\/www.afs.ch\/fr\/a-propos\/histoire\/"]}]},{"@type":"BreadcrumbList","@id":"https:\/\/www.afs.ch\/fr\/a-propos\/histoire\/#breadcrumb","itemListElement":[{"@type":"ListItem","position":1,"name":"Home","item":"https:\/\/switzerland.afssite.afs.org\/fr\/"},{"@type":"ListItem","position":2,"name":"\u00c0 propos d&#8217;AFS","item":"https:\/\/switzerland.afssite.afs.org\/fr\/a-propos\/"},{"@type":"ListItem","position":3,"name":"Une mission citoyenne intacte"}]},{"@type":"WebSite","@id":"https:\/\/www.afs.ch\/fr\/#website","url":"https:\/\/www.afs.ch\/fr\/","name":"Interkulturelle Programme","description":"Switzerland","potentialAction":[{"@type":"SearchAction","target":{"@type":"EntryPoint","urlTemplate":"https:\/\/www.afs.ch\/fr\/?s={search_term_string}"},"query-input":{"@type":"PropertyValueSpecification","valueRequired":true,"valueName":"search_term_string"}}],"inLanguage":"fr-FR"}]}},"_links":{"self":[{"href":"https:\/\/www.afs.ch\/fr\/wp-json\/wp\/v2\/pages\/6385","targetHints":{"allow":["GET"]}}],"collection":[{"href":"https:\/\/www.afs.ch\/fr\/wp-json\/wp\/v2\/pages"}],"about":[{"href":"https:\/\/www.afs.ch\/fr\/wp-json\/wp\/v2\/types\/page"}],"author":[{"embeddable":true,"href":"https:\/\/www.afs.ch\/fr\/wp-json\/wp\/v2\/users\/4"}],"replies":[{"embeddable":true,"href":"https:\/\/www.afs.ch\/fr\/wp-json\/wp\/v2\/comments?post=6385"}],"version-history":[{"count":13,"href":"https:\/\/www.afs.ch\/fr\/wp-json\/wp\/v2\/pages\/6385\/revisions"}],"predecessor-version":[{"id":59386,"href":"https:\/\/www.afs.ch\/fr\/wp-json\/wp\/v2\/pages\/6385\/revisions\/59386"}],"up":[{"embeddable":true,"href":"https:\/\/www.afs.ch\/fr\/wp-json\/wp\/v2\/pages\/5009"}],"wp:attachment":[{"href":"https:\/\/www.afs.ch\/fr\/wp-json\/wp\/v2\/media?parent=6385"}],"curies":[{"name":"wp","href":"https:\/\/api.w.org\/{rel}","templated":true}]}}