{"id":6818,"date":"2016-08-25T10:28:32","date_gmt":"2016-08-25T10:28:32","guid":{"rendered":"http:\/\/switzerland.afssite.afs.org\/fr\/?page_id=6818"},"modified":"2025-12-16T16:43:07","modified_gmt":"2025-12-16T15:43:07","slug":"bourses-detudes","status":"publish","type":"page","link":"https:\/\/www.afs.ch\/fr\/bourses-detudes\/","title":{"rendered":"Bourses d&rsquo;\u00e9tudes"},"content":{"rendered":"<p><span data-sheets-root=\"1\">Diff\u00e9rents avantages ou variantes de bourses sont disponibles, en fonction du contexte personnel, culturel ou financier.<\/span><\/p>\n<p><span data-sheets-root=\"1\">AFS-Suisse se consacre au soutien des candidats LGBTQIA+ qui s&rsquo;engagent avec passion \u00e0 devenir des citoyens du monde et \u00e0 faire de la plan\u00e8te un endroit plus juste et plus pacifique.<\/span><\/p>\n<p>&nbsp;<\/p>\n<h3>Bourses classiques<\/h3>\n<p><span data-sheets-root=\"1\">AFS s&rsquo;est fix\u00e9 comme objectif que chaque jeune ait la m\u00eame chance de vivre une aventure d&rsquo;\u00e9change &#8211; ind\u00e9pendamment de sa situation financi\u00e8re. C&rsquo;est pourquoi nous avons mis en place un programme de bourses qui couvre 50 \u00e0 80% du co\u00fbt total de l&rsquo;\u00e9change scolaire.<\/span><\/p>\n<h5><span data-sheets-root=\"1\">Crit\u00e8res d&rsquo;attribution<\/span><\/h5>\n<p><span data-sheets-root=\"1\">AFS a d\u00e9fini les crit\u00e8res suivants, qui doivent \u00eatre remplis pour que tu puisses postuler \u00e0 une bourse:<\/span><\/p>\n<ul>\n<li><span data-sheets-root=\"1\">Finances: Preuve que les moyens financiers disponibles ne sont pas suffisants.<\/span><\/li>\n<li><span data-sheets-root=\"1\">Choix du pays: seules certaines destinations sont autoris\u00e9es \u00e0 recevoir une bourse.<\/span><\/li>\n<\/ul>\n<p style=\"padding-left: 40px;\"><a class=\"cta arrow-right\" href=\"https:\/\/www.afs.ch\/fr\/programmes-scolaires\/destinations-bourses-detudes\/\">Pays offrant des bourses d&rsquo;\u00e9tudes<\/a><\/p>\n<ul>\n<li><span data-sheets-root=\"1\">Choix du programme: seuls les programmes annuels et semestriels sont autoris\u00e9s pour une bourse, les programmes courts sont exclus.<\/span><\/li>\n<\/ul>\n<h5><span data-sheets-root=\"1\">Convention de bourse<\/span><\/h5>\n<p><span data-sheets-root=\"1\">Dans le cadre de la bourse, tu dois fournir certaines prestations:<\/span><\/p>\n<ul>\n<li><span data-sheets-root=\"1\">Rapports r\u00e9guliers pendant ton \u00e9change d&rsquo;\u00e9tudiants et\/ou<\/span><\/li>\n<li><span data-sheets-root=\"1\">Engagement b\u00e9n\u00e9vole apr\u00e8s le programme AFS.<\/span><\/li>\n<\/ul>\n<p><a class=\"button outline\" href=\"mailto:sendingadmission@afs.ch\">Contacte-nous<\/a><\/p>\n<p>&nbsp;<\/p>\n<h3>Destination Inconnue<\/h3>\n<p><span data-sheets-root=\"1\">Ce programme de bourses s&rsquo;adresse \u00e0 tous les jeunes qui souhaitent tester leur ouverture d&rsquo;esprit et leur go\u00fbt de l&rsquo;aventure. En effet, la destination reste inconnue pour toi jusqu&rsquo;\u00e0 la veille du d\u00e9part. Tu recevras toutefois plusieurs indications sur ta destination au cours des mois de pr\u00e9paration, afin de garder le suspense ! Le programme refl\u00e8te la conviction qu&rsquo;une exp\u00e9rience d&rsquo;\u00e9change est une exp\u00e9rience riche en apprentissage, qui n&rsquo;est pas li\u00e9e \u00e0 un pays particulier. Avec beaucoup d&rsquo;ouverture et peu d&rsquo;id\u00e9es pr\u00e9con\u00e7ues, l&rsquo;adaptation \u00e0 ton nouvel environnement sera plus facile pour toi aussi. Il est possible de partir pour un semestre ou une ann\u00e9e scolaire. Les co\u00fbts du programme sont moins \u00e9lev\u00e9s que d&rsquo;habitude, car une partie est prise en charge par le fonds de bourses AFS. Lors de ta candidature, ta motivation est le crit\u00e8re le plus important et sera bien \u00e9tudi\u00e9e.<\/span><\/p>\n<p><a class=\"button outline\" href=\"https:\/\/www.afs.ch\/fr\/countries\/destination-unknown\/\">Destination Inconnue<\/a><\/p>\n<p>&nbsp;<\/p>\n<h3>Bourse d&rsquo;\u00e9tudes aux USA pour l&rsquo;\u00e9t\u00e9 2026<\/h3>\n<p>Tu r\u00eaves d&rsquo;un programme d&rsquo;\u00e9change aux \u00c9tats-Unis, mais les possibilit\u00e9s financi\u00e8res sont limit\u00e9es ? Tu es motiv\u00e9 et tu veux faire une diff\u00e9rence dans le monde ? Alors contacte-nous ! Nous attribuons une bourse compl\u00e8te pour les \u00c9tats-Unis pour l&rsquo;\u00e9t\u00e9 2026.<\/p>\n<p>Toutes les candidatures doivent apporter la preuve que les moyens financiers sont insuffisants et doivent \u00eatre accompagn\u00e9es d&rsquo;une lettre de motivation. Un compte rendu r\u00e9gulier est attendu pendant l&rsquo;\u00e9change, ainsi qu&rsquo;un certain engagement b\u00e9n\u00e9vole pour AFS apr\u00e8s le retour.<\/p>\n<p>Cette bourse a \u00e9t\u00e9 initi\u00e9e par un Alumnus USA &rsquo;63 actif : Avec d&rsquo;autres alumni de cette promotion, il a collect\u00e9 les fonds n\u00e9cessaires \u00e0 l&rsquo;obtention de la bourse compl\u00e8te pour les \u00c9tats-Unis ! Ce groupe de donateurs suivra \u00e9galement la couverture m\u00e9diatique pendant l&rsquo;\u00e9change.<\/p>\n<p><a class=\"button outline\" href=\"mailto:sendingadmission@afs.ch\"><span data-sheets-root=\"1\">Contactez-nous<\/span><\/a><\/p>\n<p>&nbsp;<\/p>\n<p>&nbsp;<\/p>\n","protected":false},"excerpt":{"rendered":"<p>Diff\u00e9rents avantages ou variantes de bourses sont disponibles, en fonction du contexte personnel, culturel ou financier. AFS-Suisse se consacre au&hellip;<\/p>\n","protected":false},"author":373,"featured_media":58105,"parent":0,"menu_order":7,"comment_status":"closed","ping_status":"closed","template":"","meta":{"footnotes":""},"class_list":["post-6818","page","type-page","status-publish","has-post-thumbnail","hentry"],"yoast_head":"<!-- This site is optimized with the Yoast SEO plugin v26.6 - https:\/\/yoast.com\/wordpress\/plugins\/seo\/ -->\n<title>Bourses d&#039;\u00e9tudes - Intercultural Programs<\/title>\n<meta name=\"robots\" content=\"index, follow, max-snippet:-1, max-image-preview:large, max-video-preview:-1\" \/>\n<link rel=\"canonical\" href=\"https:\/\/www.afs.ch\/fr\/bourses-detudes\/\" \/>\n<meta property=\"og:locale\" content=\"fr_FR\" \/>\n<meta property=\"og:type\" content=\"article\" \/>\n<meta property=\"og:title\" content=\"Bourses d&#039;\u00e9tudes - Intercultural Programs\" \/>\n<meta property=\"og:description\" content=\"Diff\u00e9rents avantages ou variantes de bourses sont disponibles, en fonction du contexte personnel, culturel ou financier. AFS-Suisse se consacre au&hellip;\" \/>\n<meta property=\"og:url\" content=\"https:\/\/www.afs.ch\/fr\/bourses-detudes\/\" \/>\n<meta property=\"og:site_name\" content=\"Intercultural Programs\" \/>\n<meta property=\"article:publisher\" content=\"https:\/\/www.facebook.com\/afsswitzerland\/\" \/>\n<meta property=\"article:modified_time\" content=\"2025-12-16T15:43:07+00:00\" \/>\n<meta property=\"og:image\" content=\"https:\/\/d22dvihj4pfop3.cloudfront.net\/wp-content\/uploads\/sites\/71\/2024\/10\/24122437\/AFS-Students-Participants-4-2-1200x630.jpg\" \/>\n\t<meta property=\"og:image:width\" content=\"1200\" \/>\n\t<meta property=\"og:image:height\" content=\"630\" \/>\n\t<meta property=\"og:image:type\" content=\"image\/jpeg\" \/>\n<meta name=\"twitter:card\" content=\"summary_large_image\" \/>\n<meta name=\"twitter:site\" content=\"@afs_ch\" \/>\n<meta name=\"twitter:label1\" content=\"Est. reading time\" \/>\n\t<meta name=\"twitter:data1\" content=\"4 minutes\" \/>\n<script type=\"application\/ld+json\" class=\"yoast-schema-graph\">{\"@context\":\"https:\/\/schema.org\",\"@graph\":[{\"@type\":\"WebPage\",\"@id\":\"https:\/\/www.afs.ch\/fr\/bourses-detudes\/\",\"url\":\"https:\/\/www.afs.ch\/fr\/bourses-detudes\/\",\"name\":\"Bourses d'\u00e9tudes - Intercultural Programs\",\"isPartOf\":{\"@id\":\"https:\/\/www.afs.ch\/fr\/#website\"},\"primaryImageOfPage\":{\"@id\":\"https:\/\/www.afs.ch\/fr\/bourses-detudes\/#primaryimage\"},\"image\":{\"@id\":\"https:\/\/www.afs.ch\/fr\/bourses-detudes\/#primaryimage\"},\"thumbnailUrl\":\"https:\/\/d22dvihj4pfop3.cloudfront.net\/wp-content\/uploads\/sites\/71\/2024\/10\/24122437\/AFS-Students-Participants-4-2.jpg\",\"datePublished\":\"2016-08-25T10:28:32+00:00\",\"dateModified\":\"2025-12-16T15:43:07+00:00\",\"breadcrumb\":{\"@id\":\"https:\/\/www.afs.ch\/fr\/bourses-detudes\/#breadcrumb\"},\"inLanguage\":\"fr-FR\",\"potentialAction\":[{\"@type\":\"ReadAction\",\"target\":[\"https:\/\/www.afs.ch\/fr\/bourses-detudes\/\"]}]},{\"@type\":\"ImageObject\",\"inLanguage\":\"fr-FR\",\"@id\":\"https:\/\/www.afs.ch\/fr\/bourses-detudes\/#primaryimage\",\"url\":\"https:\/\/d22dvihj4pfop3.cloudfront.net\/wp-content\/uploads\/sites\/71\/2024\/10\/24122437\/AFS-Students-Participants-4-2.jpg\",\"contentUrl\":\"https:\/\/d22dvihj4pfop3.cloudfront.net\/wp-content\/uploads\/sites\/71\/2024\/10\/24122437\/AFS-Students-Participants-4-2.jpg\",\"width\":2048,\"height\":1365},{\"@type\":\"BreadcrumbList\",\"@id\":\"https:\/\/www.afs.ch\/fr\/bourses-detudes\/#breadcrumb\",\"itemListElement\":[{\"@type\":\"ListItem\",\"position\":1,\"name\":\"Home\",\"item\":\"https:\/\/switzerland.afssite.afs.org\/fr\/\"},{\"@type\":\"ListItem\",\"position\":2,\"name\":\"Bourses d&#8217;\u00e9tudes\"}]},{\"@type\":\"WebSite\",\"@id\":\"https:\/\/www.afs.ch\/fr\/#website\",\"url\":\"https:\/\/www.afs.ch\/fr\/\",\"name\":\"Interkulturelle Programme\",\"description\":\"Switzerland\",\"potentialAction\":[{\"@type\":\"SearchAction\",\"target\":{\"@type\":\"EntryPoint\",\"urlTemplate\":\"https:\/\/www.afs.ch\/fr\/?s={search_term_string}\"},\"query-input\":{\"@type\":\"PropertyValueSpecification\",\"valueRequired\":true,\"valueName\":\"search_term_string\"}}],\"inLanguage\":\"fr-FR\"}]}<\/script>\n<!-- \/ Yoast SEO plugin. -->","yoast_head_json":{"title":"Bourses d'\u00e9tudes - Intercultural Programs","robots":{"index":"index","follow":"follow","max-snippet":"max-snippet:-1","max-image-preview":"max-image-preview:large","max-video-preview":"max-video-preview:-1"},"canonical":"https:\/\/www.afs.ch\/fr\/bourses-detudes\/","og_locale":"fr_FR","og_type":"article","og_title":"Bourses d'\u00e9tudes - Intercultural Programs","og_description":"Diff\u00e9rents avantages ou variantes de bourses sont disponibles, en fonction du contexte personnel, culturel ou financier. AFS-Suisse se consacre au&hellip;","og_url":"https:\/\/www.afs.ch\/fr\/bourses-detudes\/","og_site_name":"Intercultural Programs","article_publisher":"https:\/\/www.facebook.com\/afsswitzerland\/","article_modified_time":"2025-12-16T15:43:07+00:00","og_image":[{"width":1200,"height":630,"url":"https:\/\/d22dvihj4pfop3.cloudfront.net\/wp-content\/uploads\/sites\/71\/2024\/10\/24122437\/AFS-Students-Participants-4-2-1200x630.jpg","type":"image\/jpeg"}],"twitter_card":"summary_large_image","twitter_site":"@afs_ch","twitter_misc":{"Est. reading time":"4 minutes"},"schema":{"@context":"https:\/\/schema.org","@graph":[{"@type":"WebPage","@id":"https:\/\/www.afs.ch\/fr\/bourses-detudes\/","url":"https:\/\/www.afs.ch\/fr\/bourses-detudes\/","name":"Bourses d'\u00e9tudes - Intercultural Programs","isPartOf":{"@id":"https:\/\/www.afs.ch\/fr\/#website"},"primaryImageOfPage":{"@id":"https:\/\/www.afs.ch\/fr\/bourses-detudes\/#primaryimage"},"image":{"@id":"https:\/\/www.afs.ch\/fr\/bourses-detudes\/#primaryimage"},"thumbnailUrl":"https:\/\/d22dvihj4pfop3.cloudfront.net\/wp-content\/uploads\/sites\/71\/2024\/10\/24122437\/AFS-Students-Participants-4-2.jpg","datePublished":"2016-08-25T10:28:32+00:00","dateModified":"2025-12-16T15:43:07+00:00","breadcrumb":{"@id":"https:\/\/www.afs.ch\/fr\/bourses-detudes\/#breadcrumb"},"inLanguage":"fr-FR","potentialAction":[{"@type":"ReadAction","target":["https:\/\/www.afs.ch\/fr\/bourses-detudes\/"]}]},{"@type":"ImageObject","inLanguage":"fr-FR","@id":"https:\/\/www.afs.ch\/fr\/bourses-detudes\/#primaryimage","url":"https:\/\/d22dvihj4pfop3.cloudfront.net\/wp-content\/uploads\/sites\/71\/2024\/10\/24122437\/AFS-Students-Participants-4-2.jpg","contentUrl":"https:\/\/d22dvihj4pfop3.cloudfront.net\/wp-content\/uploads\/sites\/71\/2024\/10\/24122437\/AFS-Students-Participants-4-2.jpg","width":2048,"height":1365},{"@type":"BreadcrumbList","@id":"https:\/\/www.afs.ch\/fr\/bourses-detudes\/#breadcrumb","itemListElement":[{"@type":"ListItem","position":1,"name":"Home","item":"https:\/\/switzerland.afssite.afs.org\/fr\/"},{"@type":"ListItem","position":2,"name":"Bourses d&#8217;\u00e9tudes"}]},{"@type":"WebSite","@id":"https:\/\/www.afs.ch\/fr\/#website","url":"https:\/\/www.afs.ch\/fr\/","name":"Interkulturelle Programme","description":"Switzerland","potentialAction":[{"@type":"SearchAction","target":{"@type":"EntryPoint","urlTemplate":"https:\/\/www.afs.ch\/fr\/?s={search_term_string}"},"query-input":{"@type":"PropertyValueSpecification","valueRequired":true,"valueName":"search_term_string"}}],"inLanguage":"fr-FR"}]}},"_links":{"self":[{"href":"https:\/\/www.afs.ch\/fr\/wp-json\/wp\/v2\/pages\/6818","targetHints":{"allow":["GET"]}}],"collection":[{"href":"https:\/\/www.afs.ch\/fr\/wp-json\/wp\/v2\/pages"}],"about":[{"href":"https:\/\/www.afs.ch\/fr\/wp-json\/wp\/v2\/types\/page"}],"author":[{"embeddable":true,"href":"https:\/\/www.afs.ch\/fr\/wp-json\/wp\/v2\/users\/373"}],"replies":[{"embeddable":true,"href":"https:\/\/www.afs.ch\/fr\/wp-json\/wp\/v2\/comments?post=6818"}],"version-history":[{"count":56,"href":"https:\/\/www.afs.ch\/fr\/wp-json\/wp\/v2\/pages\/6818\/revisions"}],"predecessor-version":[{"id":61429,"href":"https:\/\/www.afs.ch\/fr\/wp-json\/wp\/v2\/pages\/6818\/revisions\/61429"}],"wp:featuredmedia":[{"embeddable":true,"href":"https:\/\/www.afs.ch\/fr\/wp-json\/wp\/v2\/media\/58105"}],"wp:attachment":[{"href":"https:\/\/www.afs.ch\/fr\/wp-json\/wp\/v2\/media?parent=6818"}],"curies":[{"name":"wp","href":"https:\/\/api.w.org\/{rel}","templated":true}]}}