{"id":8572,"date":"2017-04-06T14:16:49","date_gmt":"2017-04-06T13:16:49","guid":{"rendered":"http:\/\/switzerland.afssite.afs.org\/fr\/gastfamilie-bei-afs\/gastfamilien-berichten\/"},"modified":"2018-08-16T13:54:42","modified_gmt":"2018-08-16T12:54:42","slug":"gastfamilien-berichten","status":"publish","type":"page","link":"https:\/\/www.afs.ch\/fr\/gastfamilien-berichten\/","title":{"rendered":"Schweizer Gastfamilien und ehemalige Gastsch\u00fcler aus der ganzen Welt berichten"},"content":{"rendered":"<p style=\"text-align: center\">Ob alleinerziehend, mit oder ohne Kinder, ob verheiratet oder alleinstehend, die Familienstruktur ist nicht entscheidend. Viel wichtiger sind Interesse an einer anderen Kultur und die Bereitschaft, einen jungen Menschen in der Schweiz\u00a0willkommen zu heissen, ihn in die Familie aufzunehmen\u00a0und hiesige Lebensweisen weiterzugeben.<\/p>\n","protected":false},"excerpt":{"rendered":"<p>Ob alleinerziehend, mit oder ohne Kinder, ob verheiratet oder alleinstehend, die Familienstruktur ist nicht entscheidend. Viel wichtiger sind Interesse an&hellip;<\/p>\n","protected":false},"author":230,"featured_media":0,"parent":0,"menu_order":5,"comment_status":"closed","ping_status":"closed","template":"","meta":{"footnotes":""},"class_list":["post-8572","page","type-page","status-publish","hentry"],"yoast_head":"<!-- This site is optimized with the Yoast SEO plugin v26.6 - https:\/\/yoast.com\/wordpress\/plugins\/seo\/ -->\n<title>Familles d\u2019accueil: S\u00e9jour linguistique et b\u00e9n\u00e9volat \u00e0 l&#039;\u00e9tranger<\/title>\n<meta name=\"description\" content=\"Nous sommes votre partenaire pour un \u00e9change scolaire, un s\u00e9jour linguistique et b\u00e9n\u00e9volat \u00e0 l&#039;\u00e9tranger.\" \/>\n<meta name=\"robots\" content=\"index, follow, max-snippet:-1, max-image-preview:large, max-video-preview:-1\" \/>\n<link rel=\"canonical\" href=\"https:\/\/www.afs.ch\/fr\/gastfamilien-berichten\/\" \/>\n<meta property=\"og:locale\" content=\"fr_FR\" \/>\n<meta property=\"og:type\" content=\"article\" \/>\n<meta property=\"og:title\" content=\"Familles d\u2019accueil: S\u00e9jour linguistique et b\u00e9n\u00e9volat \u00e0 l&#039;\u00e9tranger\" \/>\n<meta property=\"og:description\" content=\"Nous sommes votre partenaire pour un \u00e9change scolaire, un s\u00e9jour linguistique et b\u00e9n\u00e9volat \u00e0 l&#039;\u00e9tranger.\" \/>\n<meta property=\"og:url\" content=\"https:\/\/www.afs.ch\/fr\/gastfamilien-berichten\/\" \/>\n<meta property=\"og:site_name\" content=\"Intercultural Programs\" \/>\n<meta property=\"article:publisher\" content=\"https:\/\/www.facebook.com\/afsswitzerland\/\" \/>\n<meta property=\"article:modified_time\" content=\"2018-08-16T12:54:42+00:00\" \/>\n<meta name=\"twitter:card\" content=\"summary_large_image\" \/>\n<meta name=\"twitter:site\" content=\"@afs_ch\" \/>\n<script type=\"application\/ld+json\" class=\"yoast-schema-graph\">{\"@context\":\"https:\/\/schema.org\",\"@graph\":[{\"@type\":\"WebPage\",\"@id\":\"https:\/\/www.afs.ch\/fr\/gastfamilien-berichten\/\",\"url\":\"https:\/\/www.afs.ch\/fr\/gastfamilien-berichten\/\",\"name\":\"Familles d\u2019accueil: S\u00e9jour linguistique et b\u00e9n\u00e9volat \u00e0 l'\u00e9tranger\",\"isPartOf\":{\"@id\":\"https:\/\/www.afs.ch\/fr\/#website\"},\"datePublished\":\"2017-04-06T13:16:49+00:00\",\"dateModified\":\"2018-08-16T12:54:42+00:00\",\"description\":\"Nous sommes votre partenaire pour un \u00e9change scolaire, un s\u00e9jour linguistique et b\u00e9n\u00e9volat \u00e0 l'\u00e9tranger.\",\"breadcrumb\":{\"@id\":\"https:\/\/www.afs.ch\/fr\/gastfamilien-berichten\/#breadcrumb\"},\"inLanguage\":\"fr-FR\",\"potentialAction\":[{\"@type\":\"ReadAction\",\"target\":[\"https:\/\/www.afs.ch\/fr\/gastfamilien-berichten\/\"]}]},{\"@type\":\"BreadcrumbList\",\"@id\":\"https:\/\/www.afs.ch\/fr\/gastfamilien-berichten\/#breadcrumb\",\"itemListElement\":[{\"@type\":\"ListItem\",\"position\":1,\"name\":\"Home\",\"item\":\"https:\/\/switzerland.afssite.afs.org\/fr\/\"},{\"@type\":\"ListItem\",\"position\":2,\"name\":\"Schweizer Gastfamilien und ehemalige Gastsch\u00fcler aus der ganzen Welt berichten\"}]},{\"@type\":\"WebSite\",\"@id\":\"https:\/\/www.afs.ch\/fr\/#website\",\"url\":\"https:\/\/www.afs.ch\/fr\/\",\"name\":\"Interkulturelle Programme\",\"description\":\"Switzerland\",\"potentialAction\":[{\"@type\":\"SearchAction\",\"target\":{\"@type\":\"EntryPoint\",\"urlTemplate\":\"https:\/\/www.afs.ch\/fr\/?s={search_term_string}\"},\"query-input\":{\"@type\":\"PropertyValueSpecification\",\"valueRequired\":true,\"valueName\":\"search_term_string\"}}],\"inLanguage\":\"fr-FR\"}]}<\/script>\n<!-- \/ Yoast SEO plugin. -->","yoast_head_json":{"title":"Familles d\u2019accueil: S\u00e9jour linguistique et b\u00e9n\u00e9volat \u00e0 l'\u00e9tranger","description":"Nous sommes votre partenaire pour un \u00e9change scolaire, un s\u00e9jour linguistique et b\u00e9n\u00e9volat \u00e0 l'\u00e9tranger.","robots":{"index":"index","follow":"follow","max-snippet":"max-snippet:-1","max-image-preview":"max-image-preview:large","max-video-preview":"max-video-preview:-1"},"canonical":"https:\/\/www.afs.ch\/fr\/gastfamilien-berichten\/","og_locale":"fr_FR","og_type":"article","og_title":"Familles d\u2019accueil: S\u00e9jour linguistique et b\u00e9n\u00e9volat \u00e0 l'\u00e9tranger","og_description":"Nous sommes votre partenaire pour un \u00e9change scolaire, un s\u00e9jour linguistique et b\u00e9n\u00e9volat \u00e0 l'\u00e9tranger.","og_url":"https:\/\/www.afs.ch\/fr\/gastfamilien-berichten\/","og_site_name":"Intercultural Programs","article_publisher":"https:\/\/www.facebook.com\/afsswitzerland\/","article_modified_time":"2018-08-16T12:54:42+00:00","twitter_card":"summary_large_image","twitter_site":"@afs_ch","schema":{"@context":"https:\/\/schema.org","@graph":[{"@type":"WebPage","@id":"https:\/\/www.afs.ch\/fr\/gastfamilien-berichten\/","url":"https:\/\/www.afs.ch\/fr\/gastfamilien-berichten\/","name":"Familles d\u2019accueil: S\u00e9jour linguistique et b\u00e9n\u00e9volat \u00e0 l'\u00e9tranger","isPartOf":{"@id":"https:\/\/www.afs.ch\/fr\/#website"},"datePublished":"2017-04-06T13:16:49+00:00","dateModified":"2018-08-16T12:54:42+00:00","description":"Nous sommes votre partenaire pour un \u00e9change scolaire, un s\u00e9jour linguistique et b\u00e9n\u00e9volat \u00e0 l'\u00e9tranger.","breadcrumb":{"@id":"https:\/\/www.afs.ch\/fr\/gastfamilien-berichten\/#breadcrumb"},"inLanguage":"fr-FR","potentialAction":[{"@type":"ReadAction","target":["https:\/\/www.afs.ch\/fr\/gastfamilien-berichten\/"]}]},{"@type":"BreadcrumbList","@id":"https:\/\/www.afs.ch\/fr\/gastfamilien-berichten\/#breadcrumb","itemListElement":[{"@type":"ListItem","position":1,"name":"Home","item":"https:\/\/switzerland.afssite.afs.org\/fr\/"},{"@type":"ListItem","position":2,"name":"Schweizer Gastfamilien und ehemalige Gastsch\u00fcler aus der ganzen Welt berichten"}]},{"@type":"WebSite","@id":"https:\/\/www.afs.ch\/fr\/#website","url":"https:\/\/www.afs.ch\/fr\/","name":"Interkulturelle Programme","description":"Switzerland","potentialAction":[{"@type":"SearchAction","target":{"@type":"EntryPoint","urlTemplate":"https:\/\/www.afs.ch\/fr\/?s={search_term_string}"},"query-input":{"@type":"PropertyValueSpecification","valueRequired":true,"valueName":"search_term_string"}}],"inLanguage":"fr-FR"}]}},"_links":{"self":[{"href":"https:\/\/www.afs.ch\/fr\/wp-json\/wp\/v2\/pages\/8572","targetHints":{"allow":["GET"]}}],"collection":[{"href":"https:\/\/www.afs.ch\/fr\/wp-json\/wp\/v2\/pages"}],"about":[{"href":"https:\/\/www.afs.ch\/fr\/wp-json\/wp\/v2\/types\/page"}],"author":[{"embeddable":true,"href":"https:\/\/www.afs.ch\/fr\/wp-json\/wp\/v2\/users\/230"}],"replies":[{"embeddable":true,"href":"https:\/\/www.afs.ch\/fr\/wp-json\/wp\/v2\/comments?post=8572"}],"version-history":[{"count":4,"href":"https:\/\/www.afs.ch\/fr\/wp-json\/wp\/v2\/pages\/8572\/revisions"}],"predecessor-version":[{"id":27345,"href":"https:\/\/www.afs.ch\/fr\/wp-json\/wp\/v2\/pages\/8572\/revisions\/27345"}],"wp:attachment":[{"href":"https:\/\/www.afs.ch\/fr\/wp-json\/wp\/v2\/media?parent=8572"}],"curies":[{"name":"wp","href":"https:\/\/api.w.org\/{rel}","templated":true}]}}