{"id":19591,"date":"2016-08-25T10:28:32","date_gmt":"2016-08-25T10:28:32","guid":{"rendered":"http:\/\/switzerland.afssite.afs.org\/it\/scholarships\/"},"modified":"2025-09-11T07:46:47","modified_gmt":"2025-09-11T06:46:47","slug":"brose-di-studio","status":"publish","type":"page","link":"https:\/\/www.afs.ch\/it\/brose-di-studio\/","title":{"rendered":"Borse di studio"},"content":{"rendered":"<p><span data-sheets-root=\"1\">Sono disponibili diverse agevolazioni o borse di studio, a seconda del background personale, culturale o finanziario.<\/span><\/p>\n<p><span data-sheets-root=\"1\">AFS Svizzera si impegna a sostenere i candidati LGBTQIA+ che desiderano diventare cittadini globali e rendere il mondo pi\u00f9 giusto e pacifico.<\/span><\/p>\n<h3><\/h3>\n<p>&nbsp;<\/p>\n<h3><span data-sheets-root=\"1\">Borse di studio &#8220;classiche&#8221;<\/span><\/h3>\n<p><span data-sheets-root=\"1\">AFS si \u00e8 posta l&#8217;obiettivo di offrire a tutti i giovani la stessa possibilit\u00e0 di vivere un&#8217;avventura di scambio, indipendentemente dalla loro situazione finanziaria. Per questo abbiamo istituito un programma di borse di studio che copre dal 50 all&#8217;80% del costo totale dello scambio scolastico.<\/span><\/p>\n<h5 style=\"text-align: left;\"><span data-sheets-root=\"1\">Criteri di assegnazione<\/span><\/h5>\n<p><span data-sheets-root=\"1\">L&#8217;AFS ha definito i seguenti criteri, che devono essere soddisfatti prima di poter richiedere una borsa di studio:<\/span><\/p>\n<ul>\n<li><span data-sheets-root=\"1\">Finanze: dimostrare che i mezzi finanziari disponibili non sono sufficienti.<\/span><\/li>\n<li><span data-sheets-root=\"1\">Scelta del Paese: solo alcune destinazioni sono autorizzate a ricevere una borsa di studio.<\/span><\/li>\n<\/ul>\n<p style=\"padding-left: 40px;\"><a class=\"cta arrow-right\" href=\"https:\/\/www.afs.ch\/it\/study-abroad\/countries\/\">Tutti i paesi<\/a><\/p>\n<ul>\n<li><span data-sheets-root=\"1\">Scelta del programma: solo i programmi annuali e semestrali possono ricevere una borsa di studio, i programmi brevi sono esclusi.<\/span><\/li>\n<\/ul>\n<h5 style=\"text-align: left;\"><span data-sheets-root=\"1\">Accordo di borsa di studio<\/span><\/h5>\n<p><span data-sheets-root=\"1\">Come parte della borsa di studio, siete tenuti a fornire determinati servizi:<\/span><\/p>\n<ul>\n<li style=\"list-style-type: none;\">\n<ul>\n<li>Relazioni periodiche durante lo scambio studentesco e\/o<\/li>\n<li><span data-sheets-root=\"1\">Attivit\u00e0 di volontariato dopo il programma AFS.<\/span><\/li>\n<\/ul>\n<\/li>\n<\/ul>\n<h3><a class=\"button outline\" href=\"mailto:fabio.mang@afs.org\"><span data-sheets-root=\"1\">Contattateci<\/span><\/a><\/h3>\n<p>&nbsp;<\/p>\n<h3 style=\"text-align: left;\"><span data-sheets-root=\"1\">Destinazione sconosciuta<\/span><\/h3>\n<p><span data-sheets-root=\"1\">Questo programma di borse di studio \u00e8 rivolto a tutti i giovani che vogliono mettere alla prova la loro apertura e la loro sete di avventura. La destinazione rimane sconosciuta fino a poco prima della partenza. Tuttavia, durante i mesi di preparazione riceverete diversi suggerimenti sulla vostra destinazione per mantenere le cose eccitanti! Il programma riflette la convinzione che un&#8217;esperienza di scambio sia un&#8217;esperienza di apprendimento ricca e non legata a un paese specifico. Con molta apertura e pochi preconcetti, anche per voi sar\u00e0 pi\u00f9 facile adattarvi al nuovo ambiente. \u00c8 possibile scegliere tra un semestre o un anno scolastico. I costi del programma sono pi\u00f9 bassi del solito, poich\u00e9 una parte \u00e8 coperta dal fondo per le borse di studio AFS. La vostra motivazione \u00e8 il criterio pi\u00f9 importante per la vostra candidatura e sar\u00e0 verificata attentamente.<\/span><\/p>\n<p><a class=\"button outline\" href=\"https:\/\/www.afs.ch\/countries\/destination-unknown\/\">Destinazione sconosciuta\u00a0<\/a><\/p>\n<p>&nbsp;<\/p>\n<h3><span data-sheets-root=\"1\">Borsa di studio USA per l&#8217;estate 2025<\/span><\/h3>\n<p><span data-sheets-root=\"1\">Sognate un programma di scambio in una scuola superiore negli Stati Uniti, ma le vostre possibilit\u00e0 finanziarie sono limitate? Siete motivati e volete fare la differenza nel mondo? Allora contattateci! Offriamo una borsa di studio completa per gli Stati Uniti per l&#8217;estate 2025.<\/span><\/p>\n<p><span data-sheets-root=\"1\">Tutte le candidature devono dimostrare di non avere mezzi finanziari sufficienti e includere una lettera di motivazione. Durante lo scambio \u00e8 prevista la presentazione di relazioni periodiche e, al ritorno, un&#8217;attivit\u00e0 di volontariato per AFS.<\/span><\/p>\n<p><span data-sheets-root=\"1\">Questa borsa di studio \u00e8 stata istituita da un ex-alunno attivo degli USA &#8217;63. Egli, insieme ad altri ex-alunni, ha deciso di partecipare a questa iniziativa: Egli, insieme ad altri ex alunni di quella classe, ha raccolto i fondi per l&#8217;intera borsa di studio per gli USA! Questo gruppo di benefattori seguir\u00e0 la copertura anche durante lo scambio.<\/span><\/p>\n<p><a class=\"button outline\" href=\"mailto:sendingadmission@afs.ch\"><span data-sheets-root=\"1\">Contattateci<\/span><\/a><\/p>\n<p>&nbsp;<\/p>\n<h3><\/h3>\n","protected":false},"excerpt":{"rendered":"<p>Sono disponibili diverse agevolazioni o borse di studio, a seconda del background personale, culturale o finanziario. AFS Svizzera si impegna&hellip;<\/p>\n","protected":false},"author":1581,"featured_media":58106,"parent":0,"menu_order":7,"comment_status":"closed","ping_status":"closed","template":"","meta":{"footnotes":""},"class_list":["post-19591","page","type-page","status-publish","has-post-thumbnail","hentry"],"yoast_head":"<!-- This site is optimized with the Yoast SEO plugin v26.6 - https:\/\/yoast.com\/wordpress\/plugins\/seo\/ -->\n<title>Stipendienprogramme AFS<\/title>\n<meta name=\"description\" content=\"Dank den AFS Stipendienprogrammen hat jeder, unabh\u00e4ngig der finanziellen Lage, die M\u00f6glichkeit ein Austauschabenteuer zu erleben.\" \/>\n<meta name=\"robots\" content=\"index, follow, max-snippet:-1, max-image-preview:large, max-video-preview:-1\" \/>\n<link rel=\"canonical\" href=\"https:\/\/www.afs.ch\/it\/brose-di-studio\/\" \/>\n<meta property=\"og:locale\" content=\"it_IT\" \/>\n<meta property=\"og:type\" content=\"article\" \/>\n<meta property=\"og:title\" content=\"Stipendienprogramme AFS\" \/>\n<meta property=\"og:description\" content=\"Dank den AFS Stipendienprogrammen hat jeder, unabh\u00e4ngig der finanziellen Lage, die M\u00f6glichkeit ein Austauschabenteuer zu erleben.\" \/>\n<meta property=\"og:url\" content=\"https:\/\/www.afs.ch\/it\/brose-di-studio\/\" \/>\n<meta property=\"og:site_name\" content=\"Intercultural Programs\" \/>\n<meta property=\"article:publisher\" content=\"https:\/\/www.facebook.com\/afsswitzerland\/\" \/>\n<meta property=\"article:modified_time\" content=\"2025-09-11T06:46:47+00:00\" \/>\n<meta property=\"og:image\" content=\"https:\/\/d22dvihj4pfop3.cloudfront.net\/wp-content\/uploads\/sites\/71\/2024\/10\/24122437\/AFS-Students-Participants-4-2-1200x630.jpg\" \/>\n\t<meta property=\"og:image:width\" content=\"1200\" \/>\n\t<meta property=\"og:image:height\" content=\"630\" \/>\n\t<meta property=\"og:image:type\" content=\"image\/jpeg\" \/>\n<meta name=\"twitter:card\" content=\"summary_large_image\" \/>\n<meta name=\"twitter:site\" content=\"@afs_ch\" \/>\n<meta name=\"twitter:label1\" content=\"Est. reading time\" \/>\n\t<meta name=\"twitter:data1\" content=\"4 minutes\" \/>\n<script type=\"application\/ld+json\" class=\"yoast-schema-graph\">{\"@context\":\"https:\/\/schema.org\",\"@graph\":[{\"@type\":\"WebPage\",\"@id\":\"https:\/\/www.afs.ch\/it\/brose-di-studio\/\",\"url\":\"https:\/\/www.afs.ch\/it\/brose-di-studio\/\",\"name\":\"Stipendienprogramme AFS\",\"isPartOf\":{\"@id\":\"https:\/\/www.afs.ch\/it\/#website\"},\"primaryImageOfPage\":{\"@id\":\"https:\/\/www.afs.ch\/it\/brose-di-studio\/#primaryimage\"},\"image\":{\"@id\":\"https:\/\/www.afs.ch\/it\/brose-di-studio\/#primaryimage\"},\"thumbnailUrl\":\"https:\/\/d22dvihj4pfop3.cloudfront.net\/wp-content\/uploads\/sites\/71\/2024\/10\/24122437\/AFS-Students-Participants-4-2.jpg\",\"datePublished\":\"2016-08-25T10:28:32+00:00\",\"dateModified\":\"2025-09-11T06:46:47+00:00\",\"description\":\"Dank den AFS Stipendienprogrammen hat jeder, unabh\u00e4ngig der finanziellen Lage, die M\u00f6glichkeit ein Austauschabenteuer zu erleben.\",\"breadcrumb\":{\"@id\":\"https:\/\/www.afs.ch\/it\/brose-di-studio\/#breadcrumb\"},\"inLanguage\":\"it-IT\",\"potentialAction\":[{\"@type\":\"ReadAction\",\"target\":[\"https:\/\/www.afs.ch\/it\/brose-di-studio\/\"]}]},{\"@type\":\"ImageObject\",\"inLanguage\":\"it-IT\",\"@id\":\"https:\/\/www.afs.ch\/it\/brose-di-studio\/#primaryimage\",\"url\":\"https:\/\/d22dvihj4pfop3.cloudfront.net\/wp-content\/uploads\/sites\/71\/2024\/10\/24122437\/AFS-Students-Participants-4-2.jpg\",\"contentUrl\":\"https:\/\/d22dvihj4pfop3.cloudfront.net\/wp-content\/uploads\/sites\/71\/2024\/10\/24122437\/AFS-Students-Participants-4-2.jpg\",\"width\":2048,\"height\":1365},{\"@type\":\"BreadcrumbList\",\"@id\":\"https:\/\/www.afs.ch\/it\/brose-di-studio\/#breadcrumb\",\"itemListElement\":[{\"@type\":\"ListItem\",\"position\":1,\"name\":\"Home\",\"item\":\"https:\/\/switzerland.afssite.afs.org\/it\/\"},{\"@type\":\"ListItem\",\"position\":2,\"name\":\"Borse di studio\"}]},{\"@type\":\"WebSite\",\"@id\":\"https:\/\/www.afs.ch\/it\/#website\",\"url\":\"https:\/\/www.afs.ch\/it\/\",\"name\":\"Interkulturelle Programme\",\"description\":\"Switzerland\",\"potentialAction\":[{\"@type\":\"SearchAction\",\"target\":{\"@type\":\"EntryPoint\",\"urlTemplate\":\"https:\/\/www.afs.ch\/it\/?s={search_term_string}\"},\"query-input\":{\"@type\":\"PropertyValueSpecification\",\"valueRequired\":true,\"valueName\":\"search_term_string\"}}],\"inLanguage\":\"it-IT\"}]}<\/script>\n<!-- \/ Yoast SEO plugin. -->","yoast_head_json":{"title":"Stipendienprogramme AFS","description":"Dank den AFS Stipendienprogrammen hat jeder, unabh\u00e4ngig der finanziellen Lage, die M\u00f6glichkeit ein Austauschabenteuer zu erleben.","robots":{"index":"index","follow":"follow","max-snippet":"max-snippet:-1","max-image-preview":"max-image-preview:large","max-video-preview":"max-video-preview:-1"},"canonical":"https:\/\/www.afs.ch\/it\/brose-di-studio\/","og_locale":"it_IT","og_type":"article","og_title":"Stipendienprogramme AFS","og_description":"Dank den AFS Stipendienprogrammen hat jeder, unabh\u00e4ngig der finanziellen Lage, die M\u00f6glichkeit ein Austauschabenteuer zu erleben.","og_url":"https:\/\/www.afs.ch\/it\/brose-di-studio\/","og_site_name":"Intercultural Programs","article_publisher":"https:\/\/www.facebook.com\/afsswitzerland\/","article_modified_time":"2025-09-11T06:46:47+00:00","og_image":[{"width":1200,"height":630,"url":"https:\/\/d22dvihj4pfop3.cloudfront.net\/wp-content\/uploads\/sites\/71\/2024\/10\/24122437\/AFS-Students-Participants-4-2-1200x630.jpg","type":"image\/jpeg"}],"twitter_card":"summary_large_image","twitter_site":"@afs_ch","twitter_misc":{"Est. reading time":"4 minutes"},"schema":{"@context":"https:\/\/schema.org","@graph":[{"@type":"WebPage","@id":"https:\/\/www.afs.ch\/it\/brose-di-studio\/","url":"https:\/\/www.afs.ch\/it\/brose-di-studio\/","name":"Stipendienprogramme AFS","isPartOf":{"@id":"https:\/\/www.afs.ch\/it\/#website"},"primaryImageOfPage":{"@id":"https:\/\/www.afs.ch\/it\/brose-di-studio\/#primaryimage"},"image":{"@id":"https:\/\/www.afs.ch\/it\/brose-di-studio\/#primaryimage"},"thumbnailUrl":"https:\/\/d22dvihj4pfop3.cloudfront.net\/wp-content\/uploads\/sites\/71\/2024\/10\/24122437\/AFS-Students-Participants-4-2.jpg","datePublished":"2016-08-25T10:28:32+00:00","dateModified":"2025-09-11T06:46:47+00:00","description":"Dank den AFS Stipendienprogrammen hat jeder, unabh\u00e4ngig der finanziellen Lage, die M\u00f6glichkeit ein Austauschabenteuer zu erleben.","breadcrumb":{"@id":"https:\/\/www.afs.ch\/it\/brose-di-studio\/#breadcrumb"},"inLanguage":"it-IT","potentialAction":[{"@type":"ReadAction","target":["https:\/\/www.afs.ch\/it\/brose-di-studio\/"]}]},{"@type":"ImageObject","inLanguage":"it-IT","@id":"https:\/\/www.afs.ch\/it\/brose-di-studio\/#primaryimage","url":"https:\/\/d22dvihj4pfop3.cloudfront.net\/wp-content\/uploads\/sites\/71\/2024\/10\/24122437\/AFS-Students-Participants-4-2.jpg","contentUrl":"https:\/\/d22dvihj4pfop3.cloudfront.net\/wp-content\/uploads\/sites\/71\/2024\/10\/24122437\/AFS-Students-Participants-4-2.jpg","width":2048,"height":1365},{"@type":"BreadcrumbList","@id":"https:\/\/www.afs.ch\/it\/brose-di-studio\/#breadcrumb","itemListElement":[{"@type":"ListItem","position":1,"name":"Home","item":"https:\/\/switzerland.afssite.afs.org\/it\/"},{"@type":"ListItem","position":2,"name":"Borse di studio"}]},{"@type":"WebSite","@id":"https:\/\/www.afs.ch\/it\/#website","url":"https:\/\/www.afs.ch\/it\/","name":"Interkulturelle Programme","description":"Switzerland","potentialAction":[{"@type":"SearchAction","target":{"@type":"EntryPoint","urlTemplate":"https:\/\/www.afs.ch\/it\/?s={search_term_string}"},"query-input":{"@type":"PropertyValueSpecification","valueRequired":true,"valueName":"search_term_string"}}],"inLanguage":"it-IT"}]}},"_links":{"self":[{"href":"https:\/\/www.afs.ch\/it\/wp-json\/wp\/v2\/pages\/19591","targetHints":{"allow":["GET"]}}],"collection":[{"href":"https:\/\/www.afs.ch\/it\/wp-json\/wp\/v2\/pages"}],"about":[{"href":"https:\/\/www.afs.ch\/it\/wp-json\/wp\/v2\/types\/page"}],"author":[{"embeddable":true,"href":"https:\/\/www.afs.ch\/it\/wp-json\/wp\/v2\/users\/1581"}],"replies":[{"embeddable":true,"href":"https:\/\/www.afs.ch\/it\/wp-json\/wp\/v2\/comments?post=19591"}],"version-history":[{"count":15,"href":"https:\/\/www.afs.ch\/it\/wp-json\/wp\/v2\/pages\/19591\/revisions"}],"predecessor-version":[{"id":60874,"href":"https:\/\/www.afs.ch\/it\/wp-json\/wp\/v2\/pages\/19591\/revisions\/60874"}],"wp:featuredmedia":[{"embeddable":true,"href":"https:\/\/www.afs.ch\/it\/wp-json\/wp\/v2\/media\/58106"}],"wp:attachment":[{"href":"https:\/\/www.afs.ch\/it\/wp-json\/wp\/v2\/media?parent=19591"}],"curies":[{"name":"wp","href":"https:\/\/api.w.org\/{rel}","templated":true}]}}